{"id":770723,"date":"2025-08-28T14:40:57","date_gmt":"2025-08-28T11:40:57","guid":{"rendered":"https:\/\/roveyayinevi.com.tr\/index.php\/urun\/yakamoz\/"},"modified":"2026-04-15T03:37:09","modified_gmt":"2026-04-15T00:37:09","slug":"yakamoz","status":"publish","type":"product","link":"https:\/\/roveyayinevi.com.tr\/index.php\/urun\/yakamoz\/","title":{"rendered":"Yakamoz"},"content":{"rendered":"<p>NAS\u0130HAT *S\u0131rr\u0131n\u0131 a\u00e7ma kimseye ama her \u015feyini de gizleme *Allah r\u0131zas\u0131 i\u00e7in yap her iyili\u011fi, sana yap\u0131lan k\u00f6t\u00fcl\u00fc\u011f\u00fc de unut *Ba\u015fkas\u0131n\u0131n mutlulu\u011fundan kendine pay \u00e7\u0131kar. *Konu\u015fmadan \u00f6nce d\u00fc\u015f\u00fcn s\u00f6yleyeceklerini *A\u015f\u0131r\u0131 gitme hep orta yolu se\u00e7, her i\u015finde d\u00fczenli ol, hayat\u0131 sade ya\u015fa *Planl\u0131 ol ama planl\u0131 ya\u015fama *Bol bol hayaller kur, umut etmekten hi\u00e7 vazge\u00e7me *Olaylara olumlu y\u00f6nden bak ama ne \u00e7ok g\u00fcl nede somurt *Kimsenin hakk\u0131na girme, kendi hakk\u0131n\u0131 da unutma *Zarar g\u00f6rsen bile pi\u015fman olaca\u011f\u0131n \u015feylerden uzak dur *Zaman\u0131nda, ama az uyu erken kalk *Az ama faydal\u0131 olan \u015feyler ye, az ama faydal\u0131 olan \u015feyler konu\u015f *Vaktini bo\u015fa harcama, y\u00fcr\u00fc, gez fazla oturma *\u0130nsanlarla ileti\u015fim halinde ol ama genelde yaln\u0131zl\u0131\u011f\u0131 se\u00e7 *Ge\u00e7mi\u015fi unutma, bug\u00fcn\u00fc ya\u015fa ama yar\u0131n\u0131 hat\u0131rla *Ba\u015fkalar\u0131n\u0131n kusurlar\u0131n\u0131 g\u00f6rme ve konu\u015fma her zaman g\u00fcler y\u00fczl\u00fc ol *Canavardan ka\u00e7t\u0131\u011f\u0131n gibi g\u00f6steri\u015ften ka\u00e7 *Sen ba\u015fkalar\u0131ndan farkl\u0131 ol Unutma fark\u0131 fark eden farkl\u0131 insanlard\u0131r\u2026 <\/p>\n","protected":false},"excerpt":{"rendered":"<p>NAS\u0130HAT *S\u0131rr\u0131n\u0131 a\u00e7ma kimseye ama her \u015feyini de gizleme *Allah r\u0131zas\u0131 i\u00e7in yap her iyili\u011fi, sana yap\u0131lan k\u00f6t\u00fcl\u00fc\u011f\u00fc de unut *Ba\u015fkas\u0131n\u0131n mutlulu\u011fundan kendine pay \u00e7\u0131kar. *Konu\u015fmadan<span class=\"excerpt-hellip\"> [\u2026]<\/span><\/p>\n","protected":false},"featured_media":0,"template":"","meta":{"_monsterinsights_skip_tracking":false,"_monsterinsights_sitenote_active":false,"_monsterinsights_sitenote_note":"","_monsterinsights_sitenote_category":0},"product_brand":[],"product_cat":[12291,12509],"product_tag":[],"class_list":{"0":"post-770723","1":"product","2":"type-product","3":"status-publish","5":"product_cat-edebiyat","6":"product_cat-siir","7":"pa_cilt-ciltsiz","8":"pa_tur-kitap","9":"pa_yayinevi-vaveyla-yayincilik","10":"pa_yazar-zeki-kilavuz","12":"first","13":"instock","14":"sale","15":"shipping-taxable","16":"purchasable","17":"product-type-simple"},"_links":{"self":[{"href":"https:\/\/roveyayinevi.com.tr\/index.php\/wp-json\/wp\/v2\/product\/770723","targetHints":{"allow":["GET"]}}],"collection":[{"href":"https:\/\/roveyayinevi.com.tr\/index.php\/wp-json\/wp\/v2\/product"}],"about":[{"href":"https:\/\/roveyayinevi.com.tr\/index.php\/wp-json\/wp\/v2\/types\/product"}],"wp:attachment":[{"href":"https:\/\/roveyayinevi.com.tr\/index.php\/wp-json\/wp\/v2\/media?parent=770723"}],"wp:term":[{"taxonomy":"product_brand","embeddable":true,"href":"https:\/\/roveyayinevi.com.tr\/index.php\/wp-json\/wp\/v2\/product_brand?post=770723"},{"taxonomy":"product_cat","embeddable":true,"href":"https:\/\/roveyayinevi.com.tr\/index.php\/wp-json\/wp\/v2\/product_cat?post=770723"},{"taxonomy":"product_tag","embeddable":true,"href":"https:\/\/roveyayinevi.com.tr\/index.php\/wp-json\/wp\/v2\/product_tag?post=770723"}],"curies":[{"name":"wp","href":"https:\/\/api.w.org\/{rel}","templated":true}]}}