{"id":770721,"date":"2025-08-28T14:40:53","date_gmt":"2025-08-28T11:40:53","guid":{"rendered":"https:\/\/roveyayinevi.com.tr\/index.php\/urun\/melike\/"},"modified":"2026-04-15T03:37:09","modified_gmt":"2026-04-15T00:37:09","slug":"melike","status":"publish","type":"product","link":"https:\/\/roveyayinevi.com.tr\/index.php\/urun\/melike\/","title":{"rendered":"Melike"},"content":{"rendered":"<p>Se\u00e7imler sadece bir karar de\u011fildir. Se\u00e7imlerimiz kaderimiz olur. \u015eimdi Melike de hayat\u0131n kaderini \u015fekillendirmek \u00fczere ona sundu\u011fu yollar\u0131n kesi\u015fiminde duruyor. A\u015fk ve ihti\u015fam, tutku ve mant\u0131k, \u00f6zg\u00fcrl\u00fck ve ba\u011f\u0131ml\u0131l\u0131k\u2026 Acaba Melike\u2019nin kula\u011f\u0131na f\u0131s\u0131ldanan s\u00f6zler, hayat\u0131n ona sundu\u011fu f\u0131rsatlar, a\u015fk\u0131 kaderin sundu\u011fu tek se\u00e7enek olmaktan \u00e7\u0131karacak m\u0131? Melike\u2026 G\u00fczelli\u011fiyle g\u00f6renleri b\u00fcy\u00fcleyen, m\u00fctevaz\u0131 bir mahallede b\u00fcy\u00fck hayaller kuran gen\u00e7 bir k\u0131z. Bir kalbin pe\u015finden mi gitmeli, yoksa akl\u0131n sesine mi kulak vermeli? Zenginlik u\u011fruna \u00f6denen bedeller, a\u015fk\u0131n de\u011fi\u015fen y\u00fczleri ve bir kad\u0131n\u0131n kendi yolunu bulma hik\u00e2yesi\u2026 Melike, sizi tutkulu bir ser\u00fcvene davet ediyor. Se\u00e7imlerinin g\u00f6lgesinde kalan hayatlara tan\u0131k olacak, bir kad\u0131n\u0131n kendini ke\u015ffetme yolculu\u011funa e\u015flik edeceksin. Acaba Melike yanl\u0131\u015f se\u00e7im mi yapm\u0131\u015ft\u0131? Do\u011fru olan se\u00e7im neydi? Peki insan a\u015f\u0131k m\u0131 yoksa seviyor mu nas\u0131l anlard\u0131, bu duygular nas\u0131l ay\u0131rt edilirdi ki? Bu kolay de\u011fildi \u00e7\u00fcnk\u00fc herkesin sevgi kriteri farkl\u0131yd\u0131. Evet kimse d\u00f6rt d\u00f6rtl\u00fck de\u011fildi, herkesin art\u0131lar\u0131 ve eksileri vard\u0131&#8230; M\u00fchim olan eksileri bizim ne kadar tolere edip edemeyece\u011fimizde sakl\u0131yd\u0131&#8230; Melike bunlar\u0131 d\u00fc\u015f\u00fcn\u00fcrken bir s\u0131rr\u0131 ke\u015ffetmi\u015f gibi g\u00fcl\u00fcmsedi\u2026 <\/p>\n","protected":false},"excerpt":{"rendered":"<p>Se\u00e7imler sadece bir karar de\u011fildir. Se\u00e7imlerimiz kaderimiz olur. \u015eimdi Melike de hayat\u0131n kaderini \u015fekillendirmek \u00fczere ona sundu\u011fu yollar\u0131n kesi\u015fiminde duruyor. A\u015fk ve ihti\u015fam, tutku ve mant\u0131k,<span class=\"excerpt-hellip\"> [\u2026]<\/span><\/p>\n","protected":false},"featured_media":0,"template":"","meta":{"_monsterinsights_skip_tracking":false,"_monsterinsights_sitenote_active":false,"_monsterinsights_sitenote_note":"","_monsterinsights_sitenote_category":0},"product_brand":[],"product_cat":[12291,12711],"product_tag":[],"class_list":{"0":"post-770721","1":"product","2":"type-product","3":"status-publish","5":"product_cat-edebiyat","6":"product_cat-roman-oyku","7":"pa_cilt-ciltsiz","8":"pa_tur-kitap","9":"pa_yayinevi-kitap-muptelasi-yayinlari","10":"pa_yazar-ozlem-saylan","12":"first","13":"instock","14":"sale","15":"shipping-taxable","16":"purchasable","17":"product-type-simple"},"_links":{"self":[{"href":"https:\/\/roveyayinevi.com.tr\/index.php\/wp-json\/wp\/v2\/product\/770721","targetHints":{"allow":["GET"]}}],"collection":[{"href":"https:\/\/roveyayinevi.com.tr\/index.php\/wp-json\/wp\/v2\/product"}],"about":[{"href":"https:\/\/roveyayinevi.com.tr\/index.php\/wp-json\/wp\/v2\/types\/product"}],"wp:attachment":[{"href":"https:\/\/roveyayinevi.com.tr\/index.php\/wp-json\/wp\/v2\/media?parent=770721"}],"wp:term":[{"taxonomy":"product_brand","embeddable":true,"href":"https:\/\/roveyayinevi.com.tr\/index.php\/wp-json\/wp\/v2\/product_brand?post=770721"},{"taxonomy":"product_cat","embeddable":true,"href":"https:\/\/roveyayinevi.com.tr\/index.php\/wp-json\/wp\/v2\/product_cat?post=770721"},{"taxonomy":"product_tag","embeddable":true,"href":"https:\/\/roveyayinevi.com.tr\/index.php\/wp-json\/wp\/v2\/product_tag?post=770721"}],"curies":[{"name":"wp","href":"https:\/\/api.w.org\/{rel}","templated":true}]}}