{"id":770720,"date":"2025-08-28T14:40:50","date_gmt":"2025-08-28T11:40:50","guid":{"rendered":"https:\/\/roveyayinevi.com.tr\/index.php\/urun\/xewnen-di-hundire-min-de\/"},"modified":"2026-04-15T03:37:09","modified_gmt":"2026-04-15T00:37:09","slug":"xewnen-di-hundire-min-de","status":"publish","type":"product","link":"https:\/\/roveyayinevi.com.tr\/index.php\/urun\/xewnen-di-hundire-min-de\/","title":{"rendered":"Xewnen Di Hundire Min De"},"content":{"rendered":"<p>Xewn\u00ean di hundur\u00ea min de, Serp\u00eahatiy\u00ean razdar. Bi qas\u00ee st\u00eark\u00ean li ezman, Pir \u00fb ge\u015f.   Carinan leheng\u00ea \u00e7\u00eerokan, Carinan r\u00eaw\u00eetiya ke\u015ff\u00ea. R\u00eaw\u00eetiyek ve\u015fart\u00ee, Baweriya di hundur\u00ea min de.   Xewn\u00ean di hundur\u00ea min de Ji rastiy\u00ea derbas dibin. Reng bi reng, W\u00eaneyek\u00ee hestan x\u00eaz dikin. <\/p>\n","protected":false},"excerpt":{"rendered":"<p>Xewn\u00ean di hundur\u00ea min de, Serp\u00eahatiy\u00ean razdar. Bi qas\u00ee st\u00eark\u00ean li ezman, Pir \u00fb ge\u015f. Carinan leheng\u00ea \u00e7\u00eerokan, Carinan r\u00eaw\u00eetiya ke\u015ff\u00ea. R\u00eaw\u00eetiyek ve\u015fart\u00ee, Baweriya di hundur\u00ea<span class=\"excerpt-hellip\"> [\u2026]<\/span><\/p>\n","protected":false},"featured_media":0,"template":"","meta":{"_monsterinsights_skip_tracking":false,"_monsterinsights_sitenote_active":false,"_monsterinsights_sitenote_note":"","_monsterinsights_sitenote_category":0},"product_brand":[],"product_cat":[12291,12509],"product_tag":[],"class_list":{"0":"post-770720","1":"product","2":"type-product","3":"status-publish","5":"product_cat-edebiyat","6":"product_cat-siir","7":"pa_cilt-ciltsiz","8":"pa_tur-kitap","9":"pa_yayinevi-sinirsiz-kitap","10":"pa_yazar-arslan-ozdemir","12":"first","13":"instock","14":"sale","15":"shipping-taxable","16":"purchasable","17":"product-type-simple"},"_links":{"self":[{"href":"https:\/\/roveyayinevi.com.tr\/index.php\/wp-json\/wp\/v2\/product\/770720","targetHints":{"allow":["GET"]}}],"collection":[{"href":"https:\/\/roveyayinevi.com.tr\/index.php\/wp-json\/wp\/v2\/product"}],"about":[{"href":"https:\/\/roveyayinevi.com.tr\/index.php\/wp-json\/wp\/v2\/types\/product"}],"wp:attachment":[{"href":"https:\/\/roveyayinevi.com.tr\/index.php\/wp-json\/wp\/v2\/media?parent=770720"}],"wp:term":[{"taxonomy":"product_brand","embeddable":true,"href":"https:\/\/roveyayinevi.com.tr\/index.php\/wp-json\/wp\/v2\/product_brand?post=770720"},{"taxonomy":"product_cat","embeddable":true,"href":"https:\/\/roveyayinevi.com.tr\/index.php\/wp-json\/wp\/v2\/product_cat?post=770720"},{"taxonomy":"product_tag","embeddable":true,"href":"https:\/\/roveyayinevi.com.tr\/index.php\/wp-json\/wp\/v2\/product_tag?post=770720"}],"curies":[{"name":"wp","href":"https:\/\/api.w.org\/{rel}","templated":true}]}}