{"id":770716,"date":"2025-08-28T14:40:40","date_gmt":"2025-08-28T11:40:40","guid":{"rendered":"https:\/\/roveyayinevi.com.tr\/index.php\/urun\/cocuk-ve-kusun-sirri\/"},"modified":"2026-04-15T03:37:09","modified_gmt":"2026-04-15T00:37:09","slug":"cocuk-ve-kusun-sirri","status":"publish","type":"product","link":"https:\/\/roveyayinevi.com.tr\/index.php\/urun\/cocuk-ve-kusun-sirri\/","title":{"rendered":"\u00c7ocuk ve Ku\u015fun S\u0131rr\u0131"},"content":{"rendered":"<p>Sevginin, merhametin, ba\u011fl\u0131l\u0131\u011f\u0131n, d\u00fcr\u00fcstl\u00fc\u011f\u00fcn ve \u00e7al\u0131\u015fkanl\u0131\u011f\u0131n k\u0131ymeti ile dayan\u0131\u015fman\u0131n \u00f6nemini \u00e7ocuklara uygun bir dille aktar\u0131lmas\u0131n\u0131 sa\u011flayan \u201c\u00c7ocuk ve Ku\u015fun S\u0131rr\u0131\u201d kitab\u0131, aile sevgisiyle b\u00fcy\u00fcyen \u00e7ocuklar i\u00e7in s\u0131cac\u0131k bir rehberdir. \u00c7ocuk geli\u015fiminde sevginin ve dayan\u0131\u015fman\u0131n g\u00fcc\u00fcn\u00fc etkileyici bir \u015fekilde vurgularken, hayal d\u00fcnyalar\u0131n\u0131 da geli\u015ftirerek desteklemektedir. <\/p>\n","protected":false},"excerpt":{"rendered":"<p>Sevginin, merhametin, ba\u011fl\u0131l\u0131\u011f\u0131n, d\u00fcr\u00fcstl\u00fc\u011f\u00fcn ve \u00e7al\u0131\u015fkanl\u0131\u011f\u0131n k\u0131ymeti ile dayan\u0131\u015fman\u0131n \u00f6nemini \u00e7ocuklara uygun bir dille aktar\u0131lmas\u0131n\u0131 sa\u011flayan \u201c\u00c7ocuk ve Ku\u015fun S\u0131rr\u0131\u201d kitab\u0131, aile sevgisiyle b\u00fcy\u00fcyen \u00e7ocuklar i\u00e7in<span class=\"excerpt-hellip\"> [\u2026]<\/span><\/p>\n","protected":false},"featured_media":0,"template":"","meta":{"_monsterinsights_skip_tracking":false,"_monsterinsights_sitenote_active":false,"_monsterinsights_sitenote_note":"","_monsterinsights_sitenote_category":0},"product_brand":[],"product_cat":[12274,12284],"product_tag":[],"class_list":{"0":"post-770716","1":"product","2":"type-product","3":"status-publish","5":"product_cat-cocuk-ve-genclik-kitaplari","6":"product_cat-hikayeler","7":"pa_cilt-ciltsiz","8":"pa_tur-kitap","9":"pa_yayinevi-us-yayinlari","10":"pa_yazar-nuran-eraslan","12":"first","13":"instock","14":"sale","15":"shipping-taxable","16":"purchasable","17":"product-type-simple"},"_links":{"self":[{"href":"https:\/\/roveyayinevi.com.tr\/index.php\/wp-json\/wp\/v2\/product\/770716","targetHints":{"allow":["GET"]}}],"collection":[{"href":"https:\/\/roveyayinevi.com.tr\/index.php\/wp-json\/wp\/v2\/product"}],"about":[{"href":"https:\/\/roveyayinevi.com.tr\/index.php\/wp-json\/wp\/v2\/types\/product"}],"wp:attachment":[{"href":"https:\/\/roveyayinevi.com.tr\/index.php\/wp-json\/wp\/v2\/media?parent=770716"}],"wp:term":[{"taxonomy":"product_brand","embeddable":true,"href":"https:\/\/roveyayinevi.com.tr\/index.php\/wp-json\/wp\/v2\/product_brand?post=770716"},{"taxonomy":"product_cat","embeddable":true,"href":"https:\/\/roveyayinevi.com.tr\/index.php\/wp-json\/wp\/v2\/product_cat?post=770716"},{"taxonomy":"product_tag","embeddable":true,"href":"https:\/\/roveyayinevi.com.tr\/index.php\/wp-json\/wp\/v2\/product_tag?post=770716"}],"curies":[{"name":"wp","href":"https:\/\/api.w.org\/{rel}","templated":true}]}}