{"id":770715,"date":"2025-08-28T14:40:38","date_gmt":"2025-08-28T11:40:38","guid":{"rendered":"https:\/\/roveyayinevi.com.tr\/index.php\/urun\/gazap-firtinasi-ciltli\/"},"modified":"2026-04-15T03:37:09","modified_gmt":"2026-04-15T00:37:09","slug":"gazap-firtinasi-ciltli","status":"publish","type":"product","link":"https:\/\/roveyayinevi.com.tr\/index.php\/urun\/gazap-firtinasi-ciltli\/","title":{"rendered":"Gazap  F\u0131rt\u0131nas\u0131 (Ciltli)"},"content":{"rendered":"<p>GAZAP FIRTINASI, D\u00fcnya\u2019y\u0131 aniden vuran ve d\u00f6rt bir yana yay\u0131lan iklim de\u011fi\u015fikli\u011finin ad\u0131d\u0131r. Gezegen e\u015fi benzeri g\u00f6r\u00fclmemi\u015f do\u011fal felaketler nedeniyle tamamen y\u00f6n\u00fcn\u00fc sapm\u0131\u015f, harap olmu\u015f, par\u00e7alanm\u0131\u015f durumda. Birka\u00e7 hafta i\u00e7inde D\u00fcnya t\u00fcm tutarl\u0131l\u0131\u011f\u0131n\u0131 yitirdi. Ancak \u00f6fkesini kusan do\u011fa kendini yeniden toparlamaya ba\u015flad\u0131. Hayatta kalan gruplar yaln\u0131zca Do\u011fa\u2019n\u0131n bildi\u011fi, yaln\u0131zca onun dayatt\u0131\u011f\u0131 kurallara g\u00f6re ilerliyor\u2026    Enki Bilal\u2019in Gazap F\u0131rt\u0131nas\u0131 \u00dc\u00e7lemesi okuru  d\u00fc\u015fsel ve \u00e7\u0131lg\u0131n bir anlat\u0131ya s\u00fcr\u00fckl\u00fcyor.  <\/p>\n","protected":false},"excerpt":{"rendered":"<p>GAZAP FIRTINASI, D\u00fcnya\u2019y\u0131 aniden vuran ve d\u00f6rt bir yana yay\u0131lan iklim de\u011fi\u015fikli\u011finin ad\u0131d\u0131r. Gezegen e\u015fi benzeri g\u00f6r\u00fclmemi\u015f do\u011fal felaketler nedeniyle tamamen y\u00f6n\u00fcn\u00fc sapm\u0131\u015f, harap olmu\u015f, par\u00e7alanm\u0131\u015f<span class=\"excerpt-hellip\"> [\u2026]<\/span><\/p>\n","protected":false},"featured_media":0,"template":"","meta":{"_monsterinsights_skip_tracking":false,"_monsterinsights_sitenote_active":false,"_monsterinsights_sitenote_note":"","_monsterinsights_sitenote_category":0},"product_brand":[],"product_cat":[12416,12291],"product_tag":[],"class_list":{"0":"post-770715","1":"product","2":"type-product","3":"status-publish","5":"product_cat-cizgi-roman","6":"product_cat-edebiyat","7":"pa_cilt-ciltli","8":"pa_tur-kitap","9":"pa_yayinevi-alfa-yayinlari","10":"pa_yazar-enki-bilal","12":"first","13":"instock","14":"sale","15":"shipping-taxable","16":"purchasable","17":"product-type-simple"},"_links":{"self":[{"href":"https:\/\/roveyayinevi.com.tr\/index.php\/wp-json\/wp\/v2\/product\/770715","targetHints":{"allow":["GET"]}}],"collection":[{"href":"https:\/\/roveyayinevi.com.tr\/index.php\/wp-json\/wp\/v2\/product"}],"about":[{"href":"https:\/\/roveyayinevi.com.tr\/index.php\/wp-json\/wp\/v2\/types\/product"}],"wp:attachment":[{"href":"https:\/\/roveyayinevi.com.tr\/index.php\/wp-json\/wp\/v2\/media?parent=770715"}],"wp:term":[{"taxonomy":"product_brand","embeddable":true,"href":"https:\/\/roveyayinevi.com.tr\/index.php\/wp-json\/wp\/v2\/product_brand?post=770715"},{"taxonomy":"product_cat","embeddable":true,"href":"https:\/\/roveyayinevi.com.tr\/index.php\/wp-json\/wp\/v2\/product_cat?post=770715"},{"taxonomy":"product_tag","embeddable":true,"href":"https:\/\/roveyayinevi.com.tr\/index.php\/wp-json\/wp\/v2\/product_tag?post=770715"}],"curies":[{"name":"wp","href":"https:\/\/api.w.org\/{rel}","templated":true}]}}