{"id":770714,"date":"2025-08-28T14:40:37","date_gmt":"2025-08-28T11:40:37","guid":{"rendered":"https:\/\/roveyayinevi.com.tr\/index.php\/urun\/kadinlarin-tarihi-5-ciltli\/"},"modified":"2026-04-15T03:37:09","modified_gmt":"2026-04-15T00:37:09","slug":"kadinlarin-tarihi-5-ciltli","status":"publish","type":"product","link":"https:\/\/roveyayinevi.com.tr\/index.php\/urun\/kadinlarin-tarihi-5-ciltli\/","title":{"rendered":"Kad\u0131nlar\u0131n Tarihi -5 (Ciltli)"},"content":{"rendered":"<p>20. y\u00fczy\u0131l, kad\u0131nlar i\u00e7in toplumsal, siyasal ve k\u00fclt\u00fcrel d\u00f6n\u00fc\u015f\u00fcmlerin h\u0131z kazand\u0131\u011f\u0131 bir d\u00f6nemdir. Bat\u0131\u2019daki kad\u0131nlar\u0131n deneyimine yo\u011funla\u015fan ve \u00e7ok y\u00f6nl\u00fc bir tarih sunan Kad\u0131nlar\u0131n Tarihi serisinin bu be\u015finci cildi, sava\u015flar, devrimler, rejim de\u011fi\u015fiklikleri ve ekonomik d\u00f6n\u00fc\u015f\u00fcmlerle \u015fekillenen bu d\u00f6nemde kad\u0131nlar\u0131n ya\u015fad\u0131\u011f\u0131 k\u00f6kl\u00fc de\u011fi\u015fimleri incelemektedir. Bu d\u00f6nemde geleneksel cinsiyet rolleri yeniden \u00fcretilerek kad\u0131nlar \u00fczerinde bask\u0131 arac\u0131 olarak kullan\u0131lm\u0131\u015fsa da ekonomik ba\u011f\u0131ms\u0131zl\u0131k aray\u0131\u015flar\u0131, artan siyasal g\u00f6r\u00fcn\u00fcrl\u00fck, feminist dalgalar\u0131n y\u00fckseli\u015fi ve kad\u0131n\u0131n kendi bedeni \u00fczerindeki s\u00f6z hakk\u0131n\u0131n geni\u015flemesi e\u015fitlik taleplerini g\u00fc\u00e7lendirmi\u015ftir. \u201cKitaba katk\u0131da bulunan herkes tarihi, cinsiyetler aras\u0131 ili\u015fkileri ve toplumsal cinsiyet sistemlerinin evrimini vurgulayan bir toplumsal cinsiyet perspektifinden ele alma konusunda ortak bir ba\u011fl\u0131l\u0131k sergiliyor.\u201d \u2013Susan Ware, Journal of American History \u201cBat\u0131\u2019daki kad\u0131nlar\u0131n 20 y\u00fczy\u0131ldaki ya\u015fam\u0131na dair geni\u015f kapsaml\u0131 bir antropolojik \u00e7al\u0131\u015fma niteli\u011findeki bu eser, devlet, \u00e7al\u0131\u015fma hayat\u0131, felsefe, sava\u015f, sanat, demografi, aile ve 1900\u2019den g\u00fcn\u00fcm\u00fcze kad\u0131n hareketini \u015fekillendiren feminist m\u00fccadele ba\u015fl\u0131klar\u0131 hakk\u0131nda zengin bir i\u00e7erik sunuyor.\u201d \u2013Bonnie G. Smith, Contemporary Sociology<\/p>\n","protected":false},"excerpt":{"rendered":"<p>20. y\u00fczy\u0131l, kad\u0131nlar i\u00e7in toplumsal, siyasal ve k\u00fclt\u00fcrel d\u00f6n\u00fc\u015f\u00fcmlerin h\u0131z kazand\u0131\u011f\u0131 bir d\u00f6nemdir. Bat\u0131\u2019daki kad\u0131nlar\u0131n deneyimine yo\u011funla\u015fan ve \u00e7ok y\u00f6nl\u00fc bir tarih sunan Kad\u0131nlar\u0131n Tarihi serisinin<span class=\"excerpt-hellip\"> [\u2026]<\/span><\/p>\n","protected":false},"featured_media":0,"template":"","meta":{"_monsterinsights_skip_tracking":false,"_monsterinsights_sitenote_active":false,"_monsterinsights_sitenote_note":"","_monsterinsights_sitenote_category":0},"product_brand":[],"product_cat":[12370,12304],"product_tag":[],"class_list":{"0":"post-770714","1":"product","2":"type-product","3":"status-publish","5":"product_cat-arastirma-inceleme","6":"product_cat-tarih","7":"pa_cilt-ciltli","8":"pa_tur-kitap","9":"pa_yayinevi-alfa-yayinlari","10":"pa_yazar-kolektif","12":"first","13":"instock","14":"sale","15":"shipping-taxable","16":"purchasable","17":"product-type-simple"},"_links":{"self":[{"href":"https:\/\/roveyayinevi.com.tr\/index.php\/wp-json\/wp\/v2\/product\/770714","targetHints":{"allow":["GET"]}}],"collection":[{"href":"https:\/\/roveyayinevi.com.tr\/index.php\/wp-json\/wp\/v2\/product"}],"about":[{"href":"https:\/\/roveyayinevi.com.tr\/index.php\/wp-json\/wp\/v2\/types\/product"}],"wp:attachment":[{"href":"https:\/\/roveyayinevi.com.tr\/index.php\/wp-json\/wp\/v2\/media?parent=770714"}],"wp:term":[{"taxonomy":"product_brand","embeddable":true,"href":"https:\/\/roveyayinevi.com.tr\/index.php\/wp-json\/wp\/v2\/product_brand?post=770714"},{"taxonomy":"product_cat","embeddable":true,"href":"https:\/\/roveyayinevi.com.tr\/index.php\/wp-json\/wp\/v2\/product_cat?post=770714"},{"taxonomy":"product_tag","embeddable":true,"href":"https:\/\/roveyayinevi.com.tr\/index.php\/wp-json\/wp\/v2\/product_tag?post=770714"}],"curies":[{"name":"wp","href":"https:\/\/api.w.org\/{rel}","templated":true}]}}