{"id":770708,"date":"2025-08-28T14:40:26","date_gmt":"2025-08-28T11:40:26","guid":{"rendered":"https:\/\/roveyayinevi.com.tr\/index.php\/urun\/kadinlarin-tarihi-4\/"},"modified":"2026-04-15T03:37:09","modified_gmt":"2026-04-15T00:37:09","slug":"kadinlarin-tarihi-4","status":"publish","type":"product","link":"https:\/\/roveyayinevi.com.tr\/index.php\/urun\/kadinlarin-tarihi-4\/","title":{"rendered":"Kad\u0131nlar\u0131n Tarihi -4"},"content":{"rendered":"<p>Frans\u0131z Devrimi ile I. D\u00fcnya Sava\u015f\u0131 aras\u0131ndaki \u00e7alkant\u0131l\u0131 d\u00f6nemde, kad\u0131nlar\u0131n toplumsal konumlar\u0131 radikal ve yo\u011fun bi\u00e7imde tart\u0131\u015f\u0131lm\u0131\u015f, kad\u0131n eme\u011fine ve kimli\u011fine bak\u0131\u015f yeniden \u015fekillenmi\u015ftir. Bat\u0131\u2019daki kad\u0131nlar\u0131n deneyimine yo\u011funla\u015fan ve \u00e7ok y\u00f6nl\u00fc bir tarih sunan Kad\u0131nlar\u0131n Tarihi serisinin bu d\u00f6rd\u00fcnc\u00fc cildi, devrimin kad\u0131nlara vaat ettikleri ile kad\u0131nlar\u0131n maruz kald\u0131klar\u0131 aras\u0131ndaki \u00e7eli\u015fkiyi, kad\u0131nlar\u0131n i\u015fg\u00fcc\u00fcne kat\u0131l\u0131m\u0131n\u0131, beden politikalar\u0131n\u0131n geli\u015fimini, ev i\u00e7i rollere dair s\u00f6ylemlerin y\u00fckselmesini ve hak m\u00fccadelelerini ele al\u0131yor. Kad\u0131nlar\u0131n siyasal hak ve e\u015fitlik taleplerinin y\u00fckseldi\u011fi bu d\u00f6nemi, edebiyat, e\u011fitim, siyaset ve toplumsal hareketler ekseninde inceliyor. \u201cFrans\u0131z tarih\u00e7iler Duby ve Perrot\u2019nun antik\u00e7a\u011fdan g\u00fcn\u00fcm\u00fcze kad\u0131n tarihini aktarmay\u0131 ama\u00e7layan iddial\u0131 projesinin d\u00f6rd\u00fcnc\u00fc cildi, b\u00fcy\u00fck hedeflerin, pe\u015finden gitmeye de\u011fer oldu\u011funu kan\u0131tl\u0131yor. 20. y\u00fczy\u0131la odaklanan cildin de yay\u0131mlanmas\u0131yla bu proje ger\u00e7ek bir ba\u015fyap\u0131t haline geldi.\u201d   \u2013Trudie Knijn, Contemporary Sociology \u201cKad\u0131nlar\u0131n Tarihi, \u00f6nde gelen Avrupa ve Amerikal\u0131 akademisyenlerin titizlikle kaleme ald\u0131\u011f\u0131 makalelerden olu\u015fuyor. Kad\u0131nlar\u0131n y\u00fczy\u0131llar boyunca k\u0131s\u0131tlanmas\u0131, a\u011f\u0131r i\u015flerde \u00e7al\u0131\u015ft\u0131r\u0131lmas\u0131, isimsiz k\u0131l\u0131nmas\u0131, hatta insan olup olmad\u0131klar\u0131n\u0131n sorgulanmas\u0131n\u0131n ard\u0131ndan, serinin d\u00f6rd\u00fcnc\u00fc cildine geldi\u011fimizde \u2018\u00d6zg\u00fcrl\u00fc\u011f\u00fcn K\u0131zlar\u0131 ve Devrimci Yurtta\u015flar\u2019 ile \u2018D\u0131\u015far\u0131ya Ad\u0131m Atmak\u2019 gibi destekleyici ba\u015fl\u0131klarla kar\u015f\u0131la\u015fmak ger\u00e7ekten muhte\u015fem.\u201d   \u2013Elizabeth J. Sherman, Washington Times <\/p>\n","protected":false},"excerpt":{"rendered":"<p>Frans\u0131z Devrimi ile I. D\u00fcnya Sava\u015f\u0131 aras\u0131ndaki \u00e7alkant\u0131l\u0131 d\u00f6nemde, kad\u0131nlar\u0131n toplumsal konumlar\u0131 radikal ve yo\u011fun bi\u00e7imde tart\u0131\u015f\u0131lm\u0131\u015f, kad\u0131n eme\u011fine ve kimli\u011fine bak\u0131\u015f yeniden \u015fekillenmi\u015ftir. Bat\u0131\u2019daki kad\u0131nlar\u0131n<span class=\"excerpt-hellip\"> [\u2026]<\/span><\/p>\n","protected":false},"featured_media":0,"template":"","meta":{"_monsterinsights_skip_tracking":false,"_monsterinsights_sitenote_active":false,"_monsterinsights_sitenote_note":"","_monsterinsights_sitenote_category":0},"product_brand":[],"product_cat":[12304],"product_tag":[],"class_list":{"0":"post-770708","1":"product","2":"type-product","3":"status-publish","5":"product_cat-tarih","6":"pa_cilt-ciltsiz","7":"pa_tur-kitap","8":"pa_yayinevi-alfa-yayinlari","9":"pa_yazar-kolektif","11":"first","12":"instock","13":"sale","14":"shipping-taxable","15":"purchasable","16":"product-type-simple"},"_links":{"self":[{"href":"https:\/\/roveyayinevi.com.tr\/index.php\/wp-json\/wp\/v2\/product\/770708","targetHints":{"allow":["GET"]}}],"collection":[{"href":"https:\/\/roveyayinevi.com.tr\/index.php\/wp-json\/wp\/v2\/product"}],"about":[{"href":"https:\/\/roveyayinevi.com.tr\/index.php\/wp-json\/wp\/v2\/types\/product"}],"wp:attachment":[{"href":"https:\/\/roveyayinevi.com.tr\/index.php\/wp-json\/wp\/v2\/media?parent=770708"}],"wp:term":[{"taxonomy":"product_brand","embeddable":true,"href":"https:\/\/roveyayinevi.com.tr\/index.php\/wp-json\/wp\/v2\/product_brand?post=770708"},{"taxonomy":"product_cat","embeddable":true,"href":"https:\/\/roveyayinevi.com.tr\/index.php\/wp-json\/wp\/v2\/product_cat?post=770708"},{"taxonomy":"product_tag","embeddable":true,"href":"https:\/\/roveyayinevi.com.tr\/index.php\/wp-json\/wp\/v2\/product_tag?post=770708"}],"curies":[{"name":"wp","href":"https:\/\/api.w.org\/{rel}","templated":true}]}}