{"id":770706,"date":"2025-08-28T14:40:23","date_gmt":"2025-08-28T11:40:23","guid":{"rendered":"https:\/\/roveyayinevi.com.tr\/index.php\/urun\/kadinlarin-tarihi-3-ciltli\/"},"modified":"2025-09-15T17:31:24","modified_gmt":"2025-09-15T14:31:24","slug":"kadinlarin-tarihi-3-ciltli","status":"publish","type":"product","link":"https:\/\/roveyayinevi.com.tr\/index.php\/urun\/kadinlarin-tarihi-3-ciltli\/","title":{"rendered":"Kad\u0131nlar\u0131n Tarihi -3 (Ciltli)"},"content":{"rendered":"<p>16 ile 18. y\u00fczy\u0131l aras\u0131nda Avrupa\u2019da ya\u015fanan b\u00fcy\u00fck entelekt\u00fcel d\u00f6n\u00fc\u015f\u00fcmlerle bir yandan kad\u0131nlar\u0131n kamusal hayatta varolu\u015funu destekleyen fikirler geli\u015firken di\u011fer yandan toplumsal cinsiyet normlar\u0131 keskinle\u015fmi\u015ftir. Bat\u0131\u2019daki kad\u0131nlar\u0131n deneyimine yo\u011funla\u015fan ve \u00e7ok y\u00f6nl\u00fc bir tarih sunan Kad\u0131nlar\u0131n Tarihi serisinin bu \u00fc\u00e7\u00fcnc\u00fc cildi, kad\u0131nlar\u0131n \u00e7al\u0131\u015fma ve e\u011fitim ya\u015fam\u0131ndaki konumlar\u0131n\u0131, annelik rollerini, yarat\u0131lm\u0131\u015f g\u00fczellik normlar\u0131n\u0131 incelerken sanat ve edebiyat gibi alanlarda \u00fcretilen kad\u0131n imgesini masaya yat\u0131r\u0131yor. Kitap ayn\u0131 zamanda kad\u0131nlar\u0131n bu d\u00f6nemde bireysel ve kolektif olarak toplumsal normlara nas\u0131l meydan okuduklar\u0131n\u0131, entelekt\u00fcel ve siyasal alanda kendilerine yer a\u00e7ma m\u00fccadelelerini de ele al\u0131yor. \u201cEdit\u00f6rler, erken modern d\u00f6nemde Avrupa\u2019daki kad\u0131nlar\u0131n kendilerini a\u015fa\u011f\u0131layan bir toplum i\u00e7inde hareket edebilme yetilerini vurguluyor, b\u00f6ylece kad\u0131nlar\u0131 mutlak ma\u011fdurlar olarak ele alan \u00e7al\u0131\u015fmalara \u00f6nemli bir kar\u015f\u0131t duru\u015f sergiliyor.\u201d \u2013Richard M. Golden, Religious Studies Review \u201cBu cilt, \u00f6ncekiler gibi, bu alandaki bilgi birikimini \u00f6nemli \u00f6l\u00e7\u00fcde art\u0131racak ve derinle\u015ftirecek, ilerleyen \u00e7al\u0131\u015fmalar i\u00e7in sa\u011flam bir zemin olu\u015fturacakt\u0131r.\u201d \u2013Virginia Quarterly Review \u201cBu cilt, tarihin bu d\u00f6nemine ilgi duyan herkes i\u00e7in olduk\u00e7a \u00e7ekici, \u00fcst d\u00fczey bir akademik \u00e7al\u0131\u015fma niteli\u011finde.\u201d \u2013Library Journal <\/p>\n","protected":false},"excerpt":{"rendered":"<p>16 ile 18. y\u00fczy\u0131l aras\u0131nda Avrupa\u2019da ya\u015fanan b\u00fcy\u00fck entelekt\u00fcel d\u00f6n\u00fc\u015f\u00fcmlerle bir yandan kad\u0131nlar\u0131n kamusal hayatta varolu\u015funu destekleyen fikirler geli\u015firken di\u011fer yandan toplumsal cinsiyet normlar\u0131 keskinle\u015fmi\u015ftir. Bat\u0131\u2019daki<span class=\"excerpt-hellip\"> [\u2026]<\/span><\/p>\n","protected":false},"featured_media":0,"template":"","meta":{"_monsterinsights_skip_tracking":false,"_monsterinsights_sitenote_active":false,"_monsterinsights_sitenote_note":"","_monsterinsights_sitenote_category":0},"product_brand":[],"product_cat":[12370,12304],"product_tag":[],"class_list":{"0":"post-770706","1":"product","2":"type-product","3":"status-publish","5":"product_cat-arastirma-inceleme","6":"product_cat-tarih","7":"pa_cilt-ciltli","8":"pa_tur-kitap","9":"pa_yayinevi-alfa-yayinlari","10":"pa_yazar-kolektif","12":"first","13":"instock","14":"sale","15":"shipping-taxable","16":"purchasable","17":"product-type-simple"},"_links":{"self":[{"href":"https:\/\/roveyayinevi.com.tr\/index.php\/wp-json\/wp\/v2\/product\/770706","targetHints":{"allow":["GET"]}}],"collection":[{"href":"https:\/\/roveyayinevi.com.tr\/index.php\/wp-json\/wp\/v2\/product"}],"about":[{"href":"https:\/\/roveyayinevi.com.tr\/index.php\/wp-json\/wp\/v2\/types\/product"}],"wp:attachment":[{"href":"https:\/\/roveyayinevi.com.tr\/index.php\/wp-json\/wp\/v2\/media?parent=770706"}],"wp:term":[{"taxonomy":"product_brand","embeddable":true,"href":"https:\/\/roveyayinevi.com.tr\/index.php\/wp-json\/wp\/v2\/product_brand?post=770706"},{"taxonomy":"product_cat","embeddable":true,"href":"https:\/\/roveyayinevi.com.tr\/index.php\/wp-json\/wp\/v2\/product_cat?post=770706"},{"taxonomy":"product_tag","embeddable":true,"href":"https:\/\/roveyayinevi.com.tr\/index.php\/wp-json\/wp\/v2\/product_tag?post=770706"}],"curies":[{"name":"wp","href":"https:\/\/api.w.org\/{rel}","templated":true}]}}