{"id":770704,"date":"2025-08-28T14:40:20","date_gmt":"2025-08-28T11:40:20","guid":{"rendered":"https:\/\/roveyayinevi.com.tr\/index.php\/urun\/kadinlarin-tarihi-1-ciltli\/"},"modified":"2025-09-15T17:31:23","modified_gmt":"2025-09-15T14:31:23","slug":"kadinlarin-tarihi-1-ciltli","status":"publish","type":"product","link":"https:\/\/roveyayinevi.com.tr\/index.php\/urun\/kadinlarin-tarihi-1-ciltli\/","title":{"rendered":"Kad\u0131nlar\u0131n Tarihi -1 (Ciltli)"},"content":{"rendered":"<p>Kad\u0131nlar\u0131n temsili ile ger\u00e7ek tarihleri aras\u0131ndaki u\u00e7urum, antik\u00e7a\u011f\u0131n en temel \u00e7eli\u015fkilerinden biridir. Bat\u0131\u2019daki kad\u0131nlar\u0131n deneyimine yo\u011funla\u015fan ve \u00e7ok y\u00f6nl\u00fc bir tarih sunan Kad\u0131nlar\u0131n Tarihi serisinin bu ilk cildi, antik\u00e7a\u011fda toplumsal cinsiyetin nas\u0131l in\u015fa edildi\u011fini mercek alt\u0131na al\u0131yor. Arkeolojik ve yaz\u0131l\u0131 kaynaklar \u0131\u015f\u0131\u011f\u0131nda kad\u0131nlar\u0131n hukuki ve sosyal konumlar\u0131n\u0131 belirleyen mekanizmalar\u0131 g\u00f6zler \u00f6n\u00fcne sererken Platon ve Aristoteles\u2019in cinsiyet felsefelerinden Roma hukukundaki ayr\u0131mc\u0131l\u0131\u011fa, kad\u0131nlar\u0131n dini rollerinden H\u0131ristiyanl\u0131\u011f\u0131n do\u011fu\u015fuyla birlikte de\u011fi\u015fen stat\u00fclerine kadar geni\u015f bir perspektif sunuyor. \u201cKad\u0131nlar\u0131n be\u015f ciltlik ansiklopedik tarihinin ilk cildini, \u00f6zenle birbirine ba\u011flanm\u0131\u015f makaleler olu\u015fturuyor. Antik\u00e7a\u011fdaki kad\u0131nlarla ilgili \u00e7al\u0131\u015fmalar\u0131n son yirmi y\u0131ldaki h\u0131zl\u0131 geli\u015fimini g\u00f6zler \u00f6n\u00fcne seriyor.\u201d   \u2013Mary Beard, Times Literary Supplement \u201cFarkl\u0131 \u00fclkelerden se\u00e7kin tarih\u00e7iler, burada kad\u0131nlar\u0131n bedenlerini, duygular\u0131n\u0131 ve d\u00fc\u015f\u00fcncelerini inceliyor, do\u011falar\u0131n\u0131 ve toplumsal rollerini ara\u015ft\u0131r\u0131yor. \u00d6zg\u00fcrl\u00fc\u011fe giden yol uzun. Bu yolculu\u011fun bir sonraki duraklar\u0131n\u0131 ke\u015ffetmeyi sab\u0131rs\u0131zl\u0131kla bekliyoruz.\u201d \u2013Anne Pons, L\u2019Express \u201cAvrupa tarihinde hi\u00e7 \u015f\u00fcphesiz d\u00f6n\u00fcm noktas\u0131 olu\u015fturacak cesur bir giri\u015fim.\u201d \u2013Laurent Theis, Le Nouvel Observateur <\/p>\n","protected":false},"excerpt":{"rendered":"<p>Kad\u0131nlar\u0131n temsili ile ger\u00e7ek tarihleri aras\u0131ndaki u\u00e7urum, antik\u00e7a\u011f\u0131n en temel \u00e7eli\u015fkilerinden biridir. Bat\u0131\u2019daki kad\u0131nlar\u0131n deneyimine yo\u011funla\u015fan ve \u00e7ok y\u00f6nl\u00fc bir tarih sunan Kad\u0131nlar\u0131n Tarihi serisinin bu<span class=\"excerpt-hellip\"> [\u2026]<\/span><\/p>\n","protected":false},"featured_media":0,"template":"","meta":{"_monsterinsights_skip_tracking":false,"_monsterinsights_sitenote_active":false,"_monsterinsights_sitenote_note":"","_monsterinsights_sitenote_category":0},"product_brand":[],"product_cat":[12304],"product_tag":[],"class_list":{"0":"post-770704","1":"product","2":"type-product","3":"status-publish","5":"product_cat-tarih","6":"pa_cilt-ciltli","7":"pa_tur-kitap","8":"pa_yayinevi-alfa-yayinlari","9":"pa_yazar-kolektif","11":"first","12":"instock","13":"sale","14":"shipping-taxable","15":"purchasable","16":"product-type-simple"},"_links":{"self":[{"href":"https:\/\/roveyayinevi.com.tr\/index.php\/wp-json\/wp\/v2\/product\/770704","targetHints":{"allow":["GET"]}}],"collection":[{"href":"https:\/\/roveyayinevi.com.tr\/index.php\/wp-json\/wp\/v2\/product"}],"about":[{"href":"https:\/\/roveyayinevi.com.tr\/index.php\/wp-json\/wp\/v2\/types\/product"}],"wp:attachment":[{"href":"https:\/\/roveyayinevi.com.tr\/index.php\/wp-json\/wp\/v2\/media?parent=770704"}],"wp:term":[{"taxonomy":"product_brand","embeddable":true,"href":"https:\/\/roveyayinevi.com.tr\/index.php\/wp-json\/wp\/v2\/product_brand?post=770704"},{"taxonomy":"product_cat","embeddable":true,"href":"https:\/\/roveyayinevi.com.tr\/index.php\/wp-json\/wp\/v2\/product_cat?post=770704"},{"taxonomy":"product_tag","embeddable":true,"href":"https:\/\/roveyayinevi.com.tr\/index.php\/wp-json\/wp\/v2\/product_tag?post=770704"}],"curies":[{"name":"wp","href":"https:\/\/api.w.org\/{rel}","templated":true}]}}