{"id":770703,"date":"2025-08-28T14:40:18","date_gmt":"2025-08-28T11:40:18","guid":{"rendered":"https:\/\/roveyayinevi.com.tr\/index.php\/urun\/i-love-unicorn-pofuduk-cikartmali-etkinlik-kitabi\/"},"modified":"2025-11-21T11:38:15","modified_gmt":"2025-11-21T08:38:15","slug":"i-love-unicorn-pofuduk-cikartmali-etkinlik-kitabi","status":"publish","type":"product","link":"https:\/\/roveyayinevi.com.tr\/index.php\/urun\/i-love-unicorn-pofuduk-cikartmali-etkinlik-kitabi\/","title":{"rendered":"I Love Unicorn \u2013  Pofuduk \u00c7\u0131kartmal\u0131 Etkinlik Kitab\u0131"},"content":{"rendered":"<p>Bu kitapta birbirinden \u015firin etkinlikler seni bekliyor! Sayfalar\u0131 en sevdi\u011fin renklere boya, bulmacalar\u0131 \u00e7\u00f6z ve pofuduk \u00e7\u0131kartmalarla sahneler tasarla! Unicornlar\u0131n par\u0131lt\u0131l\u0131 d\u00fcnyas\u0131n\u0131n kap\u0131lar\u0131n\u0131 arala! <\/p>\n","protected":false},"excerpt":{"rendered":"<p>Bu kitapta birbirinden \u015firin etkinlikler seni bekliyor! Sayfalar\u0131 en sevdi\u011fin renklere boya, bulmacalar\u0131 \u00e7\u00f6z ve pofuduk \u00e7\u0131kartmalarla sahneler tasarla! Unicornlar\u0131n par\u0131lt\u0131l\u0131 d\u00fcnyas\u0131n\u0131n kap\u0131lar\u0131n\u0131 arala!<\/p>\n","protected":false},"featured_media":0,"template":"","meta":{"_monsterinsights_skip_tracking":false,"_monsterinsights_sitenote_active":false,"_monsterinsights_sitenote_note":"","_monsterinsights_sitenote_category":0},"product_brand":[],"product_cat":[12644,12274],"product_tag":[],"class_list":{"0":"post-770703","1":"product","2":"type-product","3":"status-publish","5":"product_cat-boyama-kitaplari","6":"product_cat-cocuk-ve-genclik-kitaplari","7":"pa_cilt-ciltsiz","8":"pa_tur-kitap","9":"pa_yayinevi-dogan-cocuk","10":"pa_yazar-kolektif","12":"first","13":"instock","14":"sale","15":"shipping-taxable","16":"purchasable","17":"product-type-simple"},"_links":{"self":[{"href":"https:\/\/roveyayinevi.com.tr\/index.php\/wp-json\/wp\/v2\/product\/770703","targetHints":{"allow":["GET"]}}],"collection":[{"href":"https:\/\/roveyayinevi.com.tr\/index.php\/wp-json\/wp\/v2\/product"}],"about":[{"href":"https:\/\/roveyayinevi.com.tr\/index.php\/wp-json\/wp\/v2\/types\/product"}],"wp:attachment":[{"href":"https:\/\/roveyayinevi.com.tr\/index.php\/wp-json\/wp\/v2\/media?parent=770703"}],"wp:term":[{"taxonomy":"product_brand","embeddable":true,"href":"https:\/\/roveyayinevi.com.tr\/index.php\/wp-json\/wp\/v2\/product_brand?post=770703"},{"taxonomy":"product_cat","embeddable":true,"href":"https:\/\/roveyayinevi.com.tr\/index.php\/wp-json\/wp\/v2\/product_cat?post=770703"},{"taxonomy":"product_tag","embeddable":true,"href":"https:\/\/roveyayinevi.com.tr\/index.php\/wp-json\/wp\/v2\/product_tag?post=770703"}],"curies":[{"name":"wp","href":"https:\/\/api.w.org\/{rel}","templated":true}]}}