{"id":770701,"date":"2025-08-28T14:40:14","date_gmt":"2025-08-28T11:40:14","guid":{"rendered":"https:\/\/roveyayinevi.com.tr\/index.php\/urun\/eglenceli-sorular-ilginc-cevaplar-vucudum\/"},"modified":"2026-04-15T03:37:09","modified_gmt":"2026-04-15T00:37:09","slug":"eglenceli-sorular-ilginc-cevaplar-vucudum","status":"publish","type":"product","link":"https:\/\/roveyayinevi.com.tr\/index.php\/urun\/eglenceli-sorular-ilginc-cevaplar-vucudum\/","title":{"rendered":"E\u011flenceli Sorular \u0130lgin\u00e7 Cevaplar \u2013 V\u00fccudum"},"content":{"rendered":"<p>\u0130SKELET\u0130M neyden yap\u0131lm\u0131\u015ft\u0131r? H\u00fccreler neden bu kadar \u00d6ZELD\u0130R? Nas\u0131l hat\u0131rl\u0131yorum? Senin de akl\u0131nda bir s\u00fcr\u00fc \u0130LG\u0130N\u00c7 soru var m\u0131? \u0130lham verici cevaplarla dolu bir kitap! V\u00fccudunla ilgili tuhaf, harika ve \u015fa\u015f\u0131rt\u0131c\u0131 ger\u00e7ekleri, e\u011flenceli \u00e7izimler ve bilimsel bilgiler e\u015fli\u011finde ke\u015ffet.<\/p>\n","protected":false},"excerpt":{"rendered":"<p>\u0130SKELET\u0130M neyden yap\u0131lm\u0131\u015ft\u0131r? H\u00fccreler neden bu kadar \u00d6ZELD\u0130R? Nas\u0131l hat\u0131rl\u0131yorum? Senin de akl\u0131nda bir s\u00fcr\u00fc \u0130LG\u0130N\u00c7 soru var m\u0131? \u0130lham verici cevaplarla dolu bir kitap! V\u00fccudunla<span class=\"excerpt-hellip\"> [\u2026]<\/span><\/p>\n","protected":false},"featured_media":0,"template":"","meta":{"_monsterinsights_skip_tracking":false,"_monsterinsights_sitenote_active":false,"_monsterinsights_sitenote_note":"","_monsterinsights_sitenote_category":0},"product_brand":[],"product_cat":[13829,12274],"product_tag":[],"class_list":{"0":"post-770701","1":"product","2":"type-product","3":"status-publish","5":"product_cat-bilimsel-kitaplar","6":"product_cat-cocuk-ve-genclik-kitaplari","7":"pa_cilt-ciltsiz","8":"pa_tur-kitap","9":"pa_yayinevi-koc-universitesi-yayinlari","10":"pa_yazar-anne-rooney","12":"first","13":"instock","14":"sale","15":"shipping-taxable","16":"purchasable","17":"product-type-simple"},"_links":{"self":[{"href":"https:\/\/roveyayinevi.com.tr\/index.php\/wp-json\/wp\/v2\/product\/770701","targetHints":{"allow":["GET"]}}],"collection":[{"href":"https:\/\/roveyayinevi.com.tr\/index.php\/wp-json\/wp\/v2\/product"}],"about":[{"href":"https:\/\/roveyayinevi.com.tr\/index.php\/wp-json\/wp\/v2\/types\/product"}],"wp:attachment":[{"href":"https:\/\/roveyayinevi.com.tr\/index.php\/wp-json\/wp\/v2\/media?parent=770701"}],"wp:term":[{"taxonomy":"product_brand","embeddable":true,"href":"https:\/\/roveyayinevi.com.tr\/index.php\/wp-json\/wp\/v2\/product_brand?post=770701"},{"taxonomy":"product_cat","embeddable":true,"href":"https:\/\/roveyayinevi.com.tr\/index.php\/wp-json\/wp\/v2\/product_cat?post=770701"},{"taxonomy":"product_tag","embeddable":true,"href":"https:\/\/roveyayinevi.com.tr\/index.php\/wp-json\/wp\/v2\/product_tag?post=770701"}],"curies":[{"name":"wp","href":"https:\/\/api.w.org\/{rel}","templated":true}]}}