{"id":770700,"date":"2025-08-28T14:40:13","date_gmt":"2025-08-28T11:40:13","guid":{"rendered":"https:\/\/roveyayinevi.com.tr\/index.php\/urun\/cizgi-roman-bilim-biyoloji\/"},"modified":"2026-04-15T03:37:09","modified_gmt":"2026-04-15T00:37:09","slug":"cizgi-roman-bilim-biyoloji","status":"publish","type":"product","link":"https:\/\/roveyayinevi.com.tr\/index.php\/urun\/cizgi-roman-bilim-biyoloji\/","title":{"rendered":"\u00c7izgi Roman Bilim \u2013 Biyoloji"},"content":{"rendered":"<p>STEM K\u00dcT\u00dcPHANES\u0130 Sindirim sistemindeki yolculu\u011funda endi\u015feli patates cipsiyle&#8230; &#8230; korkun\u00e7 seyahatinde Hindistan ceviziyle&#8230; &#8230; ve g\u00f6steri\u015f yapmaya bay\u0131lan alkle tan\u0131\u015f. HAYVANLARIN, B\u0130TK\u0130LER\u0130N ve \u0130NSAN V\u00dcCUDUNUN ard\u0131ndaki bilimi, bilimsel macera, bilgi ve mizahla y\u00fckl\u00fc \u00e7izgi romanlarla ke\u015ffet.<\/p>\n","protected":false},"excerpt":{"rendered":"<p>STEM K\u00dcT\u00dcPHANES\u0130 Sindirim sistemindeki yolculu\u011funda endi\u015feli patates cipsiyle&#8230; &#8230; korkun\u00e7 seyahatinde Hindistan ceviziyle&#8230; &#8230; ve g\u00f6steri\u015f yapmaya bay\u0131lan alkle tan\u0131\u015f. HAYVANLARIN, B\u0130TK\u0130LER\u0130N ve \u0130NSAN V\u00dcCUDUNUN ard\u0131ndaki<span class=\"excerpt-hellip\"> [\u2026]<\/span><\/p>\n","protected":false},"featured_media":0,"template":"","meta":{"_monsterinsights_skip_tracking":false,"_monsterinsights_sitenote_active":false,"_monsterinsights_sitenote_note":"","_monsterinsights_sitenote_category":0},"product_brand":[],"product_cat":[13829,12274],"product_tag":[],"class_list":{"0":"post-770700","1":"product","2":"type-product","3":"status-publish","5":"product_cat-bilimsel-kitaplar","6":"product_cat-cocuk-ve-genclik-kitaplari","7":"pa_cilt-ciltsiz","8":"pa_tur-kitap","9":"pa_yayinevi-koc-universitesi-yayinlari","10":"pa_yazar-paul-mason","12":"first","13":"instock","14":"sale","15":"shipping-taxable","16":"purchasable","17":"product-type-simple"},"_links":{"self":[{"href":"https:\/\/roveyayinevi.com.tr\/index.php\/wp-json\/wp\/v2\/product\/770700","targetHints":{"allow":["GET"]}}],"collection":[{"href":"https:\/\/roveyayinevi.com.tr\/index.php\/wp-json\/wp\/v2\/product"}],"about":[{"href":"https:\/\/roveyayinevi.com.tr\/index.php\/wp-json\/wp\/v2\/types\/product"}],"wp:attachment":[{"href":"https:\/\/roveyayinevi.com.tr\/index.php\/wp-json\/wp\/v2\/media?parent=770700"}],"wp:term":[{"taxonomy":"product_brand","embeddable":true,"href":"https:\/\/roveyayinevi.com.tr\/index.php\/wp-json\/wp\/v2\/product_brand?post=770700"},{"taxonomy":"product_cat","embeddable":true,"href":"https:\/\/roveyayinevi.com.tr\/index.php\/wp-json\/wp\/v2\/product_cat?post=770700"},{"taxonomy":"product_tag","embeddable":true,"href":"https:\/\/roveyayinevi.com.tr\/index.php\/wp-json\/wp\/v2\/product_tag?post=770700"}],"curies":[{"name":"wp","href":"https:\/\/api.w.org\/{rel}","templated":true}]}}