{"id":770699,"date":"2025-08-28T14:40:11","date_gmt":"2025-08-28T11:40:11","guid":{"rendered":"https:\/\/roveyayinevi.com.tr\/index.php\/urun\/cizgi-roman-bilim-kimya\/"},"modified":"2026-04-15T03:37:09","modified_gmt":"2026-04-15T00:37:09","slug":"cizgi-roman-bilim-kimya","status":"publish","type":"product","link":"https:\/\/roveyayinevi.com.tr\/index.php\/urun\/cizgi-roman-bilim-kimya\/","title":{"rendered":"\u00c7izgi Roman Bilim \u2013 Kimya"},"content":{"rendered":"<p>STEM K\u00dcT\u00dcPHANES\u0130 Ke\u015ffetmeye haz\u0131r m\u0131s\u0131n? Buz neden paten yapmak i\u00e7in iyi, \u00fczerinde y\u00fcr\u00fcmek i\u00e7in k\u00f6t\u00fcd\u00fcr&#8230; &#8230; kat\u0131lar, s\u0131v\u0131lar ve gazlar hangi i\u015fler i\u00e7in uygundur&#8230; &#8230; ve atomlar farkl\u0131 \u015fekillerde bir araya gelip nas\u0131l her \u015feyi olu\u015fturur? MADDEN\u0130N H\u00c2LLER\u0130 ile MALZEMELER ve \u00f6zelliklerinin ard\u0131ndaki bilimi, bilimsel macera, bilgi ve mizahla y\u00fckl\u00fc \u00e7izgi romanlarla ke\u015ffet.<\/p>\n","protected":false},"excerpt":{"rendered":"<p>STEM K\u00dcT\u00dcPHANES\u0130 Ke\u015ffetmeye haz\u0131r m\u0131s\u0131n? Buz neden paten yapmak i\u00e7in iyi, \u00fczerinde y\u00fcr\u00fcmek i\u00e7in k\u00f6t\u00fcd\u00fcr&#8230; &#8230; kat\u0131lar, s\u0131v\u0131lar ve gazlar hangi i\u015fler i\u00e7in uygundur&#8230; &#8230; ve<span class=\"excerpt-hellip\"> [\u2026]<\/span><\/p>\n","protected":false},"featured_media":0,"template":"","meta":{"_monsterinsights_skip_tracking":false,"_monsterinsights_sitenote_active":false,"_monsterinsights_sitenote_note":"","_monsterinsights_sitenote_category":0},"product_brand":[],"product_cat":[13829,12274],"product_tag":[],"class_list":{"0":"post-770699","1":"product","2":"type-product","3":"status-publish","5":"product_cat-bilimsel-kitaplar","6":"product_cat-cocuk-ve-genclik-kitaplari","7":"pa_cilt-ciltsiz","8":"pa_tur-kitap","9":"pa_yayinevi-koc-universitesi-yayinlari","10":"pa_yazar-paul-mason","12":"first","13":"instock","14":"sale","15":"shipping-taxable","16":"purchasable","17":"product-type-simple"},"_links":{"self":[{"href":"https:\/\/roveyayinevi.com.tr\/index.php\/wp-json\/wp\/v2\/product\/770699","targetHints":{"allow":["GET"]}}],"collection":[{"href":"https:\/\/roveyayinevi.com.tr\/index.php\/wp-json\/wp\/v2\/product"}],"about":[{"href":"https:\/\/roveyayinevi.com.tr\/index.php\/wp-json\/wp\/v2\/types\/product"}],"wp:attachment":[{"href":"https:\/\/roveyayinevi.com.tr\/index.php\/wp-json\/wp\/v2\/media?parent=770699"}],"wp:term":[{"taxonomy":"product_brand","embeddable":true,"href":"https:\/\/roveyayinevi.com.tr\/index.php\/wp-json\/wp\/v2\/product_brand?post=770699"},{"taxonomy":"product_cat","embeddable":true,"href":"https:\/\/roveyayinevi.com.tr\/index.php\/wp-json\/wp\/v2\/product_cat?post=770699"},{"taxonomy":"product_tag","embeddable":true,"href":"https:\/\/roveyayinevi.com.tr\/index.php\/wp-json\/wp\/v2\/product_tag?post=770699"}],"curies":[{"name":"wp","href":"https:\/\/api.w.org\/{rel}","templated":true}]}}