{"id":770698,"date":"2025-08-28T14:40:09","date_gmt":"2025-08-28T11:40:09","guid":{"rendered":"https:\/\/roveyayinevi.com.tr\/index.php\/urun\/cizgi-roman-bilim-fizik\/"},"modified":"2026-04-15T03:37:09","modified_gmt":"2026-04-15T00:37:09","slug":"cizgi-roman-bilim-fizik","status":"publish","type":"product","link":"https:\/\/roveyayinevi.com.tr\/index.php\/urun\/cizgi-roman-bilim-fizik\/","title":{"rendered":"\u00c7izgi Roman Bilim \u2013 Fizik"},"content":{"rendered":"<p>STEM K\u00dcT\u00dcPHANES\u0130 Ke\u015ffetmeye haz\u0131r m\u0131s\u0131n? K\u00fctle \u00e7ekimi kaykay pistinde neden \u00f6nemlidir&#8230; \u2026 ses nas\u0131l yol al\u0131r&#8230; &#8230; ve bir buzdolab\u0131n\u0131 \u00e7al\u0131\u015ft\u0131racak elektri\u011fi sen \u00fcretecek olsan ne yapman gerekirdi? KUVVETLER\u0130N, ENERJ\u0130N\u0130N ve BAS\u0130T MAK\u0130NELER\u0130N ard\u0131ndaki bilimi, bilimsel macera, bilgi ve mizahla y\u00fckl\u00fc \u00e7izgi romanlarla ke\u015ffet.<\/p>\n","protected":false},"excerpt":{"rendered":"<p>STEM K\u00dcT\u00dcPHANES\u0130 Ke\u015ffetmeye haz\u0131r m\u0131s\u0131n? K\u00fctle \u00e7ekimi kaykay pistinde neden \u00f6nemlidir&#8230; \u2026 ses nas\u0131l yol al\u0131r&#8230; &#8230; ve bir buzdolab\u0131n\u0131 \u00e7al\u0131\u015ft\u0131racak elektri\u011fi sen \u00fcretecek olsan ne<span class=\"excerpt-hellip\"> [\u2026]<\/span><\/p>\n","protected":false},"featured_media":0,"template":"","meta":{"_monsterinsights_skip_tracking":false,"_monsterinsights_sitenote_active":false,"_monsterinsights_sitenote_note":"","_monsterinsights_sitenote_category":0},"product_brand":[],"product_cat":[13829,12274],"product_tag":[],"class_list":{"0":"post-770698","1":"product","2":"type-product","3":"status-publish","5":"product_cat-bilimsel-kitaplar","6":"product_cat-cocuk-ve-genclik-kitaplari","7":"pa_cilt-ciltsiz","8":"pa_tur-kitap","9":"pa_yayinevi-koc-universitesi-yayinlari","10":"pa_yazar-paul-mason","12":"first","13":"instock","14":"sale","15":"shipping-taxable","16":"purchasable","17":"product-type-simple"},"_links":{"self":[{"href":"https:\/\/roveyayinevi.com.tr\/index.php\/wp-json\/wp\/v2\/product\/770698","targetHints":{"allow":["GET"]}}],"collection":[{"href":"https:\/\/roveyayinevi.com.tr\/index.php\/wp-json\/wp\/v2\/product"}],"about":[{"href":"https:\/\/roveyayinevi.com.tr\/index.php\/wp-json\/wp\/v2\/types\/product"}],"wp:attachment":[{"href":"https:\/\/roveyayinevi.com.tr\/index.php\/wp-json\/wp\/v2\/media?parent=770698"}],"wp:term":[{"taxonomy":"product_brand","embeddable":true,"href":"https:\/\/roveyayinevi.com.tr\/index.php\/wp-json\/wp\/v2\/product_brand?post=770698"},{"taxonomy":"product_cat","embeddable":true,"href":"https:\/\/roveyayinevi.com.tr\/index.php\/wp-json\/wp\/v2\/product_cat?post=770698"},{"taxonomy":"product_tag","embeddable":true,"href":"https:\/\/roveyayinevi.com.tr\/index.php\/wp-json\/wp\/v2\/product_tag?post=770698"}],"curies":[{"name":"wp","href":"https:\/\/api.w.org\/{rel}","templated":true}]}}