{"id":770693,"date":"2025-08-28T14:40:00","date_gmt":"2025-08-28T11:40:00","guid":{"rendered":"https:\/\/roveyayinevi.com.tr\/index.php\/urun\/shakespeare-nasil-biriydi\/"},"modified":"2026-04-15T03:37:09","modified_gmt":"2026-04-15T00:37:09","slug":"shakespeare-nasil-biriydi","status":"publish","type":"product","link":"https:\/\/roveyayinevi.com.tr\/index.php\/urun\/shakespeare-nasil-biriydi\/","title":{"rendered":"Shakespeare Nas\u0131l Biriydi?"},"content":{"rendered":"<p>Shakespeare ger\u00e7ekten kimdi, duygular\u0131 ve ki\u015fili\u011fiyle nas\u0131l biriydi? \u0130li\u015fkileri nas\u0131ld\u0131? Nelere g\u00fclerdi? Her \u015feyi yeni ba\u015ftan d\u00fc\u015f\u00fcnen bu heyecan verici kitap, hakk\u0131nda t\u00fcrl\u00fc \u00e7e\u015fit rivayet dola\u015fan me\u015fhur yazar\u0131 ya\u015fad\u0131\u011f\u0131 evi, tiyatrosu, muhiti, kumpanyas\u0131 ve k\u00fclt\u00fcrel ortam\u0131 i\u00e7inde g\u00f6rmeyi m\u00fcmk\u00fcn k\u0131l\u0131yor. Ayn\u0131 zamanda oyunlar\u0131n\u0131n, \u00f6zellikle sonelerinin yetkin \u00e7\u00f6z\u00fcmlemeleriyle okuru Shakespeare\u2019in duygu d\u00fcnyas\u0131n\u0131 anlamaya y\u00f6nelik bir yolculu\u011fa \u00e7\u0131kar\u0131yor. Shakespeare&#8217;in nas\u0131l ya\u015fad\u0131\u011f\u0131, nas\u0131l \u00e7al\u0131\u015ft\u0131\u011f\u0131, d\u00fcnya edebiyat ve tiyatro tarihinin en b\u00fcy\u00fck, en kal\u0131c\u0131, en sevilen eserlerini nas\u0131l yaratt\u0131\u011f\u0131, y\u00fczy\u0131llard\u0131r okurlar\u0131 b\u00fcy\u00fcleyen gizemlerden. Shakespeare\u2019i anlamaya y\u0131llar\u0131n\u0131 vermi\u015f, eserlerinin edisyonlar\u0131n\u0131 yapm\u0131\u015f, akademisyen ve d\u00fcnyan\u0131n en \u00f6nemli Shakespeare uzman\u0131 kabul edilen Profes\u00f6r Sir Stanley Wells, bu sorulara cevap arayarak \u015fair ve tiyatro yazar\u0131n\u0131 b\u00fcy\u00fcleyici insanl\u0131\u011f\u0131 i\u00e7inde bug\u00fcn\u00fcn okurlar\u0131 i\u00e7in hayata d\u00f6nd\u00fcr\u00fcyor.<\/p>\n","protected":false},"excerpt":{"rendered":"<p>Shakespeare ger\u00e7ekten kimdi, duygular\u0131 ve ki\u015fili\u011fiyle nas\u0131l biriydi? \u0130li\u015fkileri nas\u0131ld\u0131? Nelere g\u00fclerdi? Her \u015feyi yeni ba\u015ftan d\u00fc\u015f\u00fcnen bu heyecan verici kitap, hakk\u0131nda t\u00fcrl\u00fc \u00e7e\u015fit rivayet dola\u015fan<span class=\"excerpt-hellip\"> [\u2026]<\/span><\/p>\n","protected":false},"featured_media":0,"template":"","meta":{"_monsterinsights_skip_tracking":false,"_monsterinsights_sitenote_active":false,"_monsterinsights_sitenote_note":"","_monsterinsights_sitenote_category":0},"product_brand":[],"product_cat":[13072,12291],"product_tag":[],"class_list":{"0":"post-770693","1":"product","2":"type-product","3":"status-publish","5":"product_cat-arastirma-inceleme-referans","6":"product_cat-edebiyat","7":"pa_cilt-ciltsiz","8":"pa_tur-kitap","9":"pa_yayinevi-koc-universitesi-yayinlari","10":"pa_yazar-stanley-wells","12":"first","13":"instock","14":"sale","15":"shipping-taxable","16":"purchasable","17":"product-type-simple"},"_links":{"self":[{"href":"https:\/\/roveyayinevi.com.tr\/index.php\/wp-json\/wp\/v2\/product\/770693","targetHints":{"allow":["GET"]}}],"collection":[{"href":"https:\/\/roveyayinevi.com.tr\/index.php\/wp-json\/wp\/v2\/product"}],"about":[{"href":"https:\/\/roveyayinevi.com.tr\/index.php\/wp-json\/wp\/v2\/types\/product"}],"wp:attachment":[{"href":"https:\/\/roveyayinevi.com.tr\/index.php\/wp-json\/wp\/v2\/media?parent=770693"}],"wp:term":[{"taxonomy":"product_brand","embeddable":true,"href":"https:\/\/roveyayinevi.com.tr\/index.php\/wp-json\/wp\/v2\/product_brand?post=770693"},{"taxonomy":"product_cat","embeddable":true,"href":"https:\/\/roveyayinevi.com.tr\/index.php\/wp-json\/wp\/v2\/product_cat?post=770693"},{"taxonomy":"product_tag","embeddable":true,"href":"https:\/\/roveyayinevi.com.tr\/index.php\/wp-json\/wp\/v2\/product_tag?post=770693"}],"curies":[{"name":"wp","href":"https:\/\/api.w.org\/{rel}","templated":true}]}}