{"id":770690,"date":"2025-08-28T14:39:54","date_gmt":"2025-08-28T11:39:54","guid":{"rendered":"https:\/\/roveyayinevi.com.tr\/index.php\/urun\/hic-7\/"},"modified":"2026-04-15T03:37:08","modified_gmt":"2026-04-15T00:37:08","slug":"hic-7","status":"publish","type":"product","link":"https:\/\/roveyayinevi.com.tr\/index.php\/urun\/hic-7\/","title":{"rendered":"Hi\u00e7"},"content":{"rendered":"<p>\u201cYalanlar d\u00f6nd\u00fcr\u00fcyordu d\u00fcnyay\u0131. Dolmu\u015fun mazotu gibi. Tekeri d\u00f6nd\u00fcren mazot, d\u00fcnyay\u0131 d\u00f6nd\u00fcren yalanlar\u2026 Herkes yalan s\u00f6yl\u00fcyordu. Birileri inan\u0131yor, birileri o g\u00fcvenilen kelamlarla i\u015f g\u00f6r\u00fcyor, ekme\u011fini kazanmaya \u00e7al\u0131\u015f\u0131yor, bir ba\u015fkas\u0131 o yalana inanan adama inan\u0131yor, bir ba\u015fkas\u0131 yalana inanan adam\u0131n dedi\u011fine\u2026 Ayn\u0131 anda \u015fehrin farkl\u0131 k\u00f6\u015felerinde herkes birbirine yalan s\u00f6yl\u00fcyordu. Birileri s\u00f6yl\u00fcyor, birileri inan\u0131yor, inand\u0131r\u0131l\u0131yordu.\u201d Ankara\u2019y\u0131 temel \u00f6znesi olarak alan Tolga Aydo\u011fan\u2019\u0131n kaleminden \u00e7\u0131kan bu e\u011flenceli \u00f6yk\u00fcler, okuru siyasal ele\u015ftirilerinin ve mizah\u0131n harmanlad\u0131\u011f\u0131 d\u00fc\u015f\u00fcncelere s\u00fcr\u00fckl\u00fcyor. Aydo\u011fan, \u00f6n\u00fcm\u00fczden ge\u00e7ip giden, varl\u0131\u011f\u0131n\u0131n fark\u0131nda bile olmad\u0131\u011f\u0131m\u0131z ya\u015famlara de\u011fi\u015fik g\u00f6zle bakmaya \u00e7a\u011f\u0131r\u0131yor bizi. Yal\u0131n dili ve anla\u015f\u0131l\u0131r \u00fcslubuyla, g\u00fcnl\u00fck ya\u015famda her an kar\u015f\u0131m\u0131za \u00e7\u0131kabilecek \u00f6yk\u00fc kahramanlar\u0131n\u0131n anlat\u0131s\u0131n\u0131n merkezine konumland\u0131r\u0131yor. <\/p>\n","protected":false},"excerpt":{"rendered":"<p>\u201cYalanlar d\u00f6nd\u00fcr\u00fcyordu d\u00fcnyay\u0131. Dolmu\u015fun mazotu gibi. Tekeri d\u00f6nd\u00fcren mazot, d\u00fcnyay\u0131 d\u00f6nd\u00fcren yalanlar\u2026 Herkes yalan s\u00f6yl\u00fcyordu. Birileri inan\u0131yor, birileri o g\u00fcvenilen kelamlarla i\u015f g\u00f6r\u00fcyor, ekme\u011fini kazanmaya \u00e7al\u0131\u015f\u0131yor,<span class=\"excerpt-hellip\"> [\u2026]<\/span><\/p>\n","protected":false},"featured_media":0,"template":"","meta":{"_monsterinsights_skip_tracking":false,"_monsterinsights_sitenote_active":false,"_monsterinsights_sitenote_note":"","_monsterinsights_sitenote_category":0},"product_brand":[],"product_cat":[12291,12711],"product_tag":[],"class_list":{"0":"post-770690","1":"product","2":"type-product","3":"status-publish","5":"product_cat-edebiyat","6":"product_cat-roman-oyku","7":"pa_cilt-ciltsiz","8":"pa_tur-kitap","9":"pa_yayinevi-cumhuriyet-kitaplari","10":"pa_yazar-tolga-aydogan","12":"first","13":"instock","14":"sale","15":"shipping-taxable","16":"purchasable","17":"product-type-simple"},"_links":{"self":[{"href":"https:\/\/roveyayinevi.com.tr\/index.php\/wp-json\/wp\/v2\/product\/770690","targetHints":{"allow":["GET"]}}],"collection":[{"href":"https:\/\/roveyayinevi.com.tr\/index.php\/wp-json\/wp\/v2\/product"}],"about":[{"href":"https:\/\/roveyayinevi.com.tr\/index.php\/wp-json\/wp\/v2\/types\/product"}],"wp:attachment":[{"href":"https:\/\/roveyayinevi.com.tr\/index.php\/wp-json\/wp\/v2\/media?parent=770690"}],"wp:term":[{"taxonomy":"product_brand","embeddable":true,"href":"https:\/\/roveyayinevi.com.tr\/index.php\/wp-json\/wp\/v2\/product_brand?post=770690"},{"taxonomy":"product_cat","embeddable":true,"href":"https:\/\/roveyayinevi.com.tr\/index.php\/wp-json\/wp\/v2\/product_cat?post=770690"},{"taxonomy":"product_tag","embeddable":true,"href":"https:\/\/roveyayinevi.com.tr\/index.php\/wp-json\/wp\/v2\/product_tag?post=770690"}],"curies":[{"name":"wp","href":"https:\/\/api.w.org\/{rel}","templated":true}]}}