{"id":770688,"date":"2025-08-28T14:39:50","date_gmt":"2025-08-28T11:39:50","guid":{"rendered":"https:\/\/roveyayinevi.com.tr\/index.php\/urun\/dijital-cocuklari-anlama-rehberi\/"},"modified":"2026-04-15T03:37:08","modified_gmt":"2026-04-15T00:37:08","slug":"dijital-cocuklari-anlama-rehberi","status":"publish","type":"product","link":"https:\/\/roveyayinevi.com.tr\/index.php\/urun\/dijital-cocuklari-anlama-rehberi\/","title":{"rendered":"Dijital \u00c7ocuklar\u0131 Anlama Rehberi"},"content":{"rendered":"<p>Anne-Baba ve E\u011fitimciler i\u00e7in K\u0131lavuz Dijital \u00c7ocuklar\u0131 Nas\u0131l Anlar\u0131z? \u00c7a\u011f\u0131m\u0131z\u0131n \u00e7ocuklar\u0131 parmak u\u00e7lar\u0131yla d\u00fcnyaya h\u00fckmediyor. Bilgiye saniyeler i\u00e7inde ula\u015f\u0131yor, sanal d\u00fcnyalarda ya\u015f\u0131yorlar. Peki, bu dijital sel onlar\u0131 nereye s\u00fcr\u00fckl\u00fcyor? Ger\u00e7ek d\u00fcnyayla ba\u011flar\u0131 kopuyor, dikkatleri da\u011f\u0131l\u0131yor, sosyal becerileri k\u00f6reliyor mu? &#8220;Dijital \u00c7ocuklar\u0131 Anlama Rehberi&#8221;, bu karma\u015f\u0131k ve h\u0131zla de\u011fi\u015fen d\u00fcnyaya rehberlik etmek i\u00e7in haz\u0131rland\u0131. Zihin Haritalar\u0131 ve Duygu Kartlar\u0131 e\u015fli\u011finde dijital \u00e7ocuklar\u0131 anlamak, m\u00fcmk\u00fcn olacak. Bu kitapta; \u2022          Dijital d\u00fcnyan\u0131n \u00e7ocuk psikolojisi ve geli\u015fimi \u00fczerindeki etkilerini, onlar\u0131n sanal d\u00fcnyadaki motivasyonlar\u0131n\u0131, ilgi alanlar\u0131n\u0131 ve kar\u015f\u0131la\u015ft\u0131klar\u0131 riskleri, \u2022          Ekran ba\u011f\u0131ml\u0131l\u0131\u011f\u0131yla nas\u0131l ba\u015fa \u00e7\u0131k\u0131laca\u011f\u0131n\u0131 ve sa\u011fl\u0131kl\u0131 kullan\u0131m y\u00f6ntemlerinin geli\u015ftirilmesini, \u2022          \u00c7ocu\u011funuzla dijital d\u00fcnya hakk\u0131nda nas\u0131l etkili bir ileti\u015fim kuraca\u011f\u0131n\u0131z\u0131 ve aran\u0131zdaki ba\u011f\u0131 nas\u0131l g\u00fc\u00e7lendirece\u011finizi, \u2022          E\u011fitimcilere y\u00f6nelik de s\u0131n\u0131fta dijital teknolojileri bilin\u00e7li bir \u015fekilde kullanman\u0131n ve dijital okuryazarl\u0131\u011f\u0131 geli\u015ftirmenin pratik y\u00f6ntemlerini bulacaks\u0131n\u0131z. \u00c7ocuklar\u0131m\u0131z\u0131n dijital d\u00fcnyada kaybolmas\u0131na izin vermeyelim. Onlar\u0131 anlay\u0131p, onlara rehberlik ederek gelece\u011fe birlikte y\u00fcr\u00fcyelim.<\/p>\n","protected":false},"excerpt":{"rendered":"<p>Anne-Baba ve E\u011fitimciler i\u00e7in K\u0131lavuz Dijital \u00c7ocuklar\u0131 Nas\u0131l Anlar\u0131z? \u00c7a\u011f\u0131m\u0131z\u0131n \u00e7ocuklar\u0131 parmak u\u00e7lar\u0131yla d\u00fcnyaya h\u00fckmediyor. Bilgiye saniyeler i\u00e7inde ula\u015f\u0131yor, sanal d\u00fcnyalarda ya\u015f\u0131yorlar. Peki, bu dijital sel<span class=\"excerpt-hellip\"> [\u2026]<\/span><\/p>\n","protected":false},"featured_media":0,"template":"","meta":{"_monsterinsights_skip_tracking":false,"_monsterinsights_sitenote_active":false,"_monsterinsights_sitenote_note":"","_monsterinsights_sitenote_category":0},"product_brand":[],"product_cat":[12831,12324],"product_tag":[],"class_list":{"0":"post-770688","1":"product","2":"type-product","3":"status-publish","5":"product_cat-aile-ve-cocuk","6":"product_cat-sosyoloji","7":"pa_cilt-ciltsiz","8":"pa_tur-kitap","9":"pa_yayinevi-hayat-yayinlari","10":"pa_yazar-aykut-ackalmaz-semra-aydin","12":"first","13":"instock","14":"sale","15":"shipping-taxable","16":"purchasable","17":"product-type-simple"},"_links":{"self":[{"href":"https:\/\/roveyayinevi.com.tr\/index.php\/wp-json\/wp\/v2\/product\/770688","targetHints":{"allow":["GET"]}}],"collection":[{"href":"https:\/\/roveyayinevi.com.tr\/index.php\/wp-json\/wp\/v2\/product"}],"about":[{"href":"https:\/\/roveyayinevi.com.tr\/index.php\/wp-json\/wp\/v2\/types\/product"}],"wp:attachment":[{"href":"https:\/\/roveyayinevi.com.tr\/index.php\/wp-json\/wp\/v2\/media?parent=770688"}],"wp:term":[{"taxonomy":"product_brand","embeddable":true,"href":"https:\/\/roveyayinevi.com.tr\/index.php\/wp-json\/wp\/v2\/product_brand?post=770688"},{"taxonomy":"product_cat","embeddable":true,"href":"https:\/\/roveyayinevi.com.tr\/index.php\/wp-json\/wp\/v2\/product_cat?post=770688"},{"taxonomy":"product_tag","embeddable":true,"href":"https:\/\/roveyayinevi.com.tr\/index.php\/wp-json\/wp\/v2\/product_tag?post=770688"}],"curies":[{"name":"wp","href":"https:\/\/api.w.org\/{rel}","templated":true}]}}