{"id":770687,"date":"2025-08-28T14:39:48","date_gmt":"2025-08-28T11:39:48","guid":{"rendered":"https:\/\/roveyayinevi.com.tr\/index.php\/urun\/bozkurt-2\/"},"modified":"2026-04-15T03:37:08","modified_gmt":"2026-04-15T00:37:08","slug":"bozkurt-2","status":"publish","type":"product","link":"https:\/\/roveyayinevi.com.tr\/index.php\/urun\/bozkurt-2\/","title":{"rendered":"Bozk\u00fcrt"},"content":{"rendered":"<p>Siyasi Tarihin Etkin Oyuncular\u0131: \u00dclk\u00fcc\u00fc K\u00fcrtlerin Sakl\u0131 Kalm\u0131\u015f Hik\u00e2yesi Tarihin tozlu sayfalar\u0131nda, ideolojilerin ve kimliklerin kesi\u015fim noktas\u0131nda bir hik\u00e2ye sakl\u0131: Bozk\u00fcrtler! Onlar kimdi? Ne i\u00e7in m\u00fccadele ettiler? Ve en \u00f6nemlisi, bug\u00fcn nas\u0131l bir miras b\u0131rakt\u0131lar? Gazeteci-yazar Ahmet Din\u00e7, Bozk\u00fcrt-\u00dclk\u00fcc\u00fc K\u00fcrtlerin Sakl\u0131 Kalm\u0131\u015f Hik\u00e2yesi kitab\u0131nda, \u00dclk\u00fcc\u00fc Hareket\u2019in bilinmeyen y\u00fcz\u00fcn\u00fc, K\u00fcrtler ve Zazalarla kurdu\u011fu tarihi ba\u011f\u0131, T\u00fcrke\u015f\u2019in liderli\u011finde nas\u0131l bir yol izlediklerini mercek alt\u0131na al\u0131yor. Diyarbak\u0131r\u2019dan Ankara\u2019ya, miting meydanlar\u0131ndan siyasi karar masalar\u0131na kadar uzanan bu ser\u00fcven, hem bireylerin hem de toplumun d\u00f6n\u00fc\u015f\u00fcm\u00fcn\u00fc g\u00f6zler \u00f6n\u00fcne seriyor. \u2714 Ziya G\u00f6kalp ve S\u00fcleyman Nazif gibi akraba iki Bozk\u00fcrt\u2019\u00fcn miras\u0131 neydi? \u2714 Mesut Barzani\u2019nin amcas\u0131 hangi Bozk\u00fcrt taraf\u0131ndan idam ettirildi? \u2714 T\u00fcrke\u015f\u2019in \u201cBa\u015fbu\u011f\u201d olarak an\u0131lmas\u0131na neden olan o kritik olay neydi? \u2714 PKK sonras\u0131 d\u00f6nemde Bozk\u00fcrtler nas\u0131l bir misyon \u00fcstlenecek? K\u00fcrt ve Zaza k\u00f6kenli \u00dclk\u00fcc\u00fclerin hareket i\u00e7indeki etkisini, misyonlar\u0131n\u0131 ve toplumsal d\u00f6n\u00fc\u015f\u00fcmde oynad\u0131klar\u0131 rol\u00fc cesur bir bak\u0131\u015f a\u00e7\u0131s\u0131yla ele alan Bozk\u00fcrt, yak\u0131n tarihe dair ezberleri bozan, \u00e7arp\u0131c\u0131 bir anlat\u0131 sunuyor. Ge\u00e7mi\u015fin izini s\u00fcrmek, bug\u00fcn\u00fc anlamak ve gelece\u011fe \u0131\u015f\u0131k tutmak isteyenler i\u00e7in sars\u0131c\u0131 bir okuma\u2026<\/p>\n","protected":false},"excerpt":{"rendered":"<p>Siyasi Tarihin Etkin Oyuncular\u0131: \u00dclk\u00fcc\u00fc K\u00fcrtlerin Sakl\u0131 Kalm\u0131\u015f Hik\u00e2yesi Tarihin tozlu sayfalar\u0131nda, ideolojilerin ve kimliklerin kesi\u015fim noktas\u0131nda bir hik\u00e2ye sakl\u0131: Bozk\u00fcrtler! Onlar kimdi? Ne i\u00e7in m\u00fccadele<span class=\"excerpt-hellip\"> [\u2026]<\/span><\/p>\n","protected":false},"featured_media":0,"template":"","meta":{"_monsterinsights_skip_tracking":false,"_monsterinsights_sitenote_active":false,"_monsterinsights_sitenote_note":"","_monsterinsights_sitenote_category":0},"product_brand":[],"product_cat":[13590,12337],"product_tag":[],"class_list":{"0":"post-770687","1":"product","2":"type-product","3":"status-publish","5":"product_cat-arastirma-inceleme-politika-siyaset","6":"product_cat-politika-siyaset","7":"pa_cilt-ciltsiz","8":"pa_tur-kitap","9":"pa_yayinevi-hayat-yayinlari","10":"pa_yazar-ahmet-dinc","12":"first","13":"instock","14":"sale","15":"shipping-taxable","16":"purchasable","17":"product-type-simple"},"_links":{"self":[{"href":"https:\/\/roveyayinevi.com.tr\/index.php\/wp-json\/wp\/v2\/product\/770687","targetHints":{"allow":["GET"]}}],"collection":[{"href":"https:\/\/roveyayinevi.com.tr\/index.php\/wp-json\/wp\/v2\/product"}],"about":[{"href":"https:\/\/roveyayinevi.com.tr\/index.php\/wp-json\/wp\/v2\/types\/product"}],"wp:attachment":[{"href":"https:\/\/roveyayinevi.com.tr\/index.php\/wp-json\/wp\/v2\/media?parent=770687"}],"wp:term":[{"taxonomy":"product_brand","embeddable":true,"href":"https:\/\/roveyayinevi.com.tr\/index.php\/wp-json\/wp\/v2\/product_brand?post=770687"},{"taxonomy":"product_cat","embeddable":true,"href":"https:\/\/roveyayinevi.com.tr\/index.php\/wp-json\/wp\/v2\/product_cat?post=770687"},{"taxonomy":"product_tag","embeddable":true,"href":"https:\/\/roveyayinevi.com.tr\/index.php\/wp-json\/wp\/v2\/product_tag?post=770687"}],"curies":[{"name":"wp","href":"https:\/\/api.w.org\/{rel}","templated":true}]}}