{"id":770682,"date":"2025-08-28T14:39:39","date_gmt":"2025-08-28T11:39:39","guid":{"rendered":"https:\/\/roveyayinevi.com.tr\/index.php\/urun\/trojans\/"},"modified":"2026-04-15T03:37:08","modified_gmt":"2026-04-15T00:37:08","slug":"trojans","status":"publish","type":"product","link":"https:\/\/roveyayinevi.com.tr\/index.php\/urun\/trojans\/","title":{"rendered":"Trojans"},"content":{"rendered":"<p>Ankara\u2019da Bir Ajan Okulu Heyeti (JAMMAT\/JUSMMAT) deste\u011fiyle 1957\u2019de ABD Hava Kuvvetleri Mensuplar\u0131 Aile Bireyleri Okulu (AHS) kuruldu. 1957-1958 d\u00f6nemini \u201cTrojans y\u0131l\u0131\u201d ilan eden AHS, \u00f6\u011frencilerini \u201cTrojans\u201d olarak adland\u0131rarak \u201cTruva at\u0131\u201d yeti\u015ftirme misyonunu benimsedi\u011fini duyurdu. So\u011fuk sava\u015f d\u00f6neminde AHS, ABD\u2019nin \u201cantikom\u00fcnizm\u201d m\u00fccadelesiyle T\u00fcrkiye ve \u00e7evresindeki politik operasyonlar\u0131n y\u00f6netildi\u011fi bir merkez h\u00e2line geldi. \u0130lk k\u0131v\u0131lc\u0131m, 2006\u2019da yazar\u0131n Ankara\u2019daki bir galeride klasik beyaz Chevrolet\u2019yi g\u00f6rmesiyle parlad\u0131. Arac\u0131n sahibi, AHS\u2019nin kurucu m\u00fcd\u00fcr\u00fc Jack E. Daseler\u2019di. Yazar, Chevrolet\u2019nin \u015fahadetnamesindeki s\u0131ra d\u0131\u015f\u0131 asker\u00ee yaz\u0131y\u0131 fark edince uzun soluklu bir ara\u015ft\u0131rma ser\u00fcveni ba\u015flad\u0131. AHS\u2019nin 1958-1985 aras\u0131ndaki y\u0131ll\u0131klar\u0131na, binlerce foto\u011frafa ve kapsaml\u0131 bir veri setine ula\u015f\u0131ld\u0131. Sonu\u00e7ta T\u00fcrkiye-ABD ili\u015fkilerinin giz perdesini aralayacak s\u0131ra d\u0131\u015f\u0131 bir ara\u015ft\u0131rma ortaya \u00e7\u0131kt\u0131. \u2022 \u201cTrojans\u201d isimlendirmesi, ABD\u2019nin T\u00fcrkiye\u2019deki stratejik varl\u0131\u011f\u0131 i\u00e7in bir metafor muydu? \u2022 Ankara\u2019daki ilk kad\u0131n CIA ajan\u0131 kimdi ve ard\u0131nda nas\u0131l etkiler b\u0131rakt\u0131? \u2022 Mason, Methodist Kilisesi ve &#8220;\u0130lluminati&#8221; \u00fcyeleri aras\u0131nda yer alan okul m\u00fcd\u00fcrleri kimlerdi ve hangi misyonu temsil ediyordu? \u2022 Almanya\u2019y\u0131 bombalayan darbeci generaller, masonlar ve CIA ajanlar\u0131, AHS\u2019nin y\u00f6netiminde nas\u0131l stratejik roller \u00fcstlendi? \u2022 George W. Bush ve e\u015fi Laura 1978\u2019de Ankara\u2019ya ni\u00e7in geldi ve ziyaretin okulla ilgisi neydi? \u2022 Antikom\u00fcnizm operasyonlar\u0131n\u0131n zirveye \u00e7\u0131kt\u0131\u011f\u0131 d\u00f6nemde AHS\u2019nin duvar\u0131na Lenin\u2019in foto\u011fraf\u0131 nas\u0131l as\u0131labildi? \u2022 Ankara\u2019daki \u201ck\u00fc\u00e7\u00fck Amerika\u201d g\u00f6r\u00fcnt\u00fcs\u00fc, okulun k\u00fclt\u00fcrel d\u00f6n\u00fc\u015f\u00fcm plan\u0131n\u0131n bir par\u00e7as\u0131 m\u0131yd\u0131? \u2022 Irak\u2019ta Kas\u0131m\u2019\u0131 deviren \u0130ngiliz B\u00fcy\u00fckel\u00e7isi\u2019nin AHS\u2019de ne i\u015fi vard\u0131? \u2022 Hangi y\u00f6netici, oynanm\u0131\u015f foto\u011fraf\u0131yla \u201cKa\u015f\u0131m\u0131n \u00fcst\u00fcnde g\u00f6z\u00fcm var\u201d mesaj\u0131n\u0131 veriyordu ve bunun anlam\u0131 neydi? \u2022 AHS \u00f6\u011frencileri, Anadolu\u2019da \u2018din ve mezhep haritas\u0131\u2019 \u00e7\u0131karan Bar\u0131\u015f G\u00f6n\u00fcll\u00fcleri\u2019ne nas\u0131l destek oldu? \u2022 \u0130n\u00f6n\u00fc\u2019n\u00fcn damad\u0131 Metin Toker AHS\u2019ye niye geldi? \u2022 BOP tam olarak ne zaman ba\u015flad\u0131 ve AHS ile nas\u0131l bir ba\u011flant\u0131s\u0131 vard\u0131? \u2022 Okul y\u00f6neticilerinin CENTO ve TUSLOG ile ba\u011flant\u0131lar\u0131 neyi i\u015faret ediyor? \u2022 Esrarengiz Albay Kamil Homri\u015f\u2019in AHS\u2019deki fonksiyonu neydi?<\/p>\n","protected":false},"excerpt":{"rendered":"<p>Ankara\u2019da Bir Ajan Okulu Heyeti (JAMMAT\/JUSMMAT) deste\u011fiyle 1957\u2019de ABD Hava Kuvvetleri Mensuplar\u0131 Aile Bireyleri Okulu (AHS) kuruldu. 1957-1958 d\u00f6nemini \u201cTrojans y\u0131l\u0131\u201d ilan eden AHS, \u00f6\u011frencilerini \u201cTrojans\u201d<span class=\"excerpt-hellip\"> [\u2026]<\/span><\/p>\n","protected":false},"featured_media":0,"template":"","meta":{"_monsterinsights_skip_tracking":false,"_monsterinsights_sitenote_active":false,"_monsterinsights_sitenote_note":"","_monsterinsights_sitenote_category":0},"product_brand":[],"product_cat":[13590,12337],"product_tag":[],"class_list":{"0":"post-770682","1":"product","2":"type-product","3":"status-publish","5":"product_cat-arastirma-inceleme-politika-siyaset","6":"product_cat-politika-siyaset","7":"pa_cilt-ciltsiz","8":"pa_tur-kitap","9":"pa_yayinevi-hayat-yayinlari","10":"pa_yazar-ahmet-koprulu","12":"first","13":"instock","14":"sale","15":"shipping-taxable","16":"purchasable","17":"product-type-simple"},"_links":{"self":[{"href":"https:\/\/roveyayinevi.com.tr\/index.php\/wp-json\/wp\/v2\/product\/770682","targetHints":{"allow":["GET"]}}],"collection":[{"href":"https:\/\/roveyayinevi.com.tr\/index.php\/wp-json\/wp\/v2\/product"}],"about":[{"href":"https:\/\/roveyayinevi.com.tr\/index.php\/wp-json\/wp\/v2\/types\/product"}],"wp:attachment":[{"href":"https:\/\/roveyayinevi.com.tr\/index.php\/wp-json\/wp\/v2\/media?parent=770682"}],"wp:term":[{"taxonomy":"product_brand","embeddable":true,"href":"https:\/\/roveyayinevi.com.tr\/index.php\/wp-json\/wp\/v2\/product_brand?post=770682"},{"taxonomy":"product_cat","embeddable":true,"href":"https:\/\/roveyayinevi.com.tr\/index.php\/wp-json\/wp\/v2\/product_cat?post=770682"},{"taxonomy":"product_tag","embeddable":true,"href":"https:\/\/roveyayinevi.com.tr\/index.php\/wp-json\/wp\/v2\/product_tag?post=770682"}],"curies":[{"name":"wp","href":"https:\/\/api.w.org\/{rel}","templated":true}]}}