{"id":770681,"date":"2025-08-28T14:39:37","date_gmt":"2025-08-28T11:39:37","guid":{"rendered":"https:\/\/roveyayinevi.com.tr\/index.php\/urun\/sessizligin-mesaji\/"},"modified":"2026-04-15T03:37:08","modified_gmt":"2026-04-15T00:37:08","slug":"sessizligin-mesaji","status":"publish","type":"product","link":"https:\/\/roveyayinevi.com.tr\/index.php\/urun\/sessizligin-mesaji\/","title":{"rendered":"Sessizli\u011fin Mesaj\u0131"},"content":{"rendered":"<p>Se\u00e7kin Zenginler\u2019den Derin Bir Fark\u0131ndal\u0131k Yolculu\u011fu: Sessizli\u011fin Mesaj\u0131 Hayat\u0131n ko\u015fu\u015fturmacas\u0131nda, zihnimizin hi\u00e7 susmayan seslerinde ve kimliklerimizin g\u00f6lgesinde unuttu\u011fumuz bir \u015fey var: Sessizlik. Oysa sessizlik, huzurun, birli\u011fin ve ger\u00e7ek varolu\u015fun kendisi\u2026 Se\u00e7kin Zenginler, Sessizli\u011fin Mesaj\u0131 ile okuyucusunu derin bir fark\u0131ndal\u0131k \u00e7a\u011fr\u0131s\u0131na davet ediyor. \u015eu an bir ge\u00e7mi\u015fin ve ismin olmasa kendini nas\u0131l tan\u0131t\u0131rd\u0131n?   Bizi biz yapt\u0131\u011f\u0131n\u0131 zannetti\u011fimiz d\u00fc\u015f\u00fcncelerimiz, duygular\u0131m\u0131z ve bedenimiz her an de\u011fi\u015fiyorken biz ger\u00e7ekte kimiz?   Mutlulu\u011fun elde edi\u015flerde de\u011fil, fark edi\u015flerde oldu\u011funu anlatan Sessizli\u011fin Mesaj\u0131 okuyucusuna; \u201cBen kimim?\u201d sorusu ile insan\u0131n g\u00f6r\u00fcnenin \u00f6tesindeki varl\u0131\u011f\u0131n\u0131 hat\u0131rlama yolculu\u011funda i\u015faretler sunuyor.   Bu kitap, insano\u011flunun i\u00e7 potansiyelinin fark\u0131na varmad\u0131k\u00e7a kafas\u0131n\u0131n i\u00e7inde konu\u015fan, onu duygudan duyguya, d\u00fc\u015f\u00fcnceden d\u00fc\u015f\u00fcnceye sokan sesin insan\u0131 s\u0131n\u0131rl\u0131 insan alg\u0131s\u0131nda tuttu\u011funu ger\u00e7ek \u00f6z\u00fcn\u00fc, ruhsall\u0131\u011f\u0131n\u0131 unutturdu\u011funu, ayr\u0131 bir kimlik yan\u0131lg\u0131s\u0131na mahk\u00fbm etti\u011fini ve bu hayattaki en b\u00fcy\u00fck s\u0131nav\u0131n da bu oldu\u011funu farkl\u0131 ekollerden \u00f6rnekler ile harmanlayarak okuyucusuna aktar\u0131yor. \u015eimdi, i\u00e7indeki sessizli\u011fe kulak verme zaman\u0131. <\/p>\n","protected":false},"excerpt":{"rendered":"<p>Se\u00e7kin Zenginler\u2019den Derin Bir Fark\u0131ndal\u0131k Yolculu\u011fu: Sessizli\u011fin Mesaj\u0131 Hayat\u0131n ko\u015fu\u015fturmacas\u0131nda, zihnimizin hi\u00e7 susmayan seslerinde ve kimliklerimizin g\u00f6lgesinde unuttu\u011fumuz bir \u015fey var: Sessizlik. Oysa sessizlik, huzurun, birli\u011fin<span class=\"excerpt-hellip\"> [\u2026]<\/span><\/p>\n","protected":false},"featured_media":0,"template":"","meta":{"_monsterinsights_skip_tracking":false,"_monsterinsights_sitenote_active":false,"_monsterinsights_sitenote_note":"","_monsterinsights_sitenote_category":0},"product_brand":[],"product_cat":[12364,12376],"product_tag":[],"class_list":{"0":"post-770681","1":"product","2":"type-product","3":"status-publish","5":"product_cat-genel-konular","6":"product_cat-kisisel-gelisim","7":"pa_cilt-ciltsiz","8":"pa_tur-kitap","9":"pa_yayinevi-hayat-yayinlari","10":"pa_yazar-seckin-zenginler","12":"first","13":"instock","14":"sale","15":"shipping-taxable","16":"purchasable","17":"product-type-simple"},"_links":{"self":[{"href":"https:\/\/roveyayinevi.com.tr\/index.php\/wp-json\/wp\/v2\/product\/770681","targetHints":{"allow":["GET"]}}],"collection":[{"href":"https:\/\/roveyayinevi.com.tr\/index.php\/wp-json\/wp\/v2\/product"}],"about":[{"href":"https:\/\/roveyayinevi.com.tr\/index.php\/wp-json\/wp\/v2\/types\/product"}],"wp:attachment":[{"href":"https:\/\/roveyayinevi.com.tr\/index.php\/wp-json\/wp\/v2\/media?parent=770681"}],"wp:term":[{"taxonomy":"product_brand","embeddable":true,"href":"https:\/\/roveyayinevi.com.tr\/index.php\/wp-json\/wp\/v2\/product_brand?post=770681"},{"taxonomy":"product_cat","embeddable":true,"href":"https:\/\/roveyayinevi.com.tr\/index.php\/wp-json\/wp\/v2\/product_cat?post=770681"},{"taxonomy":"product_tag","embeddable":true,"href":"https:\/\/roveyayinevi.com.tr\/index.php\/wp-json\/wp\/v2\/product_tag?post=770681"}],"curies":[{"name":"wp","href":"https:\/\/api.w.org\/{rel}","templated":true}]}}