{"id":770680,"date":"2025-08-28T14:39:36","date_gmt":"2025-08-28T11:39:36","guid":{"rendered":"https:\/\/roveyayinevi.com.tr\/index.php\/urun\/olur-mu-askim\/"},"modified":"2026-04-15T03:37:08","modified_gmt":"2026-04-15T00:37:08","slug":"olur-mu-askim","status":"publish","type":"product","link":"https:\/\/roveyayinevi.com.tr\/index.php\/urun\/olur-mu-askim\/","title":{"rendered":"Olur mu A\u015fk\u0131m?"},"content":{"rendered":"<p>Her ya\u015fanan bir travma de\u011fildir. Her s\u0131k\u0131nt\u0131ya bir anlam y\u00fcklemenin   gere\u011fi de yok .   Bazen iyi bazen k\u00f6t\u00fc olursun . Bazen en iyi terapi bo\u015f vermektir. Bazen de yaln\u0131zca ge\u00e7mi\u015fe g\u00fcl\u00fcmsemek&#8230; Ba\u015f\u0131na gelen her olay\u0131 ciddiye almaktan ya\u015fam\u0131n ne\u015fesini ka\u00e7\u0131rma. <\/p>\n","protected":false},"excerpt":{"rendered":"<p>Her ya\u015fanan bir travma de\u011fildir. Her s\u0131k\u0131nt\u0131ya bir anlam y\u00fcklemenin gere\u011fi de yok . Bazen iyi bazen k\u00f6t\u00fc olursun . Bazen en iyi terapi bo\u015f vermektir.<span class=\"excerpt-hellip\"> [\u2026]<\/span><\/p>\n","protected":false},"featured_media":0,"template":"","meta":{"_monsterinsights_skip_tracking":false,"_monsterinsights_sitenote_active":false,"_monsterinsights_sitenote_note":"","_monsterinsights_sitenote_category":0},"product_brand":[],"product_cat":[12364,12376],"product_tag":[],"class_list":{"0":"post-770680","1":"product","2":"type-product","3":"status-publish","5":"product_cat-genel-konular","6":"product_cat-kisisel-gelisim","7":"pa_cilt-ciltsiz","8":"pa_tur-kitap","9":"pa_yayinevi-nemesis-kitap","10":"pa_yazar-askim-kapismak","12":"first","13":"instock","14":"sale","15":"shipping-taxable","16":"purchasable","17":"product-type-simple"},"_links":{"self":[{"href":"https:\/\/roveyayinevi.com.tr\/index.php\/wp-json\/wp\/v2\/product\/770680","targetHints":{"allow":["GET"]}}],"collection":[{"href":"https:\/\/roveyayinevi.com.tr\/index.php\/wp-json\/wp\/v2\/product"}],"about":[{"href":"https:\/\/roveyayinevi.com.tr\/index.php\/wp-json\/wp\/v2\/types\/product"}],"wp:attachment":[{"href":"https:\/\/roveyayinevi.com.tr\/index.php\/wp-json\/wp\/v2\/media?parent=770680"}],"wp:term":[{"taxonomy":"product_brand","embeddable":true,"href":"https:\/\/roveyayinevi.com.tr\/index.php\/wp-json\/wp\/v2\/product_brand?post=770680"},{"taxonomy":"product_cat","embeddable":true,"href":"https:\/\/roveyayinevi.com.tr\/index.php\/wp-json\/wp\/v2\/product_cat?post=770680"},{"taxonomy":"product_tag","embeddable":true,"href":"https:\/\/roveyayinevi.com.tr\/index.php\/wp-json\/wp\/v2\/product_tag?post=770680"}],"curies":[{"name":"wp","href":"https:\/\/api.w.org\/{rel}","templated":true}]}}