{"id":770679,"date":"2025-08-28T14:39:34","date_gmt":"2025-08-28T11:39:34","guid":{"rendered":"https:\/\/roveyayinevi.com.tr\/index.php\/urun\/3-yas-hikayeleri\/"},"modified":"2026-04-15T03:37:08","modified_gmt":"2026-04-15T00:37:08","slug":"3-yas-hikayeleri","status":"publish","type":"product","link":"https:\/\/roveyayinevi.com.tr\/index.php\/urun\/3-yas-hikayeleri\/","title":{"rendered":"3 Ya\u015f Hikayeleri"},"content":{"rendered":"<p>3 ya\u015f, \u00e7ocuklar\u0131n hayal g\u00fc\u00e7lerinin zirveye ula\u015ft\u0131\u011f\u0131, dil becerilerinin h\u0131zla geli\u015fti\u011fi ve \u00f6\u011frenmeye en a\u00e7\u0131k olduklar\u0131 d\u00f6nemlerden biridir. 3 Ya\u015f Hik\u00e2yeleri, bu ya\u015f grubundaki \u00e7ocuklar\u0131n bili\u015fsel ve duygusal geli\u015fimine katk\u0131 sa\u011flamak i\u00e7in \u00f6zel olarak haz\u0131rlanm\u0131\u015ft\u0131r. Bu kitap, miniklerin ilgisini \u00e7ekecek e\u011flenceli ve \u00f6\u011fretici hik\u00e2yeler i\u00e7erir. Hik\u00e2yelerde do\u011fa, hayvanlar, arkada\u015fl\u0131k ve ke\u015fif gibi konular i\u015flenirken, tekrar eden kelimeler ve ak\u0131c\u0131 anlat\u0131m sayesinde \u00e7ocuklar\u0131n dil geli\u015fimi desteklenir. Ayr\u0131ca, kitap i\u00e7erisindeki olaylar \u00e7ocuklar\u0131n duygusal zek\u00e2lar\u0131n\u0131 geli\u015ftirmeye yard\u0131mc\u0131 olur; empati kurmalar\u0131n\u0131, sorun \u00e7\u00f6zme becerilerini geli\u015ftirmelerini ve yeni \u015feyler ke\u015ffetmelerini sa\u011flar. E\u011flenceli ve renkli ill\u00fcstrasyonlarla desteklenen bu kitap, \u00e7ocuklar\u0131n kitaplara olan ilgisini art\u0131r\u0131rken, ayn\u0131 zamanda ebeveynlerin \u00e7ocuklar\u0131yla keyifli vakit ge\u00e7irmesini sa\u011flar. Hik\u00e2yeler, \u00e7ocuklar\u0131n hayal g\u00fcc\u00fcn\u00fc geli\u015ftirirken ayn\u0131 zamanda e\u011flenceli oyunlara da ilham verebilir. 3 Ya\u015f Hik\u00e2yeleri ile \u00e7ocu\u011funuzun dil geli\u015fimini destekleyin, onun hayal d\u00fcnyas\u0131n\u0131 geni\u015fletin ve birlikte unutulmaz anlar ya\u015fay\u0131n! Bu k\u0131sac\u0131k hik\u00e2yelerle \u00e7ocu\u011funuzun merak duygusunu destekleyerek ileti\u015fiminizi g\u00fc\u00e7lendireceksiniz. \u00c7ocu\u011funuzun kendisini ifade etmesine ve \u00f6zg\u00fcrce sorular sormas\u0131na yard\u0131mc\u0131 olacaks\u0131n\u0131z. Minik hik\u00e2yeler kocaman oyunlara d\u00f6n\u00fc\u015f\u00fcrken \u00e7ok e\u011fleneceksiniz.<\/p>\n","protected":false},"excerpt":{"rendered":"<p>3 ya\u015f, \u00e7ocuklar\u0131n hayal g\u00fc\u00e7lerinin zirveye ula\u015ft\u0131\u011f\u0131, dil becerilerinin h\u0131zla geli\u015fti\u011fi ve \u00f6\u011frenmeye en a\u00e7\u0131k olduklar\u0131 d\u00f6nemlerden biridir. 3 Ya\u015f Hik\u00e2yeleri, bu ya\u015f grubundaki \u00e7ocuklar\u0131n bili\u015fsel<span class=\"excerpt-hellip\"> [\u2026]<\/span><\/p>\n","protected":false},"featured_media":0,"template":"","meta":{"_monsterinsights_skip_tracking":false,"_monsterinsights_sitenote_active":false,"_monsterinsights_sitenote_note":"","_monsterinsights_sitenote_category":0},"product_brand":[],"product_cat":[12274,12284],"product_tag":[],"class_list":{"0":"post-770679","1":"product","2":"type-product","3":"status-publish","5":"product_cat-cocuk-ve-genclik-kitaplari","6":"product_cat-hikayeler","7":"pa_cilt-ciltsiz","8":"pa_tur-kitap","9":"pa_yayinevi-masalperest","10":"pa_yazar-ayca-atci","12":"first","13":"instock","14":"sale","15":"shipping-taxable","16":"purchasable","17":"product-type-simple"},"_links":{"self":[{"href":"https:\/\/roveyayinevi.com.tr\/index.php\/wp-json\/wp\/v2\/product\/770679","targetHints":{"allow":["GET"]}}],"collection":[{"href":"https:\/\/roveyayinevi.com.tr\/index.php\/wp-json\/wp\/v2\/product"}],"about":[{"href":"https:\/\/roveyayinevi.com.tr\/index.php\/wp-json\/wp\/v2\/types\/product"}],"wp:attachment":[{"href":"https:\/\/roveyayinevi.com.tr\/index.php\/wp-json\/wp\/v2\/media?parent=770679"}],"wp:term":[{"taxonomy":"product_brand","embeddable":true,"href":"https:\/\/roveyayinevi.com.tr\/index.php\/wp-json\/wp\/v2\/product_brand?post=770679"},{"taxonomy":"product_cat","embeddable":true,"href":"https:\/\/roveyayinevi.com.tr\/index.php\/wp-json\/wp\/v2\/product_cat?post=770679"},{"taxonomy":"product_tag","embeddable":true,"href":"https:\/\/roveyayinevi.com.tr\/index.php\/wp-json\/wp\/v2\/product_tag?post=770679"}],"curies":[{"name":"wp","href":"https:\/\/api.w.org\/{rel}","templated":true}]}}