{"id":770678,"date":"2025-08-28T14:39:33","date_gmt":"2025-08-28T11:39:33","guid":{"rendered":"https:\/\/roveyayinevi.com.tr\/index.php\/urun\/afrikanin-son-dansi-ciltli\/"},"modified":"2026-04-15T03:37:08","modified_gmt":"2026-04-15T00:37:08","slug":"afrikanin-son-dansi-ciltli","status":"publish","type":"product","link":"https:\/\/roveyayinevi.com.tr\/index.php\/urun\/afrikanin-son-dansi-ciltli\/","title":{"rendered":"Afrika\u2019n\u0131n Son Dans\u0131 (Ciltli)"},"content":{"rendered":"<p>Bu kitap, Afrika\u2019n\u0131n ritmine bir davettir\u2026 Her ad\u0131mda do\u011fan\u0131n kalp at\u0131\u015f\u0131n\u0131 duyacaks\u0131n\u0131z. Ne\u015fenin ru\u0308zg\u00e2rla yu\u0308kselip bulutlara dokundu\u011funu, trajedinin kumlarla savrulup uzaklara ta\u015f\u0131nd\u0131\u011f\u0131n\u0131 hissedeceksiniz.   \u0130lk ad\u0131mlar\u0131n\u0131z\u0131n sesini duyacaks\u0131n\u0131z; insanl\u0131\u011f\u0131n k\u00f6klerinden gelen, unuttu\u011fumuz bir \u015fark\u0131n\u0131n s\u00f6zlerini de. Toprak size s\u0131rlar\u0131n\u0131 f\u0131s\u0131ldayacak; yu\u0308zy\u0131llar\u0131n biriken hikayelerini. Burada yaz\u0131lanlar ger\u00e7ek: G\u00f6klerin alt\u0131ndaki ilk \u015fark\u0131dan, tu\u0308keni\u015fin son yank\u0131s\u0131na kadar uzanan bir melodi.   Bu dans ya\u015fam\u0131n kendisi kadar bu\u0308yu\u0308lu\u0308 ve karma\u015f\u0131k. Her sayfay\u0131 \u00e7evirdi\u011finizde ad\u0131mlar\u0131n\u0131z Afrika\u2019n\u0131n kalbine dokunacak. Bu onunla son dans\u0131n\u0131z, belki de ilk&#8230; <\/p>\n","protected":false},"excerpt":{"rendered":"<p>Bu kitap, Afrika\u2019n\u0131n ritmine bir davettir\u2026 Her ad\u0131mda do\u011fan\u0131n kalp at\u0131\u015f\u0131n\u0131 duyacaks\u0131n\u0131z. Ne\u015fenin ru\u0308zg\u00e2rla yu\u0308kselip bulutlara dokundu\u011funu, trajedinin kumlarla savrulup uzaklara ta\u015f\u0131nd\u0131\u011f\u0131n\u0131 hissedeceksiniz. \u0130lk ad\u0131mlar\u0131n\u0131z\u0131n sesini<span class=\"excerpt-hellip\"> [\u2026]<\/span><\/p>\n","protected":false},"featured_media":0,"template":"","meta":{"_monsterinsights_skip_tracking":false,"_monsterinsights_sitenote_active":false,"_monsterinsights_sitenote_note":"","_monsterinsights_sitenote_category":0},"product_brand":[],"product_cat":[12365,12364],"product_tag":[],"class_list":{"0":"post-770678","1":"product","2":"type-product","3":"status-publish","5":"product_cat-diger-genel-konular","6":"product_cat-genel-konular","7":"pa_cilt-ciltli","8":"pa_tur-kitap","9":"pa_yayinevi-kara-karga-yayinlari","10":"pa_yazar-nazan-askalli","12":"first","13":"instock","14":"sale","15":"shipping-taxable","16":"purchasable","17":"product-type-simple"},"_links":{"self":[{"href":"https:\/\/roveyayinevi.com.tr\/index.php\/wp-json\/wp\/v2\/product\/770678","targetHints":{"allow":["GET"]}}],"collection":[{"href":"https:\/\/roveyayinevi.com.tr\/index.php\/wp-json\/wp\/v2\/product"}],"about":[{"href":"https:\/\/roveyayinevi.com.tr\/index.php\/wp-json\/wp\/v2\/types\/product"}],"wp:attachment":[{"href":"https:\/\/roveyayinevi.com.tr\/index.php\/wp-json\/wp\/v2\/media?parent=770678"}],"wp:term":[{"taxonomy":"product_brand","embeddable":true,"href":"https:\/\/roveyayinevi.com.tr\/index.php\/wp-json\/wp\/v2\/product_brand?post=770678"},{"taxonomy":"product_cat","embeddable":true,"href":"https:\/\/roveyayinevi.com.tr\/index.php\/wp-json\/wp\/v2\/product_cat?post=770678"},{"taxonomy":"product_tag","embeddable":true,"href":"https:\/\/roveyayinevi.com.tr\/index.php\/wp-json\/wp\/v2\/product_tag?post=770678"}],"curies":[{"name":"wp","href":"https:\/\/api.w.org\/{rel}","templated":true}]}}