{"id":770677,"date":"2025-08-28T14:39:31","date_gmt":"2025-08-28T11:39:31","guid":{"rendered":"https:\/\/roveyayinevi.com.tr\/index.php\/urun\/21-gunde-dusunce-detoksu\/"},"modified":"2026-04-15T03:37:08","modified_gmt":"2026-04-15T00:37:08","slug":"21-gunde-dusunce-detoksu","status":"publish","type":"product","link":"https:\/\/roveyayinevi.com.tr\/index.php\/urun\/21-gunde-dusunce-detoksu\/","title":{"rendered":"21 G\u00fcnde D\u00fc\u015f\u00fcnce Detoksu"},"content":{"rendered":"<p>Zihniniz ger\u00e7ekten size mi ait, yoksa ge\u00e7mi\u015ften gelen kayg\u0131lar, pi\u015fmanl\u0131klar ve korkular taraf\u0131ndan m\u0131 y\u00f6netiliyor?   Zihninizde d\u00f6n\u00fcp duran olumsuz d\u00fc\u015f\u00fcnceler hayat\u0131n\u0131z\u0131 nas\u0131l etkiliyor ? Peki, bu d\u00fc\u015f\u00fcnceler sizi ileriye mi ta\u015f\u0131yor, yoksa fark\u0131nda olmadan geriye mi \u00e7ekiyor?   21 G\u00fcnde D\u00fc\u015f\u00fcnce Detoksu, zihninizi toksik d\u00fc\u015f\u00fcncelerden ar\u0131nd\u0131rarak sizi daha \u00f6zg\u00fcr, daha huzurlu ve daha dengeli bir hayata davet ediyor. Bu yolculuk yaln\u0131zca bir zihinsel temizlik de\u011fil, ayn\u0131 zamanda kendinize olan inanc\u0131n\u0131z\u0131 yeniden kazanma ve hayat\u0131n\u0131z\u0131 istedi\u011finiz y\u00f6nde \u015fekillendirme s\u00fcrecidir.   Bu rehberde, negatif d\u00fc\u015f\u00fcnce kal\u0131plar\u0131n\u0131 fark edip d\u00f6n\u00fc\u015ft\u00fcrmeyi, g\u00fcnl\u00fck pratikler ve fark\u0131ndal\u0131k egzersizleriyle zihninizi disipline etmeyi, pozitif d\u00fc\u015f\u00fcnme al\u0131\u015fkanl\u0131klar\u0131 geli\u015ftirerek hayat\u0131n\u0131z\u0131 yeni bir seviyeye ta\u015f\u0131may\u0131 \u00f6\u011freneceksiniz.   B\u00fclent Gardiyano\u011flu\u2019nun k\u0131lavuzlu\u011funda, d\u00fc\u015f\u00fcncelerinizin efendisi olmay\u0131 se\u00e7in! Eski kal\u0131plar\u0131n\u0131z\u0131 k\u0131r\u0131n, zihinsel y\u00fcklerinizden ar\u0131n\u0131n ve kendi g\u00fcc\u00fcn\u00fcz\u00fc ke\u015ffedin.   De\u011fi\u015fim i\u00e7in bir ad\u0131m atmaya haz\u0131r m\u0131s\u0131n\u0131z? O halde \u015fimdi ba\u015flay\u0131n. Yeni bir hayat\u0131 hak ediyorsunuz&#8230; <\/p>\n","protected":false},"excerpt":{"rendered":"<p>Zihniniz ger\u00e7ekten size mi ait, yoksa ge\u00e7mi\u015ften gelen kayg\u0131lar, pi\u015fmanl\u0131klar ve korkular taraf\u0131ndan m\u0131 y\u00f6netiliyor? Zihninizde d\u00f6n\u00fcp duran olumsuz d\u00fc\u015f\u00fcnceler hayat\u0131n\u0131z\u0131 nas\u0131l etkiliyor ? Peki, bu<span class=\"excerpt-hellip\"> [\u2026]<\/span><\/p>\n","protected":false},"featured_media":0,"template":"","meta":{"_monsterinsights_skip_tracking":false,"_monsterinsights_sitenote_active":false,"_monsterinsights_sitenote_note":"","_monsterinsights_sitenote_category":0},"product_brand":[],"product_cat":[12364,12376],"product_tag":[],"class_list":{"0":"post-770677","1":"product","2":"type-product","3":"status-publish","5":"product_cat-genel-konular","6":"product_cat-kisisel-gelisim","7":"pa_cilt-ciltsiz","8":"pa_tur-kitap","9":"pa_yayinevi-destek-yayinlari","10":"pa_yazar-bulent-gardiyanoglu","12":"first","13":"instock","14":"sale","15":"shipping-taxable","16":"purchasable","17":"product-type-simple"},"_links":{"self":[{"href":"https:\/\/roveyayinevi.com.tr\/index.php\/wp-json\/wp\/v2\/product\/770677","targetHints":{"allow":["GET"]}}],"collection":[{"href":"https:\/\/roveyayinevi.com.tr\/index.php\/wp-json\/wp\/v2\/product"}],"about":[{"href":"https:\/\/roveyayinevi.com.tr\/index.php\/wp-json\/wp\/v2\/types\/product"}],"wp:attachment":[{"href":"https:\/\/roveyayinevi.com.tr\/index.php\/wp-json\/wp\/v2\/media?parent=770677"}],"wp:term":[{"taxonomy":"product_brand","embeddable":true,"href":"https:\/\/roveyayinevi.com.tr\/index.php\/wp-json\/wp\/v2\/product_brand?post=770677"},{"taxonomy":"product_cat","embeddable":true,"href":"https:\/\/roveyayinevi.com.tr\/index.php\/wp-json\/wp\/v2\/product_cat?post=770677"},{"taxonomy":"product_tag","embeddable":true,"href":"https:\/\/roveyayinevi.com.tr\/index.php\/wp-json\/wp\/v2\/product_tag?post=770677"}],"curies":[{"name":"wp","href":"https:\/\/api.w.org\/{rel}","templated":true}]}}