{"id":770675,"date":"2025-08-28T14:39:28","date_gmt":"2025-08-28T11:39:28","guid":{"rendered":"https:\/\/roveyayinevi.com.tr\/index.php\/urun\/iki-siir-dostu-cahit-ve-ziya\/"},"modified":"2026-04-15T03:37:08","modified_gmt":"2026-04-15T00:37:08","slug":"iki-siir-dostu-cahit-ve-ziya","status":"publish","type":"product","link":"https:\/\/roveyayinevi.com.tr\/index.php\/urun\/iki-siir-dostu-cahit-ve-ziya\/","title":{"rendered":"\u0130ki \u015eiir Dostu Cahit ve Ziya"},"content":{"rendered":"<p>Cahit S\u0131tk\u0131 ile Ziya Osman aras\u0131nda bulunan ve \u00f6l\u00fcm onlar ay\u0131r\u0131ncaya kadar s\u00fcren dostluk, bizlere arkada\u015fl\u0131\u011f\u0131n ne derece ehemmiyetli bir de\u011fer oldu\u011funun vesikas\u0131d\u0131r. Onlar tan\u0131\u015ft\u0131klar\u0131 ilk andan itibaren s\u0131k\u0131 bir rab\u0131ta ile birbirlerine ba\u011flanm\u0131\u015flar ve ayr\u0131 d\u00fc\u015ft\u00fckleri her an, aralar\u0131ndaki bu b\u00fcy\u00fck dostlu\u011fun \u00f6zlemini duyarak, birbirlerine yazd\u0131klar\u0131 mektuplar ile bu hasreti gidermeye \u00e7al\u0131\u015fm\u0131\u015flard\u0131r. Ziya, Cahit\u2019in \u00f6l\u00fcm\u00fcnden sonra kendini ona adam\u0131\u015f gibiydi. Kendisine yazm\u0131\u015f oldu\u011fu mektuplar\u0131 ortaya \u00e7\u0131karmakla kalmay\u0131p, ona dair hat\u0131ralar\u0131n\u0131 yazd\u0131. Ziya Osman, \u00f6lmeden \u00f6nce yazd\u0131\u011f\u0131 bir mektubunda, Cahit i\u00e7in \u015funlar\u0131 s\u00f6yl\u00fcyor: \u201c&#8230; Cahit S\u0131tk\u0131 hakk\u0131nda, nihayet bir dergi sahifelerinin dar \u00e7er\u00e7evesi i\u00e7inde kal\u0131narak yaz\u0131lm\u0131\u015f birka\u00e7 yaz\u0131, Cahit\u2019in \u015fairli\u011fi, insanl\u0131\u011f\u0131 ve bana kar\u015f\u0131 g\u00f6stermi\u015f oldu\u011fu dostluk yan\u0131nda, sahiden hi\u00e7tir. Dostlu\u011fu as\u0131l o bana \u00f6\u011fretti. Ben mukabeleden aciz kald\u0131m. \u015eimdi, Onun bana yazm\u0131\u015f oldu\u011fu mektuplar\u0131 Latin harfleriyle temize \u00e7ekiyorum. \u2018Varl\u0131k\u2019ta yay\u0131mlanm\u0131\u015f oldu\u011fu gibi, in\u015fallah yak\u0131nda kitap halinde \u00e7\u0131kacak. \u015eair Cahit S\u0131tk\u0131\u2019n\u0131n ne kadar dost olabildi\u011fini o zaman daha iyi, daha yak\u0131ndan g\u00f6receksiniz.\u201d Ziya, bu mektuplar\u0131n temize \u00e7ekilme i\u015flemini tamamlad\u0131ktan bir g\u00fcn sonra, g\u00f6revini yerine getirmenin rahatl\u0131\u011f\u0131 i\u00e7inde mektuplar\u0131 Varl\u0131k Yay\u0131nevi\u2019ne teslim edip kendince g\u00f6revini tamamlad\u0131ktan sonra &#8211; belki de Cahit\u2019in yoklu\u011funa dayanamayarak &#8211; onun \u00f6l\u00fcm\u00fcnden yakla\u015f\u0131k \u00fc\u00e7 ay sonra &#8211; ge\u00e7irdi\u011fi bir kalp krizi sonucu bizleri yaln\u0131z b\u0131rak\u0131p, ebed\u00ee dostu Cahit S\u0131tk\u0131\u2019n\u0131n yan\u0131na gitti. Gen\u00e7 ya\u015fta \u00f6len bu iki \u015fair, dost insan, arkalar\u0131nda bu d\u00fcnyada herkesin imrenece\u011fi bir dostluk abidesi b\u0131rakt\u0131lar; h\u00e2l\u00e2 kurduklar\u0131 \u015fiir dostlu\u011fu ve arkada\u015fl\u0131kla bizlere numune olmaya devam ediyorlar. Mehmet Nuri PARMAKSIZ <\/p>\n","protected":false},"excerpt":{"rendered":"<p>Cahit S\u0131tk\u0131 ile Ziya Osman aras\u0131nda bulunan ve \u00f6l\u00fcm onlar ay\u0131r\u0131ncaya kadar s\u00fcren dostluk, bizlere arkada\u015fl\u0131\u011f\u0131n ne derece ehemmiyetli bir de\u011fer oldu\u011funun vesikas\u0131d\u0131r. Onlar tan\u0131\u015ft\u0131klar\u0131 ilk<span class=\"excerpt-hellip\"> [\u2026]<\/span><\/p>\n","protected":false},"featured_media":0,"template":"","meta":{"_monsterinsights_skip_tracking":false,"_monsterinsights_sitenote_active":false,"_monsterinsights_sitenote_note":"","_monsterinsights_sitenote_category":0},"product_brand":[],"product_cat":[13072,12291],"product_tag":[],"class_list":{"0":"post-770675","1":"product","2":"type-product","3":"status-publish","5":"product_cat-arastirma-inceleme-referans","6":"product_cat-edebiyat","7":"pa_cilt-ciltsiz","8":"pa_tur-kitap","9":"pa_yayinevi-bilge-budun-yayinlari","10":"pa_yazar-mehmet-nuri-parmaksiz","12":"first","13":"instock","14":"sale","15":"shipping-taxable","16":"purchasable","17":"product-type-simple"},"_links":{"self":[{"href":"https:\/\/roveyayinevi.com.tr\/index.php\/wp-json\/wp\/v2\/product\/770675","targetHints":{"allow":["GET"]}}],"collection":[{"href":"https:\/\/roveyayinevi.com.tr\/index.php\/wp-json\/wp\/v2\/product"}],"about":[{"href":"https:\/\/roveyayinevi.com.tr\/index.php\/wp-json\/wp\/v2\/types\/product"}],"wp:attachment":[{"href":"https:\/\/roveyayinevi.com.tr\/index.php\/wp-json\/wp\/v2\/media?parent=770675"}],"wp:term":[{"taxonomy":"product_brand","embeddable":true,"href":"https:\/\/roveyayinevi.com.tr\/index.php\/wp-json\/wp\/v2\/product_brand?post=770675"},{"taxonomy":"product_cat","embeddable":true,"href":"https:\/\/roveyayinevi.com.tr\/index.php\/wp-json\/wp\/v2\/product_cat?post=770675"},{"taxonomy":"product_tag","embeddable":true,"href":"https:\/\/roveyayinevi.com.tr\/index.php\/wp-json\/wp\/v2\/product_tag?post=770675"}],"curies":[{"name":"wp","href":"https:\/\/api.w.org\/{rel}","templated":true}]}}