{"id":770673,"date":"2025-08-28T14:39:23","date_gmt":"2025-08-28T11:39:23","guid":{"rendered":"https:\/\/roveyayinevi.com.tr\/index.php\/urun\/mektuplariyla-cahit-sitki-taranci\/"},"modified":"2026-04-15T03:37:08","modified_gmt":"2026-04-15T00:37:08","slug":"mektuplariyla-cahit-sitki-taranci","status":"publish","type":"product","link":"https:\/\/roveyayinevi.com.tr\/index.php\/urun\/mektuplariyla-cahit-sitki-taranci\/","title":{"rendered":"Mektuplar\u0131yla Cahit S\u0131tk\u0131 Taranc\u0131"},"content":{"rendered":"<p>Cahit S\u0131tk\u0131\u2019n\u0131n mektuplar\u0131n\u0131 okumadan \u00f6nce, onu biraz olsun tan\u0131d\u0131\u011f\u0131m\u0131 san\u0131yordum. Fakat yan\u0131lm\u0131\u015f\u0131m. Mektuplar\u0131 okuduktan ve yapt\u0131\u011f\u0131m ara\u015ft\u0131rma ilerledikten sonra, bu ger\u00e7e\u011fi daha iyi anlad\u0131m. Ve Cahit\u2019i tan\u0131d\u0131k\u00e7a sevdim. Onun \u015fiire kar\u015f\u0131 duydu\u011fu o b\u00fcy\u00fck a\u015fk\u0131 k\u0131skand\u0131\u011f\u0131m\u0131 saklamayaca\u011f\u0131m. Ara\u015ft\u0131rmaya ba\u015flad\u0131\u011f\u0131mda, k\u00fct\u00fcphane \u00e7al\u0131\u015fmas\u0131n\u0131n olduk\u00e7a fazla olmas\u0131ndan dolay\u0131 biraz g\u00f6z\u00fcm\u00fcn korktu\u011funu itiraf etmeliyim. Fakat sab\u0131rla beraber ara\u015ft\u0131rma neticesinde ortaya \u00e7\u0131kan o tatl\u0131 yorgunlu\u011fun, k\u0131sa zamanda m\u00fcptelas\u0131 oldum. Bunda, \u015fiire kar\u015f\u0131 olan \u00f6zel ilgimle, ara\u015ft\u0131rd\u0131k\u00e7a daha da \u00e7ok sevdi\u011fim bir \u015fairin mektuplar\u0131 \u00fczerinde \u00e7al\u0131\u015fmam\u0131n etkili oldu\u011fu inanc\u0131nday\u0131m. Ayr\u0131ca, bu \u00e7al\u0131\u015fman\u0131n \u015fiire kar\u015f\u0131 olan ilgimi daha da geli\u015ftirerek bana \u00e7ok \u015fey kazand\u0131rd\u0131\u011f\u0131n\u0131 d\u00fc\u015f\u00fcn\u00fcyorum. Asl\u0131nda, Cahit S\u0131tk\u0131 hakk\u0131nda yapt\u0131\u011f\u0131m bu ara\u015ft\u0131rman\u0131n yeterli olmad\u0131\u011f\u0131n\u0131 ve Ziya\u2019ya Mektuplar\u2019\u0131n \u00e7ok daha geni\u015f bir inceleme gerektirdi\u011fini biliyorum. Bu \u00e7al\u0131\u015fmayla edebiyat\u00e7\u0131lar\u0131n mektuplar\u0131 \u00fczerine ara\u015ft\u0131rma yapman\u0131n m\u00fcptelas\u0131 oldum diyebilirim. \u0130yi bir ara\u015ft\u0131rman\u0131n zorluklar\u0131n\u0131 yan\u0131nda, do\u011fru bir tahlil ve sa\u011flam bir terkibe dayand\u0131\u011f\u0131n\u0131 bu \u00e7al\u0131\u015fmayla \u00f6\u011frenmi\u015f bulunuyorum. Kitab\u0131 okuyan ve kitaptan faydalanan ara\u015ft\u0131rmac\u0131lara bir nebze olsun faydal\u0131 olabildimse ne mutlu bana. Mehmet Nuri PARMAKSIZ <\/p>\n","protected":false},"excerpt":{"rendered":"<p>Cahit S\u0131tk\u0131\u2019n\u0131n mektuplar\u0131n\u0131 okumadan \u00f6nce, onu biraz olsun tan\u0131d\u0131\u011f\u0131m\u0131 san\u0131yordum. Fakat yan\u0131lm\u0131\u015f\u0131m. Mektuplar\u0131 okuduktan ve yapt\u0131\u011f\u0131m ara\u015ft\u0131rma ilerledikten sonra, bu ger\u00e7e\u011fi daha iyi anlad\u0131m. Ve Cahit\u2019i<span class=\"excerpt-hellip\"> [\u2026]<\/span><\/p>\n","protected":false},"featured_media":0,"template":"","meta":{"_monsterinsights_skip_tracking":false,"_monsterinsights_sitenote_active":false,"_monsterinsights_sitenote_note":"","_monsterinsights_sitenote_category":0},"product_brand":[],"product_cat":[13072,12291],"product_tag":[],"class_list":{"0":"post-770673","1":"product","2":"type-product","3":"status-publish","5":"product_cat-arastirma-inceleme-referans","6":"product_cat-edebiyat","7":"pa_cilt-ciltsiz","8":"pa_tur-kitap","9":"pa_yayinevi-kamutay-yayinlari","10":"pa_yazar-mehmet-nuri-parmaksiz","12":"first","13":"instock","14":"sale","15":"shipping-taxable","16":"purchasable","17":"product-type-simple"},"_links":{"self":[{"href":"https:\/\/roveyayinevi.com.tr\/index.php\/wp-json\/wp\/v2\/product\/770673","targetHints":{"allow":["GET"]}}],"collection":[{"href":"https:\/\/roveyayinevi.com.tr\/index.php\/wp-json\/wp\/v2\/product"}],"about":[{"href":"https:\/\/roveyayinevi.com.tr\/index.php\/wp-json\/wp\/v2\/types\/product"}],"wp:attachment":[{"href":"https:\/\/roveyayinevi.com.tr\/index.php\/wp-json\/wp\/v2\/media?parent=770673"}],"wp:term":[{"taxonomy":"product_brand","embeddable":true,"href":"https:\/\/roveyayinevi.com.tr\/index.php\/wp-json\/wp\/v2\/product_brand?post=770673"},{"taxonomy":"product_cat","embeddable":true,"href":"https:\/\/roveyayinevi.com.tr\/index.php\/wp-json\/wp\/v2\/product_cat?post=770673"},{"taxonomy":"product_tag","embeddable":true,"href":"https:\/\/roveyayinevi.com.tr\/index.php\/wp-json\/wp\/v2\/product_tag?post=770673"}],"curies":[{"name":"wp","href":"https:\/\/api.w.org\/{rel}","templated":true}]}}