{"id":770668,"date":"2025-08-28T14:39:13","date_gmt":"2025-08-28T11:39:13","guid":{"rendered":"https:\/\/roveyayinevi.com.tr\/index.php\/urun\/sen-de-boya-dunyayi\/"},"modified":"2026-04-15T03:37:08","modified_gmt":"2026-04-15T00:37:08","slug":"sen-de-boya-dunyayi","status":"publish","type":"product","link":"https:\/\/roveyayinevi.com.tr\/index.php\/urun\/sen-de-boya-dunyayi\/","title":{"rendered":"Sen de Boya D\u00fcnyay\u0131"},"content":{"rendered":"<p>Bir u\u00e7urtmam olsa Reng\u00e2renk bir u\u00e7urtma G\u00f6klerde s\u00fcz\u00fclse hep Hi\u00e7 tellere tak\u0131lmasa Ne\u015fe dolu, reng\u00e2renk hayalleriyle d\u00fcnyay\u0131 g\u00fczelle\u015ftiren \u00e7ocuklar i\u00e7in, onlar\u0131n hayat\u0131na dokunan \u015fiirler\u2026 <\/p>\n","protected":false},"excerpt":{"rendered":"<p>Bir u\u00e7urtmam olsa Reng\u00e2renk bir u\u00e7urtma G\u00f6klerde s\u00fcz\u00fclse hep Hi\u00e7 tellere tak\u0131lmasa Ne\u015fe dolu, reng\u00e2renk hayalleriyle d\u00fcnyay\u0131 g\u00fczelle\u015ftiren \u00e7ocuklar i\u00e7in, onlar\u0131n hayat\u0131na dokunan \u015fiirler\u2026<\/p>\n","protected":false},"featured_media":0,"template":"","meta":{"_monsterinsights_skip_tracking":false,"_monsterinsights_sitenote_active":false,"_monsterinsights_sitenote_note":"","_monsterinsights_sitenote_category":0},"product_brand":[],"product_cat":[12274,12518],"product_tag":[],"class_list":{"0":"post-770668","1":"product","2":"type-product","3":"status-publish","5":"product_cat-cocuk-ve-genclik-kitaplari","6":"product_cat-okul-oncesi-kitaplar","7":"pa_cilt-ciltsiz","8":"pa_tur-kitap","9":"pa_yayinevi-is-bankasi-kultur-yayinlari","10":"pa_yazar-tekin-ozertem","12":"first","13":"instock","14":"sale","15":"shipping-taxable","16":"purchasable","17":"product-type-simple"},"_links":{"self":[{"href":"https:\/\/roveyayinevi.com.tr\/index.php\/wp-json\/wp\/v2\/product\/770668","targetHints":{"allow":["GET"]}}],"collection":[{"href":"https:\/\/roveyayinevi.com.tr\/index.php\/wp-json\/wp\/v2\/product"}],"about":[{"href":"https:\/\/roveyayinevi.com.tr\/index.php\/wp-json\/wp\/v2\/types\/product"}],"wp:attachment":[{"href":"https:\/\/roveyayinevi.com.tr\/index.php\/wp-json\/wp\/v2\/media?parent=770668"}],"wp:term":[{"taxonomy":"product_brand","embeddable":true,"href":"https:\/\/roveyayinevi.com.tr\/index.php\/wp-json\/wp\/v2\/product_brand?post=770668"},{"taxonomy":"product_cat","embeddable":true,"href":"https:\/\/roveyayinevi.com.tr\/index.php\/wp-json\/wp\/v2\/product_cat?post=770668"},{"taxonomy":"product_tag","embeddable":true,"href":"https:\/\/roveyayinevi.com.tr\/index.php\/wp-json\/wp\/v2\/product_tag?post=770668"}],"curies":[{"name":"wp","href":"https:\/\/api.w.org\/{rel}","templated":true}]}}