{"id":770667,"date":"2025-08-28T14:39:11","date_gmt":"2025-08-28T11:39:11","guid":{"rendered":"https:\/\/roveyayinevi.com.tr\/index.php\/urun\/ella-ve-ikinci-sans-gunu\/"},"modified":"2026-04-15T03:37:08","modified_gmt":"2026-04-15T00:37:08","slug":"ella-ve-ikinci-sans-gunu","status":"publish","type":"product","link":"https:\/\/roveyayinevi.com.tr\/index.php\/urun\/ella-ve-ikinci-sans-gunu\/","title":{"rendered":"Ella ve \u0130kinci \u015eans G\u00fcn\u00fc"},"content":{"rendered":"<p>Ella ile babas\u0131n\u0131n ya\u015fad\u0131\u011f\u0131 ev, KULLANILMAYAN e\u015fyalarla dolup ta\u015fmaya ba\u015flam\u0131\u015ft\u0131. Baba k\u0131z buna bir \u00e7are bulmaya karar verip hemen i\u015fe koyuldu. T\u00fcm e\u015fyalar\u0131 g\u00f6zden ge\u00e7irip i\u015flerine yaramayanlar\u0131 ay\u0131rd\u0131lar ve at\u0131k merkezine do\u011fru yola koyuldular. Yolda beklenmedik \u015feyler oldu, baba ile k\u0131z\u0131n\u0131n kurtulmak istedi\u011fi onca e\u015fya, ba\u015fkalar\u0131 i\u00e7in bir ihtiya\u00e7 olabilir miydi? Geri kazand\u0131rma, yeniden kullanma, de\u011ferlendirme ve payla\u015fma \u00fczerine, e\u015fyalar\u0131n da ikinci bir \u015fansa sahip olabilece\u011fini anlatan bir \u00f6yk\u00fc\u2026 <\/p>\n","protected":false},"excerpt":{"rendered":"<p>Ella ile babas\u0131n\u0131n ya\u015fad\u0131\u011f\u0131 ev, KULLANILMAYAN e\u015fyalarla dolup ta\u015fmaya ba\u015flam\u0131\u015ft\u0131. Baba k\u0131z buna bir \u00e7are bulmaya karar verip hemen i\u015fe koyuldu. T\u00fcm e\u015fyalar\u0131 g\u00f6zden ge\u00e7irip i\u015flerine<span class=\"excerpt-hellip\"> [\u2026]<\/span><\/p>\n","protected":false},"featured_media":0,"template":"","meta":{"_monsterinsights_skip_tracking":false,"_monsterinsights_sitenote_active":false,"_monsterinsights_sitenote_note":"","_monsterinsights_sitenote_category":0},"product_brand":[],"product_cat":[12274,12284],"product_tag":[],"class_list":{"0":"post-770667","1":"product","2":"type-product","3":"status-publish","5":"product_cat-cocuk-ve-genclik-kitaplari","6":"product_cat-hikayeler","7":"pa_cilt-ciltsiz","8":"pa_tur-kitap","9":"pa_yayinevi-is-bankasi-kultur-yayinlari","10":"pa_yazar-meg-mckinlay","12":"first","13":"instock","14":"sale","15":"shipping-taxable","16":"purchasable","17":"product-type-simple"},"_links":{"self":[{"href":"https:\/\/roveyayinevi.com.tr\/index.php\/wp-json\/wp\/v2\/product\/770667","targetHints":{"allow":["GET"]}}],"collection":[{"href":"https:\/\/roveyayinevi.com.tr\/index.php\/wp-json\/wp\/v2\/product"}],"about":[{"href":"https:\/\/roveyayinevi.com.tr\/index.php\/wp-json\/wp\/v2\/types\/product"}],"wp:attachment":[{"href":"https:\/\/roveyayinevi.com.tr\/index.php\/wp-json\/wp\/v2\/media?parent=770667"}],"wp:term":[{"taxonomy":"product_brand","embeddable":true,"href":"https:\/\/roveyayinevi.com.tr\/index.php\/wp-json\/wp\/v2\/product_brand?post=770667"},{"taxonomy":"product_cat","embeddable":true,"href":"https:\/\/roveyayinevi.com.tr\/index.php\/wp-json\/wp\/v2\/product_cat?post=770667"},{"taxonomy":"product_tag","embeddable":true,"href":"https:\/\/roveyayinevi.com.tr\/index.php\/wp-json\/wp\/v2\/product_tag?post=770667"}],"curies":[{"name":"wp","href":"https:\/\/api.w.org\/{rel}","templated":true}]}}