{"id":770666,"date":"2025-08-28T14:39:09","date_gmt":"2025-08-28T11:39:09","guid":{"rendered":"https:\/\/roveyayinevi.com.tr\/index.php\/urun\/elif-ve-okuldaki-kelebekler-kolay-okuyorum\/"},"modified":"2026-04-15T03:37:08","modified_gmt":"2026-04-15T00:37:08","slug":"elif-ve-okuldaki-kelebekler-kolay-okuyorum","status":"publish","type":"product","link":"https:\/\/roveyayinevi.com.tr\/index.php\/urun\/elif-ve-okuldaki-kelebekler-kolay-okuyorum\/","title":{"rendered":"Elif ve Okuldaki Kelebekler &#8211; Kolay Okuyorum"},"content":{"rendered":"<p>Elif ve s\u0131n\u0131f arkada\u015flar\u0131, sevin\u00e7ten havalara u\u00e7tu. S\u0131n\u0131fa bir s\u00fcrpriz geliyordu. Acaba bir kedi mi? Yoksa yavru bir k\u00f6pek mi? \u00d6\u011frenciler heyecanla evcil bir hayvan beklerken, \u00f6\u011fretmen s\u0131n\u0131fa t\u0131rt\u0131llarla girdi. \u00c7ocuklar \u015fa\u015fk\u0131nl\u0131kla kalakald\u0131. <\/p>\n","protected":false},"excerpt":{"rendered":"<p>Elif ve s\u0131n\u0131f arkada\u015flar\u0131, sevin\u00e7ten havalara u\u00e7tu. S\u0131n\u0131fa bir s\u00fcrpriz geliyordu. Acaba bir kedi mi? Yoksa yavru bir k\u00f6pek mi? \u00d6\u011frenciler heyecanla evcil bir hayvan beklerken,<span class=\"excerpt-hellip\"> [\u2026]<\/span><\/p>\n","protected":false},"featured_media":0,"template":"","meta":{"_monsterinsights_skip_tracking":false,"_monsterinsights_sitenote_active":false,"_monsterinsights_sitenote_note":"","_monsterinsights_sitenote_category":0},"product_brand":[],"product_cat":[12274,12284],"product_tag":[],"class_list":{"0":"post-770666","1":"product","2":"type-product","3":"status-publish","5":"product_cat-cocuk-ve-genclik-kitaplari","6":"product_cat-hikayeler","7":"pa_cilt-ciltsiz","8":"pa_tur-kitap","9":"pa_yayinevi-is-bankasi-kultur-yayinlari","10":"pa_yazar-julia-boehme","12":"first","13":"instock","14":"sale","15":"shipping-taxable","16":"purchasable","17":"product-type-simple"},"_links":{"self":[{"href":"https:\/\/roveyayinevi.com.tr\/index.php\/wp-json\/wp\/v2\/product\/770666","targetHints":{"allow":["GET"]}}],"collection":[{"href":"https:\/\/roveyayinevi.com.tr\/index.php\/wp-json\/wp\/v2\/product"}],"about":[{"href":"https:\/\/roveyayinevi.com.tr\/index.php\/wp-json\/wp\/v2\/types\/product"}],"wp:attachment":[{"href":"https:\/\/roveyayinevi.com.tr\/index.php\/wp-json\/wp\/v2\/media?parent=770666"}],"wp:term":[{"taxonomy":"product_brand","embeddable":true,"href":"https:\/\/roveyayinevi.com.tr\/index.php\/wp-json\/wp\/v2\/product_brand?post=770666"},{"taxonomy":"product_cat","embeddable":true,"href":"https:\/\/roveyayinevi.com.tr\/index.php\/wp-json\/wp\/v2\/product_cat?post=770666"},{"taxonomy":"product_tag","embeddable":true,"href":"https:\/\/roveyayinevi.com.tr\/index.php\/wp-json\/wp\/v2\/product_tag?post=770666"}],"curies":[{"name":"wp","href":"https:\/\/api.w.org\/{rel}","templated":true}]}}