{"id":770665,"date":"2025-08-28T14:39:07","date_gmt":"2025-08-28T11:39:07","guid":{"rendered":"https:\/\/roveyayinevi.com.tr\/index.php\/urun\/elif-ve-orman-dedektifleri-kolay-okuyorum\/"},"modified":"2026-04-15T03:37:08","modified_gmt":"2026-04-15T00:37:08","slug":"elif-ve-orman-dedektifleri-kolay-okuyorum","status":"publish","type":"product","link":"https:\/\/roveyayinevi.com.tr\/index.php\/urun\/elif-ve-orman-dedektifleri-kolay-okuyorum\/","title":{"rendered":"Elif ve Orman Dedektifleri &#8211; Kolay Okuyorum"},"content":{"rendered":"<p>Elif ve s\u0131n\u0131f arkada\u015flar\u0131 okul gezisine giderken \u00e7ok heyecanl\u0131lard\u0131! Ormanda ke\u015ffedilecek hayvanlar ve bitkiler vard\u0131. \u00dcstelik onlara bir rehber de e\u015flik edecekti. Elif, iki arkada\u015f\u0131yla birlikte bir kunduz yuvas\u0131 ke\u015ffetti. Kunduzu yak\u0131ndan g\u00f6rmek i\u00e7in biraz y\u00fcr\u00fcy\u00fcnce ormanda kayboldular. Neyse ki Elif ve arkada\u015flar\u0131, orman dedektifleri olduklar\u0131 i\u00e7in yolu nas\u0131l bulacaklar\u0131n\u0131 biliyorlard\u0131. <\/p>\n","protected":false},"excerpt":{"rendered":"<p>Elif ve s\u0131n\u0131f arkada\u015flar\u0131 okul gezisine giderken \u00e7ok heyecanl\u0131lard\u0131! Ormanda ke\u015ffedilecek hayvanlar ve bitkiler vard\u0131. \u00dcstelik onlara bir rehber de e\u015flik edecekti. Elif, iki arkada\u015f\u0131yla birlikte<span class=\"excerpt-hellip\"> [\u2026]<\/span><\/p>\n","protected":false},"featured_media":0,"template":"","meta":{"_monsterinsights_skip_tracking":false,"_monsterinsights_sitenote_active":false,"_monsterinsights_sitenote_note":"","_monsterinsights_sitenote_category":0},"product_brand":[],"product_cat":[12274,12284],"product_tag":[],"class_list":{"0":"post-770665","1":"product","2":"type-product","3":"status-publish","5":"product_cat-cocuk-ve-genclik-kitaplari","6":"product_cat-hikayeler","7":"pa_cilt-ciltsiz","8":"pa_tur-kitap","9":"pa_yayinevi-is-bankasi-kultur-yayinlari","10":"pa_yazar-julia-boehme","12":"first","13":"instock","14":"sale","15":"shipping-taxable","16":"purchasable","17":"product-type-simple"},"_links":{"self":[{"href":"https:\/\/roveyayinevi.com.tr\/index.php\/wp-json\/wp\/v2\/product\/770665","targetHints":{"allow":["GET"]}}],"collection":[{"href":"https:\/\/roveyayinevi.com.tr\/index.php\/wp-json\/wp\/v2\/product"}],"about":[{"href":"https:\/\/roveyayinevi.com.tr\/index.php\/wp-json\/wp\/v2\/types\/product"}],"wp:attachment":[{"href":"https:\/\/roveyayinevi.com.tr\/index.php\/wp-json\/wp\/v2\/media?parent=770665"}],"wp:term":[{"taxonomy":"product_brand","embeddable":true,"href":"https:\/\/roveyayinevi.com.tr\/index.php\/wp-json\/wp\/v2\/product_brand?post=770665"},{"taxonomy":"product_cat","embeddable":true,"href":"https:\/\/roveyayinevi.com.tr\/index.php\/wp-json\/wp\/v2\/product_cat?post=770665"},{"taxonomy":"product_tag","embeddable":true,"href":"https:\/\/roveyayinevi.com.tr\/index.php\/wp-json\/wp\/v2\/product_tag?post=770665"}],"curies":[{"name":"wp","href":"https:\/\/api.w.org\/{rel}","templated":true}]}}