{"id":770663,"date":"2025-08-28T14:39:03","date_gmt":"2025-08-28T11:39:03","guid":{"rendered":"https:\/\/roveyayinevi.com.tr\/index.php\/urun\/2-yas-hikayeleri-ciltli\/"},"modified":"2026-04-15T03:37:08","modified_gmt":"2026-04-15T00:37:08","slug":"2-yas-hikayeleri-ciltli","status":"publish","type":"product","link":"https:\/\/roveyayinevi.com.tr\/index.php\/urun\/2-yas-hikayeleri-ciltli\/","title":{"rendered":"2 Ya\u015f Hikayeleri (Ciltli)"},"content":{"rendered":"<p>2 ya\u015f, \u00e7ocuklar\u0131n d\u00fcnyay\u0131 ke\u015ffetmeye ba\u015flad\u0131\u011f\u0131, merak duygular\u0131n\u0131n en y\u00fcksek oldu\u011fu ya\u015flardan biridir. Bu d\u00f6nemde kelime hazinesi h\u0131zla geli\u015fir, \u00e7ocuklar yeni kavramlar\u0131 \u00f6\u011frenmeye ve anlamland\u0131rmaya ba\u015flar. 2 Ya\u015f Hik\u00e2yeleri, i\u015fte tam da bu d\u00f6nemde miniklerin dil geli\u015fimini ve hayal g\u00fcc\u00fcn\u00fc desteklemek i\u00e7in haz\u0131rlanm\u0131\u015ft\u0131r.   Bu kitapta, \u00e7ocuklar\u0131n ilgisini \u00e7ekecek k\u0131sa ve e\u011flenceli hik\u00e2yeler yer al\u0131yor.  Do\u011fa, hayvanlar, arkada\u015fl\u0131k ve g\u00fcnl\u00fck ya\u015fam temalar\u0131n\u0131 i\u015fleyen hik\u00e2yeler, miniklerin d\u00fcnyay\u0131 anlamland\u0131rmalar\u0131na yard\u0131mc\u0131 olur. Hik\u00e2yelerde kullan\u0131lan tekrar eden sesler ve basit c\u00fcmleler sayesinde \u00e7ocuklar kelime \u00f6\u011frenme s\u00fcre\u00e7lerini h\u0131zland\u0131r\u0131rken, ritmik anlat\u0131m dili \u00f6\u011frenmeyi e\u011flenceli hale getirir.   Renkli ve dikkat \u00e7ekici g\u00f6rsellerle desteklenen 2 Ya\u015f Hik\u00e2yeleri, \u00e7ocuklar\u0131n kitaplar\u0131 sevmesine yard\u0131mc\u0131 olur. Kitaptaki hik\u00e2yeler ebeveynlerin \u00e7ocuklar\u0131yla interaktif bir \u015fekilde vakit ge\u00e7irmesini te\u015fvik eder ve onlar\u0131n hayal d\u00fcnyas\u0131n\u0131 zenginle\u015ftirir.   E\u011fer \u00e7ocu\u011funuzla birlikte e\u011flenceli ve \u00f6\u011fretici bir kitap ar\u0131yorsan\u0131z, 2 Ya\u015f Hik\u00e2yeleri tam size g\u00f6re! Bu k\u0131sac\u0131k hik\u00e2yelerle \u00e7ocu\u011funuza hayvanlar\u0131, duyular\u0131 ve mevsimleri kolayca anlatacak, do\u011fay\u0131 tan\u0131mas\u0131n\u0131 sa\u011flayacaks\u0131n\u0131z.   Hayal g\u00fcc\u00fcn\u00fcn geli\u015fmesine ve duygular\u0131n\u0131 fark etmesine yard\u0131mc\u0131 olacaks\u0131n\u0131z. Minik hik\u00e2yeler kocaman oyunlara d\u00f6n\u00fc\u015f\u00fcrken \u00e7ok e\u011fleneceksiniz.   Bu k\u0131sac\u0131k hik\u00e2yelerle \u00e7ocu\u011funuza hayvanlar\u0131, duyular\u0131 ve mevsimleri kolayca anlatacak, do\u011fay\u0131 tan\u0131mas\u0131n\u0131 sa\u011flayacaks\u0131n\u0131z. Hayal g\u00fcc\u00fcn\u00fcn geli\u015fmesine ve duygular\u0131n\u0131 fark etmesine yard\u0131mc\u0131 olacaks\u0131n\u0131z. Minik hik\u00e2yeler kocaman oyunlara d\u00f6n\u00fc\u015f\u00fcrken \u00e7ok e\u011fleneceksiniz. <\/p>\n","protected":false},"excerpt":{"rendered":"<p>2 ya\u015f, \u00e7ocuklar\u0131n d\u00fcnyay\u0131 ke\u015ffetmeye ba\u015flad\u0131\u011f\u0131, merak duygular\u0131n\u0131n en y\u00fcksek oldu\u011fu ya\u015flardan biridir. Bu d\u00f6nemde kelime hazinesi h\u0131zla geli\u015fir, \u00e7ocuklar yeni kavramlar\u0131 \u00f6\u011frenmeye ve anlamland\u0131rmaya ba\u015flar.<span class=\"excerpt-hellip\"> [\u2026]<\/span><\/p>\n","protected":false},"featured_media":0,"template":"","meta":{"_monsterinsights_skip_tracking":false,"_monsterinsights_sitenote_active":false,"_monsterinsights_sitenote_note":"","_monsterinsights_sitenote_category":0},"product_brand":[],"product_cat":[12274,12518],"product_tag":[],"class_list":{"0":"post-770663","1":"product","2":"type-product","3":"status-publish","5":"product_cat-cocuk-ve-genclik-kitaplari","6":"product_cat-okul-oncesi-kitaplar","7":"pa_cilt-ciltli","8":"pa_tur-kitap","9":"pa_yayinevi-masalperest","10":"pa_yazar-ayca-atci","12":"first","13":"instock","14":"sale","15":"shipping-taxable","16":"purchasable","17":"product-type-simple"},"_links":{"self":[{"href":"https:\/\/roveyayinevi.com.tr\/index.php\/wp-json\/wp\/v2\/product\/770663","targetHints":{"allow":["GET"]}}],"collection":[{"href":"https:\/\/roveyayinevi.com.tr\/index.php\/wp-json\/wp\/v2\/product"}],"about":[{"href":"https:\/\/roveyayinevi.com.tr\/index.php\/wp-json\/wp\/v2\/types\/product"}],"wp:attachment":[{"href":"https:\/\/roveyayinevi.com.tr\/index.php\/wp-json\/wp\/v2\/media?parent=770663"}],"wp:term":[{"taxonomy":"product_brand","embeddable":true,"href":"https:\/\/roveyayinevi.com.tr\/index.php\/wp-json\/wp\/v2\/product_brand?post=770663"},{"taxonomy":"product_cat","embeddable":true,"href":"https:\/\/roveyayinevi.com.tr\/index.php\/wp-json\/wp\/v2\/product_cat?post=770663"},{"taxonomy":"product_tag","embeddable":true,"href":"https:\/\/roveyayinevi.com.tr\/index.php\/wp-json\/wp\/v2\/product_tag?post=770663"}],"curies":[{"name":"wp","href":"https:\/\/api.w.org\/{rel}","templated":true}]}}