{"id":770661,"date":"2025-08-28T14:38:58","date_gmt":"2025-08-28T11:38:58","guid":{"rendered":"https:\/\/roveyayinevi.com.tr\/index.php\/urun\/1-yas-hikayeleri-ciltli\/"},"modified":"2026-04-15T03:37:08","modified_gmt":"2026-04-15T00:37:08","slug":"1-yas-hikayeleri-ciltli","status":"publish","type":"product","link":"https:\/\/roveyayinevi.com.tr\/index.php\/urun\/1-yas-hikayeleri-ciltli\/","title":{"rendered":"1 Ya\u015f Hikayeleri (Ciltli)"},"content":{"rendered":"<p>Bebeklerin geli\u015fim s\u00fcrecinde duyduklar\u0131 kelimeler, sesler ve hik\u00e2yeler \u00e7ok b\u00fcy\u00fck bir rol oynar. 1 Ya\u015f Hik\u00e2yeleri, miniklerin erken d\u00f6nemde dil geli\u015fimini desteklemek, d\u00fcnyay\u0131 ke\u015ffetmelerine yard\u0131mc\u0131 olmak ve onlara keyifli anlar ya\u015fatmak i\u00e7in \u00f6zenle haz\u0131rlanm\u0131\u015f bir hik\u00e2ye kitab\u0131d\u0131r.   Bu kitap, 1 ya\u015f\u0131ndaki \u00e7ocuklar\u0131n ilgisini \u00e7ekecek k\u0131sa ve anla\u015f\u0131l\u0131r hik\u00e2yelerden olu\u015fur. Tekrar eden sesler ve basit c\u00fcmle yap\u0131lar\u0131 sayesinde bebe\u011finizin konu\u015fma becerilerini destekler. Ayn\u0131 zamanda renkler, z\u0131tl\u0131klar ve do\u011fa gibi temel kavramlar\u0131 e\u011flenceli bir \u015fekilde tan\u0131tmay\u0131 hedefler. Hik\u00e2yeler, \u00e7ocuklar\u0131n \u00e7evresini daha iyi anlamas\u0131na yard\u0131mc\u0131 olurken, ebeveynlerin de onlarla kaliteli zaman ge\u00e7irmesini sa\u011flar.   Minik okuyucular i\u00e7in \u00f6zel olarak tasarlanan bu kitap, e\u011flenceli g\u00f6rselleri ve sevimli karakterleriyle dikkat \u00e7eker. Hik\u00e2yeler arac\u0131l\u0131\u011f\u0131yla \u00e7ocuklar hem e\u011flenir hem de yeni kelimeler \u00f6\u011frenir. Sert kapakl\u0131 ve dayan\u0131kl\u0131 yap\u0131s\u0131 sayesinde uzun s\u00fcre kullan\u0131labilir, b\u00f6ylece bebe\u011finizin en sevdi\u011fi kitaplardan biri haline gelebilir. 1 Ya\u015f Hik\u00e2yeleri ile bebe\u011finizin dil geli\u015fimine destek olun, birlikte e\u011flenceli ve \u00f6\u011fretici bir okuma deneyimi ya\u015fay\u0131n!     Bu k\u0131sac\u0131k hik\u00e2yelerle \u00e7ocu\u011funuza renkleri, z\u0131tl\u0131klar\u0131 ve do\u011fay\u0131 kolayca anlatacak, v\u00fccudunu tan\u0131mas\u0131n\u0131 sa\u011flayacaks\u0131n\u0131z. Tekrar eden seslerle keyifli konu\u015fma egzersizleri yapacaks\u0131n\u0131z. Minik hik\u00e2yeler kocaman oyunlara d\u00f6n\u00fc\u015f\u00fcrken \u00e7ok e\u011fleneceksiniz. <\/p>\n","protected":false},"excerpt":{"rendered":"<p>Bebeklerin geli\u015fim s\u00fcrecinde duyduklar\u0131 kelimeler, sesler ve hik\u00e2yeler \u00e7ok b\u00fcy\u00fck bir rol oynar. 1 Ya\u015f Hik\u00e2yeleri, miniklerin erken d\u00f6nemde dil geli\u015fimini desteklemek, d\u00fcnyay\u0131 ke\u015ffetmelerine yard\u0131mc\u0131 olmak<span class=\"excerpt-hellip\"> [\u2026]<\/span><\/p>\n","protected":false},"featured_media":0,"template":"","meta":{"_monsterinsights_skip_tracking":false,"_monsterinsights_sitenote_active":false,"_monsterinsights_sitenote_note":"","_monsterinsights_sitenote_category":0},"product_brand":[],"product_cat":[12274,12518],"product_tag":[],"class_list":{"0":"post-770661","1":"product","2":"type-product","3":"status-publish","5":"product_cat-cocuk-ve-genclik-kitaplari","6":"product_cat-okul-oncesi-kitaplar","7":"pa_cilt-ciltli","8":"pa_tur-kitap","9":"pa_yayinevi-masalperest","10":"pa_yazar-ayca-atci","12":"first","13":"instock","14":"sale","15":"shipping-taxable","16":"purchasable","17":"product-type-simple"},"_links":{"self":[{"href":"https:\/\/roveyayinevi.com.tr\/index.php\/wp-json\/wp\/v2\/product\/770661","targetHints":{"allow":["GET"]}}],"collection":[{"href":"https:\/\/roveyayinevi.com.tr\/index.php\/wp-json\/wp\/v2\/product"}],"about":[{"href":"https:\/\/roveyayinevi.com.tr\/index.php\/wp-json\/wp\/v2\/types\/product"}],"wp:attachment":[{"href":"https:\/\/roveyayinevi.com.tr\/index.php\/wp-json\/wp\/v2\/media?parent=770661"}],"wp:term":[{"taxonomy":"product_brand","embeddable":true,"href":"https:\/\/roveyayinevi.com.tr\/index.php\/wp-json\/wp\/v2\/product_brand?post=770661"},{"taxonomy":"product_cat","embeddable":true,"href":"https:\/\/roveyayinevi.com.tr\/index.php\/wp-json\/wp\/v2\/product_cat?post=770661"},{"taxonomy":"product_tag","embeddable":true,"href":"https:\/\/roveyayinevi.com.tr\/index.php\/wp-json\/wp\/v2\/product_tag?post=770661"}],"curies":[{"name":"wp","href":"https:\/\/api.w.org\/{rel}","templated":true}]}}