{"id":770654,"date":"2025-08-28T14:38:44","date_gmt":"2025-08-28T11:38:44","guid":{"rendered":"https:\/\/roveyayinevi.com.tr\/index.php\/urun\/gunes-sistemi-eglenceli-gercekler-ciltli\/"},"modified":"2026-04-15T03:37:08","modified_gmt":"2026-04-15T00:37:08","slug":"gunes-sistemi-eglenceli-gercekler-ciltli","status":"publish","type":"product","link":"https:\/\/roveyayinevi.com.tr\/index.php\/urun\/gunes-sistemi-eglenceli-gercekler-ciltli\/","title":{"rendered":"G\u00fcne\u015f Sistemi &#8211; E\u011flenceli Ger\u00e7ekler (Ciltli)"},"content":{"rendered":"<p>KE\u015e\u0130F ZAMANI: G\u00dcNE\u015e S\u0130STEM\u0130   G\u00f6ky\u00fcz\u00fcne bakt\u0131\u011f\u0131nda neler g\u00f6r\u00fcyorsun? Y\u0131ld\u0131zlar, gezegenler ve sonsuz bir evren! Peki, G\u00fcne\u015f Sistemi\u2019nde hangi gezegenler var? Ay neden parl\u0131yor? D\u00fcnya neden d\u00f6n\u00fcyor? Bu kitapla uzay\u0131n derinliklerine do\u011fru b\u00fcy\u00fcleyici bir ke\u015fif yolculu\u011funa \u00e7\u0131kacaks\u0131n! A\u00e7\u0131l\u0131r pencereler sayesinde gezegenleri yak\u0131ndan inceleyebilir, g\u00f6ky\u00fcz\u00fcndeki olaylar\u0131 daha iyi anlayabilirsin.   Kitapta neler var? G\u00fcne\u015f Sistemi\u2019ndeki gezegenleri ke\u015ffet!Ay\u2019\u0131n evrelerini \u00f6\u011fren ve nas\u0131l parlad\u0131\u011f\u0131n\u0131 g\u00f6r! Y\u0131ld\u0131zlar\u0131n nas\u0131l olu\u015ftu\u011funu anlamak i\u00e7in pencereyi a\u00e7! Astronotlar\u0131n uzaydaki ya\u015fam\u0131n\u0131 ke\u015ffet! E\u011fer uzay\u0131 seviyorsan ve y\u0131ld\u0131zlar hakk\u0131nda daha fazla \u015fey \u00f6\u011frenmek istiyorsan, bu kitap tam sana g\u00f6re   \u201cE\u011flenceli Ger\u00e7ekler\u201d serisinde e\u011flenceli g\u00f6rseller ve anla\u015f\u0131l\u0131r bilgiler bir araya gelerek, uzay\u0131 ke\u015ffetmeni sa\u011fl\u0131yor! Dev gezegenler, parlayan y\u0131ld\u0131zlar ve g\u00f6k ta\u015flar\u0131 bu interaktif kitab\u0131n i\u00e7inde seni bekliyor. Uzaya yapaca\u011f\u0131n bu harika resimli yolculukta 50\u2019den fazla pencereyi a\u00e7 ve e\u011flenceli ger\u00e7ekleri ke\u015ffet! <\/p>\n","protected":false},"excerpt":{"rendered":"<p>KE\u015e\u0130F ZAMANI: G\u00dcNE\u015e S\u0130STEM\u0130 G\u00f6ky\u00fcz\u00fcne bakt\u0131\u011f\u0131nda neler g\u00f6r\u00fcyorsun? Y\u0131ld\u0131zlar, gezegenler ve sonsuz bir evren! Peki, G\u00fcne\u015f Sistemi\u2019nde hangi gezegenler var? Ay neden parl\u0131yor? D\u00fcnya neden d\u00f6n\u00fcyor?<span class=\"excerpt-hellip\"> [\u2026]<\/span><\/p>\n","protected":false},"featured_media":0,"template":"","meta":{"_monsterinsights_skip_tracking":false,"_monsterinsights_sitenote_active":false,"_monsterinsights_sitenote_note":"","_monsterinsights_sitenote_category":0},"product_brand":[],"product_cat":[12274,12284],"product_tag":[],"class_list":{"0":"post-770654","1":"product","2":"type-product","3":"status-publish","5":"product_cat-cocuk-ve-genclik-kitaplari","6":"product_cat-hikayeler","7":"pa_cilt-ciltli","8":"pa_tur-kitap","9":"pa_yayinevi-masalperest","10":"pa_yazar-kolektif","12":"first","13":"instock","14":"sale","15":"shipping-taxable","16":"purchasable","17":"product-type-simple"},"_links":{"self":[{"href":"https:\/\/roveyayinevi.com.tr\/index.php\/wp-json\/wp\/v2\/product\/770654","targetHints":{"allow":["GET"]}}],"collection":[{"href":"https:\/\/roveyayinevi.com.tr\/index.php\/wp-json\/wp\/v2\/product"}],"about":[{"href":"https:\/\/roveyayinevi.com.tr\/index.php\/wp-json\/wp\/v2\/types\/product"}],"wp:attachment":[{"href":"https:\/\/roveyayinevi.com.tr\/index.php\/wp-json\/wp\/v2\/media?parent=770654"}],"wp:term":[{"taxonomy":"product_brand","embeddable":true,"href":"https:\/\/roveyayinevi.com.tr\/index.php\/wp-json\/wp\/v2\/product_brand?post=770654"},{"taxonomy":"product_cat","embeddable":true,"href":"https:\/\/roveyayinevi.com.tr\/index.php\/wp-json\/wp\/v2\/product_cat?post=770654"},{"taxonomy":"product_tag","embeddable":true,"href":"https:\/\/roveyayinevi.com.tr\/index.php\/wp-json\/wp\/v2\/product_tag?post=770654"}],"curies":[{"name":"wp","href":"https:\/\/api.w.org\/{rel}","templated":true}]}}