{"id":770649,"date":"2025-08-28T14:38:32","date_gmt":"2025-08-28T11:38:32","guid":{"rendered":"https:\/\/roveyayinevi.com.tr\/index.php\/urun\/hikaye-avcisi\/"},"modified":"2026-04-15T03:37:07","modified_gmt":"2026-04-15T00:37:07","slug":"hikaye-avcisi","status":"publish","type":"product","link":"https:\/\/roveyayinevi.com.tr\/index.php\/urun\/hikaye-avcisi\/","title":{"rendered":"Hikaye Avc\u0131s\u0131"},"content":{"rendered":"<p>Dodan\u2019\u0131n esrarengiz ve heyecanl\u0131 ser\u00fcveni ne zaman ba\u015flad\u0131? Kabilesinin son hik\u00e2ye anlat\u0131c\u0131s\u0131 olunca m\u0131? Bir yabani otun bile ya\u015fayamad\u0131\u011f\u0131 Kurak Vadi\u2019de gizemli devasa bir a\u011fa\u00e7 g\u00f6rd\u00fc\u011f\u00fcn\u00fc sand\u0131\u011f\u0131 anda m\u0131? Hik\u00e2yelerin ve tuhafl\u0131klar\u0131n pe\u015fine d\u00fc\u015fmeye karar verdi\u011fi o gece mi? Yoksa r\u00fcya aleminin karma\u015f\u0131k ve tehlikeli d\u00fcnyas\u0131n\u0131n kap\u0131lar\u0131 ona a\u00e7\u0131ld\u0131\u011f\u0131nda m\u0131? Cevap hi\u00e7biri denebilir ama belki de \u201chepsi\u201ddir. \u0130yisi mi, kahraman\u0131m\u0131z Dodan\u2019\u0131n, yolda\u015f\u0131 E\u015fkan ve Kaya Adam\u2019la birlikte uzun \u00e7\u00f6l yollar\u0131n\u0131 a\u015farak ihti\u015faml\u0131 Persepolis kentine vard\u0131klar\u0131 bu yolculukta onlara e\u015flik edin ve karar\u0131 siz verin.   \u201cHerkes rahat olsun, unutmay\u0131n ki zaman\u0131n g\u00f6r\u00fcp g\u00f6rebilece\u011fi en iyi avc\u0131, hik\u00e2yeleri yakalamaya geliyor.\u201d <\/p>\n","protected":false},"excerpt":{"rendered":"<p>Dodan\u2019\u0131n esrarengiz ve heyecanl\u0131 ser\u00fcveni ne zaman ba\u015flad\u0131? Kabilesinin son hik\u00e2ye anlat\u0131c\u0131s\u0131 olunca m\u0131? Bir yabani otun bile ya\u015fayamad\u0131\u011f\u0131 Kurak Vadi\u2019de gizemli devasa bir a\u011fa\u00e7 g\u00f6rd\u00fc\u011f\u00fcn\u00fc<span class=\"excerpt-hellip\"> [\u2026]<\/span><\/p>\n","protected":false},"featured_media":0,"template":"","meta":{"_monsterinsights_skip_tracking":false,"_monsterinsights_sitenote_active":false,"_monsterinsights_sitenote_note":"","_monsterinsights_sitenote_category":0},"product_brand":[],"product_cat":[12291,12711],"product_tag":[],"class_list":{"0":"post-770649","1":"product","2":"type-product","3":"status-publish","5":"product_cat-edebiyat","6":"product_cat-roman-oyku","7":"pa_cilt-ciltsiz","8":"pa_tur-kitap","9":"pa_yayinevi-ketebe-yayinlari","10":"pa_yazar-sebahat-meraki","12":"first","13":"instock","14":"sale","15":"shipping-taxable","16":"purchasable","17":"product-type-simple"},"_links":{"self":[{"href":"https:\/\/roveyayinevi.com.tr\/index.php\/wp-json\/wp\/v2\/product\/770649","targetHints":{"allow":["GET"]}}],"collection":[{"href":"https:\/\/roveyayinevi.com.tr\/index.php\/wp-json\/wp\/v2\/product"}],"about":[{"href":"https:\/\/roveyayinevi.com.tr\/index.php\/wp-json\/wp\/v2\/types\/product"}],"wp:attachment":[{"href":"https:\/\/roveyayinevi.com.tr\/index.php\/wp-json\/wp\/v2\/media?parent=770649"}],"wp:term":[{"taxonomy":"product_brand","embeddable":true,"href":"https:\/\/roveyayinevi.com.tr\/index.php\/wp-json\/wp\/v2\/product_brand?post=770649"},{"taxonomy":"product_cat","embeddable":true,"href":"https:\/\/roveyayinevi.com.tr\/index.php\/wp-json\/wp\/v2\/product_cat?post=770649"},{"taxonomy":"product_tag","embeddable":true,"href":"https:\/\/roveyayinevi.com.tr\/index.php\/wp-json\/wp\/v2\/product_tag?post=770649"}],"curies":[{"name":"wp","href":"https:\/\/api.w.org\/{rel}","templated":true}]}}