{"id":770648,"date":"2025-08-28T14:38:29","date_gmt":"2025-08-28T11:38:29","guid":{"rendered":"https:\/\/roveyayinevi.com.tr\/index.php\/urun\/revelle\/"},"modified":"2026-04-15T03:37:07","modified_gmt":"2026-04-15T00:37:07","slug":"revelle","status":"publish","type":"product","link":"https:\/\/roveyayinevi.com.tr\/index.php\/urun\/revelle\/","title":{"rendered":"Revelle"},"content":{"rendered":"<p>Sihrin ka\u00e7ak \u015fampanya gibi akt\u0131\u011f\u0131, m\u00fccevherlerin her t\u00fcrl\u00fc fanteziyi ger\u00e7ekle\u015ftirdi\u011fi Charmant Adas\u0131\u2019na ho\u015f geldiniz! Adan\u0131n en \u00fcnl\u00fc sihirli ailelerinden Revelle\u2019in fantastik g\u00f6sterileri tehdit alt\u0131ndayd\u0131. Adadaki t\u00fcm kurallar\u0131 de\u011fi\u015ftiren i\u00e7ki yasa\u011f\u0131, e\u011flence alan\u0131ndaki becerileriyle bilinen Revelle ailesini zora sokarken zamanda yolculuk yapabilen Chronos ailesini zengin ve mevki sahibi yapm\u0131\u015ft\u0131. Ama Revelle g\u00f6sterilerinin y\u0131ld\u0131z\u0131 Luxe, kimsenin haberdar olmad\u0131\u011f\u0131 sihir g\u00fcc\u00fcn\u00fc de kullanarak bunu de\u011fi\u015ftirmeye kararl\u0131yd\u0131. Ailesine neler oldu\u011funu \u00f6\u011frenmekten ba\u015fka bir iste\u011fi olmayan yetim Jamison Port, adaya ad\u0131m att\u0131\u011f\u0131 andan itibaren oraya ait oldu\u011funu hissetmeye ba\u015flam\u0131\u015ft\u0131. K\u0131sa s\u00fcrede Luxe\u2019\u00fcn dikkatini \u00e7eken ve Revelle g\u00f6sterisinin bir par\u00e7as\u0131 olan Jamison, adan\u0131n ge\u00e7mi\u015fine dair bir\u00e7ok kalbi k\u0131racak karanl\u0131k bir s\u0131rr\u0131 da ortaya \u00e7\u0131karmak \u00fczereydi.<\/p>\n","protected":false},"excerpt":{"rendered":"<p>Sihrin ka\u00e7ak \u015fampanya gibi akt\u0131\u011f\u0131, m\u00fccevherlerin her t\u00fcrl\u00fc fanteziyi ger\u00e7ekle\u015ftirdi\u011fi Charmant Adas\u0131\u2019na ho\u015f geldiniz! Adan\u0131n en \u00fcnl\u00fc sihirli ailelerinden Revelle\u2019in fantastik g\u00f6sterileri tehdit alt\u0131ndayd\u0131. Adadaki t\u00fcm<span class=\"excerpt-hellip\"> [\u2026]<\/span><\/p>\n","protected":false},"featured_media":0,"template":"","meta":{"_monsterinsights_skip_tracking":false,"_monsterinsights_sitenote_active":false,"_monsterinsights_sitenote_note":"","_monsterinsights_sitenote_category":0},"product_brand":[],"product_cat":[12291,14777],"product_tag":[],"class_list":{"0":"post-770648","1":"product","2":"type-product","3":"status-publish","5":"product_cat-edebiyat","6":"product_cat-fantastik","7":"pa_cilt-ciltsiz","8":"pa_tur-kitap","9":"pa_yayinevi-go-kitap","10":"pa_yazar-lyssa-mia-smith","12":"first","13":"instock","14":"sale","15":"shipping-taxable","16":"purchasable","17":"product-type-simple"},"_links":{"self":[{"href":"https:\/\/roveyayinevi.com.tr\/index.php\/wp-json\/wp\/v2\/product\/770648","targetHints":{"allow":["GET"]}}],"collection":[{"href":"https:\/\/roveyayinevi.com.tr\/index.php\/wp-json\/wp\/v2\/product"}],"about":[{"href":"https:\/\/roveyayinevi.com.tr\/index.php\/wp-json\/wp\/v2\/types\/product"}],"wp:attachment":[{"href":"https:\/\/roveyayinevi.com.tr\/index.php\/wp-json\/wp\/v2\/media?parent=770648"}],"wp:term":[{"taxonomy":"product_brand","embeddable":true,"href":"https:\/\/roveyayinevi.com.tr\/index.php\/wp-json\/wp\/v2\/product_brand?post=770648"},{"taxonomy":"product_cat","embeddable":true,"href":"https:\/\/roveyayinevi.com.tr\/index.php\/wp-json\/wp\/v2\/product_cat?post=770648"},{"taxonomy":"product_tag","embeddable":true,"href":"https:\/\/roveyayinevi.com.tr\/index.php\/wp-json\/wp\/v2\/product_tag?post=770648"}],"curies":[{"name":"wp","href":"https:\/\/api.w.org\/{rel}","templated":true}]}}