{"id":770647,"date":"2025-08-28T14:38:27","date_gmt":"2025-08-28T11:38:27","guid":{"rendered":"https:\/\/roveyayinevi.com.tr\/index.php\/urun\/kulti\/"},"modified":"2026-04-15T03:37:07","modified_gmt":"2026-04-15T00:37:07","slug":"kulti","status":"publish","type":"product","link":"https:\/\/roveyayinevi.com.tr\/index.php\/urun\/kulti\/","title":{"rendered":"Kulti"},"content":{"rendered":"<p>Hayat bir tak\u0131m oyunudur, kalp ise en g\u00fc\u00e7l\u00fc oyuncu&#8230;   Kad\u0131nlar profesyonel futbol liginin ba\u015far\u0131l\u0131 oyuncular\u0131ndan Sal Casillas, \u00e7ocuklu\u011fundan bu yana Reiner Kulti\u2019ye hayrand\u0131r. Bir futbol efsanesi olan Kulti\u2019nin, futbolu b\u0131rak\u0131p kendi tak\u0131m\u0131nda yard\u0131mc\u0131 antren\u00f6r olarak g\u00f6rev yapaca\u011f\u0131n\u0131 \u00f6\u011frendi\u011finde, ge\u00e7mi\u015fin platonik a\u015fk\u0131 yeniden hayat\u0131na girer. Ancak y\u0131llard\u0131r hayalini kurdu\u011fu adam, Sal\u2019in bekledi\u011finden \u00e7ok farkl\u0131d\u0131r. Kulti\u2019nin sert ve mesafeli tav\u0131rlar\u0131, gen\u00e7 kad\u0131n\u0131n hem akl\u0131n\u0131 hem de kalbini zorlar.   Aralar\u0131ndaki \u00e7eki\u015fme, yanl\u0131\u015f anlamalar ve h\u0131rs, ilk ba\u015flarda b\u00fcy\u00fck bir duvar gibi y\u00fckselir. Ancak zamanla, birbirlerinin i\u00e7 d\u00fcnyalar\u0131na dokunmaya cesaret ederler. Giderek derinle\u015fen ili\u015fkileri arkada\u015fl\u0131\u011fa d\u00f6n\u00fc\u015f\u00fcr.   Peki ya bu, yaln\u0131zca bir ba\u015flang\u0131\u00e7sa?   Sal ve Kulti, futbol sahas\u0131nda filizlenen bu dostlu\u011fu, a\u015fk\u0131n sahas\u0131nda b\u00fcy\u00fck bir masala \u00e7evirmekten korksalar da kader, bu iki inat\u00e7\u0131 kalbi y\u0131llar \u00f6nce zaten birle\u015ftirmi\u015ftir.   Belki de en zorlu m\u00fccadele, sadece a\u015fk\u0131n kendisidir. <\/p>\n","protected":false},"excerpt":{"rendered":"<p>Hayat bir tak\u0131m oyunudur, kalp ise en g\u00fc\u00e7l\u00fc oyuncu&#8230; Kad\u0131nlar profesyonel futbol liginin ba\u015far\u0131l\u0131 oyuncular\u0131ndan Sal Casillas, \u00e7ocuklu\u011fundan bu yana Reiner Kulti\u2019ye hayrand\u0131r. Bir futbol efsanesi<span class=\"excerpt-hellip\"> [\u2026]<\/span><\/p>\n","protected":false},"featured_media":0,"template":"","meta":{"_monsterinsights_skip_tracking":false,"_monsterinsights_sitenote_active":false,"_monsterinsights_sitenote_note":"","_monsterinsights_sitenote_category":0},"product_brand":[],"product_cat":[12291,12711],"product_tag":[],"class_list":{"0":"post-770647","1":"product","2":"type-product","3":"status-publish","5":"product_cat-edebiyat","6":"product_cat-roman-oyku","7":"pa_cilt-ciltsiz","8":"pa_tur-kitap","9":"pa_yayinevi-nemesis-kitap","10":"pa_yazar-mariana-zapata","12":"first","13":"instock","14":"sale","15":"shipping-taxable","16":"purchasable","17":"product-type-simple"},"_links":{"self":[{"href":"https:\/\/roveyayinevi.com.tr\/index.php\/wp-json\/wp\/v2\/product\/770647","targetHints":{"allow":["GET"]}}],"collection":[{"href":"https:\/\/roveyayinevi.com.tr\/index.php\/wp-json\/wp\/v2\/product"}],"about":[{"href":"https:\/\/roveyayinevi.com.tr\/index.php\/wp-json\/wp\/v2\/types\/product"}],"wp:attachment":[{"href":"https:\/\/roveyayinevi.com.tr\/index.php\/wp-json\/wp\/v2\/media?parent=770647"}],"wp:term":[{"taxonomy":"product_brand","embeddable":true,"href":"https:\/\/roveyayinevi.com.tr\/index.php\/wp-json\/wp\/v2\/product_brand?post=770647"},{"taxonomy":"product_cat","embeddable":true,"href":"https:\/\/roveyayinevi.com.tr\/index.php\/wp-json\/wp\/v2\/product_cat?post=770647"},{"taxonomy":"product_tag","embeddable":true,"href":"https:\/\/roveyayinevi.com.tr\/index.php\/wp-json\/wp\/v2\/product_tag?post=770647"}],"curies":[{"name":"wp","href":"https:\/\/api.w.org\/{rel}","templated":true}]}}