{"id":770646,"date":"2025-08-28T14:38:24","date_gmt":"2025-08-28T11:38:24","guid":{"rendered":"https:\/\/roveyayinevi.com.tr\/index.php\/urun\/bekleyis-2\/"},"modified":"2026-04-12T03:28:06","modified_gmt":"2026-04-12T00:28:06","slug":"bekleyis-2","status":"publish","type":"product","link":"https:\/\/roveyayinevi.com.tr\/index.php\/urun\/bekleyis-2\/","title":{"rendered":"Bekleyi\u015f"},"content":{"rendered":"<p>Maddie Bosch, babas\u0131 Harry Bosch&#8217;un kald\u0131\u011f\u0131 yerden adaletin izini s\u00fcrmeye devam ediyor.   LAPD Dedektifi Ren\u00e9e Ballard, izini kaybettiren bir tecav\u00fczc\u00fcn\u00fcn pe\u015findedir. Ancak y\u0131llard\u0131r sessiz kalan bu dava, tam bir \u00e7\u0131kmaza girmi\u015ftir. \u00c7\u00f6z\u00fcm aray\u0131\u015f\u0131 s\u0131ras\u0131nda Faili Me\u00e7hul Vakalar Birimi\u2019ne yeni bir g\u00f6n\u00fcll\u00fc al\u0131r: devriye memuru Maddie Bosch, Harry Bosch\u2019un cesur ve kararl\u0131 k\u0131z\u0131d\u0131r.    Ekip, yeni tutuklanan bir adamla yirmi y\u0131l \u00f6nce ortadan kaybolan tecav\u00fczc\u00fc ve katil aras\u0131nda DNA ba\u011flant\u0131s\u0131 bulur. Ancak tutuklanan ki\u015fi yaln\u0131zca 24 ya\u015f\u0131ndad\u0131r. Bu durum, su\u00e7lunun babas\u0131 oldu\u011funu ortaya \u00e7\u0131kar\u0131r: Los Angeles\u2019ta be\u015f y\u0131l boyunca korku sa\u00e7an Yast\u0131k K\u0131l\u0131f\u0131 Tecav\u00fczc\u00fcs\u00fc. Ballard ve ekibi anbean \u015f\u00fcpheliye yakla\u015f\u0131rken, kendilerini karma\u015f\u0131k s\u0131rlar ve yasal engellerle dolu bir labirentin i\u00e7inde bulurlar.   Bu s\u0131rada Ballard\u2019\u0131n rozeti, silah\u0131 ve kimli\u011fi \u00e7al\u0131n\u0131r. Durumu \u00fcstlerine bildirmek, d\u00fc\u015fmanlar\u0131na koz verece\u011fi i\u00e7in sessiz kalmay\u0131 tercih eder. H\u0131rs\u0131zl\u0131\u011f\u0131 kendi ba\u015f\u0131na \u00e7\u00f6zmeye \u00e7al\u0131\u015f\u0131rken, i\u015fler tehlikeli bir hal al\u0131r ve Harry Bosch\u2019un yard\u0131m\u0131na ba\u015fvurmak zorunda kal\u0131r.   \u00d6te yandan Maddie\u2019nin g\u00f6n\u00fcll\u00fc olarak birime kat\u0131lmas\u0131n\u0131n ba\u015fka bir nedeni vard\u0131r. \u015eehrin tarihindeki en \u00fcnl\u00fc ve karma\u015f\u0131k davalardan birini \u00e7\u00f6zmek i\u00e7in faili me\u00e7hul vakalar\u0131n dosyalar\u0131na ula\u015fmay\u0131 hedeflemektedir.   \u00c7arp\u0131c\u0131 detaylar\u0131 ve beklenmedik d\u00f6neme\u00e7leriyle Bekleyi\u015f, Michael Connelly\u2019nin neden gerilim t\u00fcr\u00fcn\u00fcn ustas\u0131 oldu\u011funu bir kez daha kan\u0131tl\u0131yor. <\/p>\n","protected":false},"excerpt":{"rendered":"<p>Maddie Bosch, babas\u0131 Harry Bosch&#8217;un kald\u0131\u011f\u0131 yerden adaletin izini s\u00fcrmeye devam ediyor. LAPD Dedektifi Ren\u00e9e Ballard, izini kaybettiren bir tecav\u00fczc\u00fcn\u00fcn pe\u015findedir. Ancak y\u0131llard\u0131r sessiz kalan bu<span class=\"excerpt-hellip\"> [\u2026]<\/span><\/p>\n","protected":false},"featured_media":0,"template":"","meta":{"_monsterinsights_skip_tracking":false,"_monsterinsights_sitenote_active":false,"_monsterinsights_sitenote_note":"","_monsterinsights_sitenote_category":0},"product_brand":[],"product_cat":[12291,15445],"product_tag":[],"class_list":{"0":"post-770646","1":"product","2":"type-product","3":"status-publish","5":"product_cat-edebiyat","6":"product_cat-polisiye","7":"pa_cilt-ciltsiz","8":"pa_tur-kitap","9":"pa_yayinevi-nemesis-kitap","10":"pa_yazar-michael-connelly","12":"first","13":"instock","14":"sale","15":"shipping-taxable","16":"purchasable","17":"product-type-simple"},"_links":{"self":[{"href":"https:\/\/roveyayinevi.com.tr\/index.php\/wp-json\/wp\/v2\/product\/770646","targetHints":{"allow":["GET"]}}],"collection":[{"href":"https:\/\/roveyayinevi.com.tr\/index.php\/wp-json\/wp\/v2\/product"}],"about":[{"href":"https:\/\/roveyayinevi.com.tr\/index.php\/wp-json\/wp\/v2\/types\/product"}],"wp:attachment":[{"href":"https:\/\/roveyayinevi.com.tr\/index.php\/wp-json\/wp\/v2\/media?parent=770646"}],"wp:term":[{"taxonomy":"product_brand","embeddable":true,"href":"https:\/\/roveyayinevi.com.tr\/index.php\/wp-json\/wp\/v2\/product_brand?post=770646"},{"taxonomy":"product_cat","embeddable":true,"href":"https:\/\/roveyayinevi.com.tr\/index.php\/wp-json\/wp\/v2\/product_cat?post=770646"},{"taxonomy":"product_tag","embeddable":true,"href":"https:\/\/roveyayinevi.com.tr\/index.php\/wp-json\/wp\/v2\/product_tag?post=770646"}],"curies":[{"name":"wp","href":"https:\/\/api.w.org\/{rel}","templated":true}]}}