{"id":770644,"date":"2025-08-28T14:38:19","date_gmt":"2025-08-28T11:38:19","guid":{"rendered":"https:\/\/roveyayinevi.com.tr\/index.php\/urun\/kem-goz\/"},"modified":"2026-04-15T03:37:07","modified_gmt":"2026-04-15T00:37:07","slug":"kem-goz","status":"publish","type":"product","link":"https:\/\/roveyayinevi.com.tr\/index.php\/urun\/kem-goz\/","title":{"rendered":"Kem G\u00f6z"},"content":{"rendered":"<p>\u00c7ocuklu\u011fu hayli zorlu ge\u00e7en Yara ge\u00e7mi\u015fini geride b\u0131rakmak i\u00e7in elinden geleni yapt\u0131\u011f\u0131n\u0131 ve hayatta hedefledi\u011fi her \u015feyi ba\u015fard\u0131\u011f\u0131n\u0131 d\u00fc\u015f\u00fcnmektedir. Sanat alan\u0131nda lisans e\u011fitimini tamamlayan Yara\u2019n\u0131n \u00fcniversitede iyi bir i\u015fi vard\u0131r; bir yandan da e\u015fi Fadi\u2019yle iki k\u0131z\u0131n\u0131 b\u00fcy\u00fctmekte, evini \u00e7ekip \u00e7evirmektedir. Evlili\u011fi anne babas\u0131n\u0131n \u00e7alkant\u0131l\u0131 ili\u015fkisine hi\u00e7 benzemeyen Yara, kendi hayat\u0131n\u0131n annesininkinden \u00e7ok daha iyi ve \u00f6zg\u00fcr oldu\u011funun da fark\u0131ndad\u0131r. Ama durup dururken \u00f6fke patlamalar\u0131 ya\u015famaya ba\u015flar ve kendini, ad\u0131n\u0131 koyamad\u0131\u011f\u0131 bir h\u00fczn\u00fcn pen\u00e7esinde hisseder. Yara \u00fcniversitede ya\u015fad\u0131\u011f\u0131 bir olay y\u00fcz\u00fcnden i\u015fini kaybetme riskiyle kar\u015f\u0131 kar\u015f\u0131ya kal\u0131nca annesi her \u015feyin bir lanet y\u00fcz\u00fcnden ya\u015fand\u0131\u011f\u0131n\u0131 \u00f6ne s\u00fcrer. Yara bat\u0131l inan\u00e7l\u0131 biri de\u011fildir ama \u00f6zenle kurdu\u011fu d\u00fcnyas\u0131n\u0131n bir anda neden \u00e7\u00f6kmeye ba\u015flad\u0131\u011f\u0131n\u0131 anlamak ister. Kendini kurtarmak i\u00e7inse geride b\u0131rakt\u0131\u011f\u0131n\u0131 sand\u0131\u011f\u0131 \u00e7ocuklu\u011fuyla y\u00fczle\u015fmesi ve kendi yolunu \u00e7izmesi gerekmektedir. NPR\u2019\u0131n y\u0131l\u0131n en iyi kitaplar\u0131 listesinde yer alan, Time dergisinin y\u0131l\u0131n en \u00e7ok beklenen kitaplar\u0131ndan biri ilan etti\u011fi Kem G\u00f6z, Etaf Rum\u2019un annelik, travma, aidiyet gibi temalar\u0131 incelikle i\u015fledi\u011fi, unutulmayacak bir roman. \u201cHer ya\u015ftan ve k\u00fclt\u00fcrden okura hitap edecek s\u0131ra d\u0131\u015f\u0131 bir roman.\u201d BookPage \u201cRum, Yara\u2019n\u0131n i\u00e7 d\u00fcnyas\u0131n\u0131 hassas bir \u015fekilde tasvir ederken, Filistinli kad\u0131nlara y\u00fcklenen cinsiyet\u00e7i rollere ve huzursuz bir ge\u00e7mi\u015fin, bug\u00fcn\u00fc nas\u0131l etkileyebilece\u011fine de \u0131\u015f\u0131k tutuyor.&#8221; Washington Post \u201cEtaf Rum, a\u015fk\u0131n, tutkunun, g\u00f6\u00e7\u00fcn, kimli\u011fin ve sanat\u0131n karma\u015f\u0131kl\u0131\u011f\u0131n\u0131 hassasiyetle irdeliyor. Rum, d\u00fcr\u00fcstl\u00fc\u011f\u00fc lirik bir duyarl\u0131l\u0131kla harmanlayan ola\u011fan\u00fcst\u00fc bir yetenek. Kem G\u00f6z, harika bir roman!\u201d Jean Kwok<\/p>\n","protected":false},"excerpt":{"rendered":"<p>\u00c7ocuklu\u011fu hayli zorlu ge\u00e7en Yara ge\u00e7mi\u015fini geride b\u0131rakmak i\u00e7in elinden geleni yapt\u0131\u011f\u0131n\u0131 ve hayatta hedefledi\u011fi her \u015feyi ba\u015fard\u0131\u011f\u0131n\u0131 d\u00fc\u015f\u00fcnmektedir. Sanat alan\u0131nda lisans e\u011fitimini tamamlayan Yara\u2019n\u0131n \u00fcniversitede<span class=\"excerpt-hellip\"> [\u2026]<\/span><\/p>\n","protected":false},"featured_media":0,"template":"","meta":{"_monsterinsights_skip_tracking":false,"_monsterinsights_sitenote_active":false,"_monsterinsights_sitenote_note":"","_monsterinsights_sitenote_category":0},"product_brand":[],"product_cat":[12291,12711],"product_tag":[],"class_list":{"0":"post-770644","1":"product","2":"type-product","3":"status-publish","5":"product_cat-edebiyat","6":"product_cat-roman-oyku","7":"pa_cilt-ciltsiz","8":"pa_tur-kitap","9":"pa_yayinevi-koridor-yayincilik","10":"pa_yazar-etaf-rum","12":"first","13":"instock","14":"sale","15":"shipping-taxable","16":"purchasable","17":"product-type-simple"},"_links":{"self":[{"href":"https:\/\/roveyayinevi.com.tr\/index.php\/wp-json\/wp\/v2\/product\/770644","targetHints":{"allow":["GET"]}}],"collection":[{"href":"https:\/\/roveyayinevi.com.tr\/index.php\/wp-json\/wp\/v2\/product"}],"about":[{"href":"https:\/\/roveyayinevi.com.tr\/index.php\/wp-json\/wp\/v2\/types\/product"}],"wp:attachment":[{"href":"https:\/\/roveyayinevi.com.tr\/index.php\/wp-json\/wp\/v2\/media?parent=770644"}],"wp:term":[{"taxonomy":"product_brand","embeddable":true,"href":"https:\/\/roveyayinevi.com.tr\/index.php\/wp-json\/wp\/v2\/product_brand?post=770644"},{"taxonomy":"product_cat","embeddable":true,"href":"https:\/\/roveyayinevi.com.tr\/index.php\/wp-json\/wp\/v2\/product_cat?post=770644"},{"taxonomy":"product_tag","embeddable":true,"href":"https:\/\/roveyayinevi.com.tr\/index.php\/wp-json\/wp\/v2\/product_tag?post=770644"}],"curies":[{"name":"wp","href":"https:\/\/api.w.org\/{rel}","templated":true}]}}