{"id":770642,"date":"2025-08-28T14:38:13","date_gmt":"2025-08-28T11:38:13","guid":{"rendered":"https:\/\/roveyayinevi.com.tr\/index.php\/urun\/bu-bir-dinozor-degil\/"},"modified":"2026-04-08T03:33:26","modified_gmt":"2026-04-08T00:33:26","slug":"bu-bir-dinozor-degil","status":"publish","type":"product","link":"https:\/\/roveyayinevi.com.tr\/index.php\/urun\/bu-bir-dinozor-degil\/","title":{"rendered":"Bu Bir Dinozor De\u011fil"},"content":{"rendered":"<p>Bu kitap bir dinozor hakk\u0131nda DE\u011e\u0130L. Tamam\u2026 Belki biraz \u00f6yle! Ama BU dinozor inan\u0131lmaz \u015feyler olabiliyor &#8211; bir futbolcu, k\u00e2\u015fif, korsan, dalg\u0131\u00e7 hatta bir kuaf\u00f6r bile. E\u011flenceye sen de kat\u0131l ve bir dinozorla arkada\u015f olman\u0131n ne kadar B\u00dcY\u00dcK bir macera olabilece\u011fini g\u00f6r!<\/p>\n","protected":false},"excerpt":{"rendered":"<p>Bu kitap bir dinozor hakk\u0131nda DE\u011e\u0130L. Tamam\u2026 Belki biraz \u00f6yle! Ama BU dinozor inan\u0131lmaz \u015feyler olabiliyor &#8211; bir futbolcu, k\u00e2\u015fif, korsan, dalg\u0131\u00e7 hatta bir kuaf\u00f6r bile.<span class=\"excerpt-hellip\"> [\u2026]<\/span><\/p>\n","protected":false},"featured_media":0,"template":"","meta":{"_monsterinsights_skip_tracking":false,"_monsterinsights_sitenote_active":false,"_monsterinsights_sitenote_note":"","_monsterinsights_sitenote_category":0},"product_brand":[],"product_cat":[12274,12284],"product_tag":[],"class_list":{"0":"post-770642","1":"product","2":"type-product","3":"status-publish","5":"product_cat-cocuk-ve-genclik-kitaplari","6":"product_cat-hikayeler","7":"pa_cilt-ciltsiz","8":"pa_tur-kitap","9":"pa_yayinevi-buyulu-fener-yayinlari","10":"pa_yazar-barry-timms-ged-adamson","12":"first","13":"instock","14":"sale","15":"shipping-taxable","16":"purchasable","17":"product-type-simple"},"_links":{"self":[{"href":"https:\/\/roveyayinevi.com.tr\/index.php\/wp-json\/wp\/v2\/product\/770642","targetHints":{"allow":["GET"]}}],"collection":[{"href":"https:\/\/roveyayinevi.com.tr\/index.php\/wp-json\/wp\/v2\/product"}],"about":[{"href":"https:\/\/roveyayinevi.com.tr\/index.php\/wp-json\/wp\/v2\/types\/product"}],"wp:attachment":[{"href":"https:\/\/roveyayinevi.com.tr\/index.php\/wp-json\/wp\/v2\/media?parent=770642"}],"wp:term":[{"taxonomy":"product_brand","embeddable":true,"href":"https:\/\/roveyayinevi.com.tr\/index.php\/wp-json\/wp\/v2\/product_brand?post=770642"},{"taxonomy":"product_cat","embeddable":true,"href":"https:\/\/roveyayinevi.com.tr\/index.php\/wp-json\/wp\/v2\/product_cat?post=770642"},{"taxonomy":"product_tag","embeddable":true,"href":"https:\/\/roveyayinevi.com.tr\/index.php\/wp-json\/wp\/v2\/product_tag?post=770642"}],"curies":[{"name":"wp","href":"https:\/\/api.w.org\/{rel}","templated":true}]}}