{"id":770641,"date":"2025-08-28T14:38:12","date_gmt":"2025-08-28T11:38:12","guid":{"rendered":"https:\/\/roveyayinevi.com.tr\/index.php\/urun\/insan-ofkesini-nasil-yener\/"},"modified":"2026-04-15T03:37:07","modified_gmt":"2026-04-15T00:37:07","slug":"insan-ofkesini-nasil-yener","status":"publish","type":"product","link":"https:\/\/roveyayinevi.com.tr\/index.php\/urun\/insan-ofkesini-nasil-yener\/","title":{"rendered":"\u0130nsan \u00d6fkesini Nas\u0131l Yener?"},"content":{"rendered":"<p>Epiktetos\u2019un MS 50 y\u0131l\u0131nda Frigya\u2019daki Hieropolis kentinde du\u0308nyaya geldi\u011fi san\u0131lmaktad\u0131r. Gen\u00e7li\u011fini k\u00f6le olarak ge\u00e7iren Epiktetos, Nero\u2019nun \u00f6lu\u0308mu\u0308nden (MS 68) k\u0131sa bir su\u0308re sonra azat edildi ve Roma\u2019da felsefe e\u011fitimi vermeye ba\u015flad\u0131. MS 93 y\u0131l\u0131nda Yunanistan\u2019\u0131n Epir y\u00f6resindeki Nikopolis kentine giderek bir felsefe okulu kurdu. Epiktetos Stoac\u0131 felsefeye uygun olarak, \u00e7ok az e\u015fyas\u0131yla bu\u0308yu\u0308k bir sadelik i\u00e7inde ya\u015fam\u0131n\u0131 su\u0308rdu\u0308rdu\u0308. MS 135 civar\u0131nda Nikopolis kentinde \u00f6ldu\u0308. \u0130nsan \u00d6fkesini Nas\u0131l Yener Epiktetos\u2019un \u00f6fke konusundaki g\u00f6r\u00fc\u015flerinden yap\u0131lm\u0131\u015f bir derlemedir. \u201c\u00d6fke, d\u0131\u015fsal olaylara verdi\u011fimiz tepkiyle de\u011fil, i\u00e7sel tutumlar\u0131m\u0131zla \u015fekillenir,\u201d diyen Epiktetos, okuyucuyu, \u00f6fkenin kontrol alt\u0131na al\u0131nabilece\u011fi ve ak\u0131l yoluyla y\u00f6netilebilece\u011fi bir felsefi bak\u0131\u015f a\u00e7\u0131s\u0131na davet ediyor. <\/p>\n","protected":false},"excerpt":{"rendered":"<p>Epiktetos\u2019un MS 50 y\u0131l\u0131nda Frigya\u2019daki Hieropolis kentinde du\u0308nyaya geldi\u011fi san\u0131lmaktad\u0131r. Gen\u00e7li\u011fini k\u00f6le olarak ge\u00e7iren Epiktetos, Nero\u2019nun \u00f6lu\u0308mu\u0308nden (MS 68) k\u0131sa bir su\u0308re sonra azat edildi ve<span class=\"excerpt-hellip\"> [\u2026]<\/span><\/p>\n","protected":false},"featured_media":0,"template":"","meta":{"_monsterinsights_skip_tracking":false,"_monsterinsights_sitenote_active":false,"_monsterinsights_sitenote_note":"","_monsterinsights_sitenote_category":0},"product_brand":[],"product_cat":[12388],"product_tag":[],"class_list":{"0":"post-770641","1":"product","2":"type-product","3":"status-publish","5":"product_cat-felsefe","6":"pa_cilt-ciltsiz","7":"pa_tur-kitap","8":"pa_yayinevi-say-yayinlari","9":"pa_yazar-epiktetos","11":"first","12":"instock","13":"sale","14":"shipping-taxable","15":"purchasable","16":"product-type-simple"},"_links":{"self":[{"href":"https:\/\/roveyayinevi.com.tr\/index.php\/wp-json\/wp\/v2\/product\/770641","targetHints":{"allow":["GET"]}}],"collection":[{"href":"https:\/\/roveyayinevi.com.tr\/index.php\/wp-json\/wp\/v2\/product"}],"about":[{"href":"https:\/\/roveyayinevi.com.tr\/index.php\/wp-json\/wp\/v2\/types\/product"}],"wp:attachment":[{"href":"https:\/\/roveyayinevi.com.tr\/index.php\/wp-json\/wp\/v2\/media?parent=770641"}],"wp:term":[{"taxonomy":"product_brand","embeddable":true,"href":"https:\/\/roveyayinevi.com.tr\/index.php\/wp-json\/wp\/v2\/product_brand?post=770641"},{"taxonomy":"product_cat","embeddable":true,"href":"https:\/\/roveyayinevi.com.tr\/index.php\/wp-json\/wp\/v2\/product_cat?post=770641"},{"taxonomy":"product_tag","embeddable":true,"href":"https:\/\/roveyayinevi.com.tr\/index.php\/wp-json\/wp\/v2\/product_tag?post=770641"}],"curies":[{"name":"wp","href":"https:\/\/api.w.org\/{rel}","templated":true}]}}