{"id":770640,"date":"2025-08-28T14:38:10","date_gmt":"2025-08-28T11:38:10","guid":{"rendered":"https:\/\/roveyayinevi.com.tr\/index.php\/urun\/hadi-bize-bir-masal\/"},"modified":"2026-04-15T03:37:07","modified_gmt":"2026-04-15T00:37:07","slug":"hadi-bize-bir-masal","status":"publish","type":"product","link":"https:\/\/roveyayinevi.com.tr\/index.php\/urun\/hadi-bize-bir-masal\/","title":{"rendered":"Hadi Bize Bir Masal"},"content":{"rendered":"<p>Her \u015fey saksa\u011fan\u0131n gramofon \u00e7i\u00e7e\u011finin i\u00e7ine hoop diye d\u00fc\u015fmesiyle ba\u015flam\u0131\u015f. Bir de ne g\u00f6rs\u00fcn bizim saksa\u011fan;  yan\u0131 ba\u015f\u0131nda hareket etmek \u00fczere olan bir tren, kendisi de bu trende bilet kesen g\u00f6revli! Gelin g\u00f6r\u00fcn ki bu biletler parayla sat\u0131lm\u0131yormu\u015f, yolcular bilet almak i\u00e7in bir masal anlatmak zorundaym\u0131\u015f. \u0130\u015fte, b\u00f6ylece ba\u015flam\u0131\u015f yolculuk\u2026 Filiz \u00d6zdem\u2019in yazd\u0131\u011f\u0131, Mert Tugen\u2019in resimledi\u011fi Hadi Bize Bir Masal ile Panter Mi\u015fmi\u015f Han\u0131m\u2019\u0131n laboratuvar\u0131na konuk olacak, zaman\u0131n neye benzedi\u011fini \u00f6\u011frenmek i\u00e7in hintb\u00fclb\u00fcl\u00fcyle yollara d\u00fc\u015fecek, ejderha olmak isteyen bal\u0131klar\u0131n bu dile\u011fini ger\u00e7ekle\u015ftirebilmeleri i\u00e7in onlara yard\u0131m edecek, sapsar\u0131 g\u00f6lde y\u00fczen mor bal\u0131klarla kar\u015f\u0131la\u015facaks\u0131n\u0131z\u2026 Kim bilir, belki bir g\u00fcn bizim saksa\u011fan sizin masal\u0131n\u0131z\u0131 da dinlemek i\u00e7in yan\u0131n\u0131zda bitiverir!<\/p>\n","protected":false},"excerpt":{"rendered":"<p>Her \u015fey saksa\u011fan\u0131n gramofon \u00e7i\u00e7e\u011finin i\u00e7ine hoop diye d\u00fc\u015fmesiyle ba\u015flam\u0131\u015f. Bir de ne g\u00f6rs\u00fcn bizim saksa\u011fan; yan\u0131 ba\u015f\u0131nda hareket etmek \u00fczere olan bir tren, kendisi de<span class=\"excerpt-hellip\"> [\u2026]<\/span><\/p>\n","protected":false},"featured_media":0,"template":"","meta":{"_monsterinsights_skip_tracking":false,"_monsterinsights_sitenote_active":false,"_monsterinsights_sitenote_note":"","_monsterinsights_sitenote_category":0},"product_brand":[],"product_cat":[12274,12523],"product_tag":[],"class_list":{"0":"post-770640","1":"product","2":"type-product","3":"status-publish","5":"product_cat-cocuk-ve-genclik-kitaplari","6":"product_cat-masallar","7":"pa_cilt-ciltsiz","8":"pa_tur-kitap","9":"pa_yayinevi-everest-yayinlari","10":"pa_yazar-filiz-ozdem","12":"first","13":"instock","14":"sale","15":"shipping-taxable","16":"purchasable","17":"product-type-simple"},"_links":{"self":[{"href":"https:\/\/roveyayinevi.com.tr\/index.php\/wp-json\/wp\/v2\/product\/770640","targetHints":{"allow":["GET"]}}],"collection":[{"href":"https:\/\/roveyayinevi.com.tr\/index.php\/wp-json\/wp\/v2\/product"}],"about":[{"href":"https:\/\/roveyayinevi.com.tr\/index.php\/wp-json\/wp\/v2\/types\/product"}],"wp:attachment":[{"href":"https:\/\/roveyayinevi.com.tr\/index.php\/wp-json\/wp\/v2\/media?parent=770640"}],"wp:term":[{"taxonomy":"product_brand","embeddable":true,"href":"https:\/\/roveyayinevi.com.tr\/index.php\/wp-json\/wp\/v2\/product_brand?post=770640"},{"taxonomy":"product_cat","embeddable":true,"href":"https:\/\/roveyayinevi.com.tr\/index.php\/wp-json\/wp\/v2\/product_cat?post=770640"},{"taxonomy":"product_tag","embeddable":true,"href":"https:\/\/roveyayinevi.com.tr\/index.php\/wp-json\/wp\/v2\/product_tag?post=770640"}],"curies":[{"name":"wp","href":"https:\/\/api.w.org\/{rel}","templated":true}]}}