{"id":770638,"date":"2025-08-28T14:38:05","date_gmt":"2025-08-28T11:38:05","guid":{"rendered":"https:\/\/roveyayinevi.com.tr\/index.php\/urun\/paralize-zaman-diyaloglari\/"},"modified":"2025-09-24T17:51:49","modified_gmt":"2025-09-24T14:51:49","slug":"paralize-zaman-diyaloglari","status":"publish","type":"product","link":"https:\/\/roveyayinevi.com.tr\/index.php\/urun\/paralize-zaman-diyaloglari\/","title":{"rendered":"Paralize Zaman Diyaloglar\u0131"},"content":{"rendered":"<p>d\u00fcn evdeydik, diyor sevgilim bug\u00fcn akdeniz\u2019in serin sular\u0131nda bal\u0131klara yem at\u0131n bir\u00e7ok kez do\u011fdum ben, diyorum ona g\u00f6be\u011fimi her seferinde ellerimle ba\u015fka ba\u015fka \u00fclkelerin topraklar\u0131nda do\u011fu annemin di\u015findeki p\u0131ht\u0131 ad\u0131mla aramda uzak bir mesafe kapatamad\u0131m ate\u015fle s\u0131nand\u0131m ama peygamber de\u011fildim <\/p>\n","protected":false},"excerpt":{"rendered":"<p>d\u00fcn evdeydik, diyor sevgilim bug\u00fcn akdeniz\u2019in serin sular\u0131nda bal\u0131klara yem at\u0131n bir\u00e7ok kez do\u011fdum ben, diyorum ona g\u00f6be\u011fimi her seferinde ellerimle ba\u015fka ba\u015fka \u00fclkelerin topraklar\u0131nda do\u011fu<span class=\"excerpt-hellip\"> [\u2026]<\/span><\/p>\n","protected":false},"featured_media":0,"template":"","meta":{"_monsterinsights_skip_tracking":false,"_monsterinsights_sitenote_active":false,"_monsterinsights_sitenote_note":"","_monsterinsights_sitenote_category":0},"product_brand":[],"product_cat":[12291,12509],"product_tag":[],"class_list":{"0":"post-770638","1":"product","2":"type-product","3":"status-publish","5":"product_cat-edebiyat","6":"product_cat-siir","7":"pa_cilt-ciltsiz","8":"pa_tur-kitap","9":"pa_yayinevi-everest-yayinlari","10":"pa_yazar-elcin-sevgi-sucin","12":"first","13":"instock","14":"sale","15":"shipping-taxable","16":"purchasable","17":"product-type-simple"},"_links":{"self":[{"href":"https:\/\/roveyayinevi.com.tr\/index.php\/wp-json\/wp\/v2\/product\/770638","targetHints":{"allow":["GET"]}}],"collection":[{"href":"https:\/\/roveyayinevi.com.tr\/index.php\/wp-json\/wp\/v2\/product"}],"about":[{"href":"https:\/\/roveyayinevi.com.tr\/index.php\/wp-json\/wp\/v2\/types\/product"}],"wp:attachment":[{"href":"https:\/\/roveyayinevi.com.tr\/index.php\/wp-json\/wp\/v2\/media?parent=770638"}],"wp:term":[{"taxonomy":"product_brand","embeddable":true,"href":"https:\/\/roveyayinevi.com.tr\/index.php\/wp-json\/wp\/v2\/product_brand?post=770638"},{"taxonomy":"product_cat","embeddable":true,"href":"https:\/\/roveyayinevi.com.tr\/index.php\/wp-json\/wp\/v2\/product_cat?post=770638"},{"taxonomy":"product_tag","embeddable":true,"href":"https:\/\/roveyayinevi.com.tr\/index.php\/wp-json\/wp\/v2\/product_tag?post=770638"}],"curies":[{"name":"wp","href":"https:\/\/api.w.org\/{rel}","templated":true}]}}