{"id":770636,"date":"2025-08-28T14:38:01","date_gmt":"2025-08-28T11:38:01","guid":{"rendered":"https:\/\/roveyayinevi.com.tr\/index.php\/urun\/buyuk-filozoflar-2\/"},"modified":"2026-04-15T03:37:07","modified_gmt":"2026-04-15T00:37:07","slug":"buyuk-filozoflar-2","status":"publish","type":"product","link":"https:\/\/roveyayinevi.com.tr\/index.php\/urun\/buyuk-filozoflar-2\/","title":{"rendered":"Bu\u0308yu\u0308k Filozoflar"},"content":{"rendered":"<p>Felsefe, insan d\u00fc\u015f\u00fcncesinin en temel ve derin sorular\u0131na yan\u0131t aray\u0131\u015f\u0131d\u0131r. Felsefe tarihinde yer edinmi\u015f Platon, Kant, Hegel, Nietzsche, Wittgenstein ve daha nice b\u00fcy\u00fck filozof, yaln\u0131zca ya\u015fad\u0131klar\u0131 \u00e7a\u011flar\u0131 de\u011fil, g\u00fcn\u00fcm\u00fcz d\u00fcnyas\u0131n\u0131 da derinden etkiledi. Peki, onlar\u0131n fikirleri nas\u0131l do\u011fdu? Hangi sorulara yan\u0131t arad\u0131lar? D\u00fc\u015f\u00fcnce tarihine nas\u0131l y\u00f6n verdiler? Bryan Magee, bu eserinde, felsefenin en \u00f6nemli filozoflar\u0131n\u0131n d\u00fc\u015f\u00fcncelerini, temel problemlerini, alanlar\u0131nda yetkin isimlerle ger\u00e7ekle\u015ftirdi\u011fi derinlikli s\u00f6yle\u015filer arac\u0131l\u0131\u011f\u0131yla ele al\u0131yor. B\u00fcy\u00fck filozoflar\u0131n d\u00fc\u015f\u00fcnme bi\u00e7imlerini kavramam\u0131za yard\u0131mc\u0131 olan bu kitap, ayn\u0131 zamanda g\u00fcn\u00fcm\u00fcz d\u00fcnyas\u0131n\u0131 \u015fekillendiren fikirleri ke\u015ffetmemizi sa\u011fl\u0131yor. Felsefi merak\u0131n\u0131z\u0131 kam\u00e7\u0131layacak, d\u00fc\u015f\u00fcnmeye te\u015fvik edecek ve entelekt\u00fcel ufkunuzu geni\u015fletecek bu eser, hem akademik bir rehber hem de felsefeyle tan\u0131\u015fmak isteyen herkes i\u00e7in vazge\u00e7ilmez bir ba\u015fvuru kayna\u011f\u0131. Platon, Aristoteles, Descartes, Augustinus, Thomas Aquinas, Spinoza, Leibniz, Locke, Berkeley, Hume, Kant, Hegel, Marx, Schopenhauer, Nietzsche, Husserl, Heidegger, Peirce, William James, Dewey, Frege, Russell, Wittgenstein  <\/p>\n","protected":false},"excerpt":{"rendered":"<p>Felsefe, insan d\u00fc\u015f\u00fcncesinin en temel ve derin sorular\u0131na yan\u0131t aray\u0131\u015f\u0131d\u0131r. Felsefe tarihinde yer edinmi\u015f Platon, Kant, Hegel, Nietzsche, Wittgenstein ve daha nice b\u00fcy\u00fck filozof, yaln\u0131zca ya\u015fad\u0131klar\u0131<span class=\"excerpt-hellip\"> [\u2026]<\/span><\/p>\n","protected":false},"featured_media":0,"template":"","meta":{"_monsterinsights_skip_tracking":false,"_monsterinsights_sitenote_active":false,"_monsterinsights_sitenote_note":"","_monsterinsights_sitenote_category":0},"product_brand":[],"product_cat":[12388],"product_tag":[],"class_list":{"0":"post-770636","1":"product","2":"type-product","3":"status-publish","5":"product_cat-felsefe","6":"pa_cilt-ciltsiz","7":"pa_tur-kitap","8":"pa_yayinevi-say-yayinlari","9":"pa_yazar-bryan-magee","11":"first","12":"instock","13":"sale","14":"shipping-taxable","15":"purchasable","16":"product-type-simple"},"_links":{"self":[{"href":"https:\/\/roveyayinevi.com.tr\/index.php\/wp-json\/wp\/v2\/product\/770636","targetHints":{"allow":["GET"]}}],"collection":[{"href":"https:\/\/roveyayinevi.com.tr\/index.php\/wp-json\/wp\/v2\/product"}],"about":[{"href":"https:\/\/roveyayinevi.com.tr\/index.php\/wp-json\/wp\/v2\/types\/product"}],"wp:attachment":[{"href":"https:\/\/roveyayinevi.com.tr\/index.php\/wp-json\/wp\/v2\/media?parent=770636"}],"wp:term":[{"taxonomy":"product_brand","embeddable":true,"href":"https:\/\/roveyayinevi.com.tr\/index.php\/wp-json\/wp\/v2\/product_brand?post=770636"},{"taxonomy":"product_cat","embeddable":true,"href":"https:\/\/roveyayinevi.com.tr\/index.php\/wp-json\/wp\/v2\/product_cat?post=770636"},{"taxonomy":"product_tag","embeddable":true,"href":"https:\/\/roveyayinevi.com.tr\/index.php\/wp-json\/wp\/v2\/product_tag?post=770636"}],"curies":[{"name":"wp","href":"https:\/\/api.w.org\/{rel}","templated":true}]}}