{"id":770634,"date":"2025-08-28T14:37:58","date_gmt":"2025-08-28T11:37:58","guid":{"rendered":"https:\/\/roveyayinevi.com.tr\/index.php\/urun\/myart-6-myrina-yayinlari-sanat-dergisi\/"},"modified":"2026-04-15T03:37:07","modified_gmt":"2026-04-15T00:37:07","slug":"myart-6-myrina-yayinlari-sanat-dergisi","status":"publish","type":"product","link":"https:\/\/roveyayinevi.com.tr\/index.php\/urun\/myart-6-myrina-yayinlari-sanat-dergisi\/","title":{"rendered":"MYART-6: Myrina Yay\u0131nlar\u0131 Sanat Dergisi"},"content":{"rendered":"<p>MYART\u2019\u0131n 6. Say\u0131s\u0131nda a\u015fa\u011f\u0131daki yaz\u0131lar bulunmaktad\u0131r:   \u0130SK\u0130T SANATINDA B\u0130R BA\u015e YAPIT: CHERTOMLYK VAZOSU (Onur Y\u0130\u011e\u0130T) \/ 5; T\u0130MURLU VE BAB\u00dcRL\u00dc M\u0130MAR\u0130S\u0130: Pop\u00fcler Bir Klipin G\u00f6rsel Kaynaklar\u0131 (\u00c7a\u011flayan HERG\u00dcL) \/ 7; GELENE\u011e\u0130N \u0130Z\u0130NDE B\u0130R SANAT\u00c7I: Sevin\u00e7 G\u00dcVEN (Buse ALKAN) \/ 10; GE\u00c7M\u0130\u015eTEN G\u00dcN\u00dcM\u00dcZE ULA\u015eAN T\u00dcRK DESENLER\u0130: Tarihsel Geli\u015fim ve Sanatsal D\u00f6n\u00fc\u015f\u00fcm (Buse ALKAN) \/ 12; HEYKELTIRA\u015e APER AYDIN ile\u2026 (Nihal Y\u00dcKSEL) \/ 15; KONULARINI M\u0130TOLOJ\u0130DEN ALAN \u201cFANTAST\u0130K\u201d B\u0130R SANAT\u00c7I: Do\u011fan KARAKILI\u00c7 (Cenker AT\u0130LA) \/18; \u201cBU B\u0130R SALINIM ASLINDA\u2026 ZAMANIN SARKACINDA B\u0130R SALINIM\u201d (\u015eebnem ATILGAN) \/ 21; SOFTPASTEL VE ROMANT\u0130ZM\u0130N G\u00dcC\u00dc: Murat FESL\u0130 (Ufuk UYSAL) \/ 25; BEYO\u011eLU SOKAKLARININ D\u0130L\u0130: Alp YAVUZ (Meltem TEK\u0130N) \/ 36; RESSAM DUYGU KIZILKAYA \u0130LE RES\u0130M SANATI \u00dcZER\u0130NE (Ufuk UYSAL) \/ 41; SANATINI \u0130LMEK \u0130LMEK \u0130CRA EDEN B\u0130R RESSAM: Funda ALKAN (Cenker AT\u0130LA) \/ 45; ADEM BA\u015ePINAR\u2019IN RES\u0130MLER\u0130NDE RENK, ZAMAN VE KONU (Kerem KACAR ) \/ 49; \u0130NSAN (R. Eser KORTANO\u011eLU) \/ 54; D\u0130S\u0130PL\u0130NLER ARASI B\u0130R D\u0130S\u0130PL\u0130N OLARAK FOTO\u011eRAF (A. Beyhan \u00d6ZDEM\u0130) \/ 55; KOMPOZ\u0130T VE KOLAJ FOTO\u011eRAFLAR \u00dcZER\u0130NE KISA B\u0130R BAKI\u015e (Olcay REYENT) \/ 59; BU D\u00dcNYADA S\u0130ZDEN \u00d6NCE B\u0130Z VARDIK (Foto \u00d6yk\u00fc) (Foto\u011fraf: A. Beyhan \u00d6ZDEM\u0130R, \u00d6yk\u00fc: G\u00f6n\u00fcl OCAK) \/ 64; MEK\u00c2NDA KAYBOLMA ALGISI: Liu BOLIN\u2019in \u00c7a\u011fda\u015f Sanat Prati\u011fi (Tu\u011fba KAYA) \/ 66; M\u0130MAR\u0130DE DUVAR SERAM\u0130KLER\u0130 (Sema OKAN TOPA\u00c7) \/ 69; M\u0130TOLOJ\u0130YE HAYAT VEREN B\u0130R SANAT\u00c7I: R. T. Bu\u011fra \u00d6ZER (Elif Z. BI\u00c7AKKIRAN) \/ 74; SERG\u0130: EM\u0130RHAN CANDAN (Se\u00e7ki: Meltem TEK\u0130N) \/ 78 \u00c7IRAK (\u0130brahim TI\u011e) \/ 83; BEN MEMO (Emine AYDO\u011eDU) \/ 84; GA\u0130A B\u0130Z\u0130 KORUSUN (Umut G\u00dcLER) \/ 87; ANADOLU (Ahmet \u00c7ORUMLU) \/ 89; \u00c7AYLAR NEREDE (Duran B\u0130LAL) \/ 89; S\u0130SL\u0130 PUSLU EVLER ROMANI \u0130NCELEMES\u0130 (Tacettin \u00c7ET\u0130N) \/ 90; SEVD\u0130\u011e\u0130M (Tacettin \u00c7ET\u0130N) \/ 91; KANADI KIRIK KU\u015eLAR (Zelda U\u00c7AR) \/ 92; SANATSAL B\u0130\u00c7\u0130MLEMEDE: ESTET\u0130\u011e\u0130N YEN\u0130 D\u0130L\u0130N\u0130 YAKALAMAK (Ahmet \u00d6ZBEK) \/93; PAVESE\u2019\u0130N G\u00dcNL\u00dc\u011e\u00dc (Ne\u015fe SNAET) \/ 95; KADIN MI (Hekim BAYINDIR) \/ 97; KIRMIZI B\u0130R KARANF\u0130L D\u00dc\u015eT\u00dc\u011e\u00dcNDE (\u0130lker Sedat D\u0130KE\u00c7) \/ 97; K\u00dc\u00c7\u00dcK B\u0130R KADIN (Franz KAFKA, \u00c7ev. Selin ALTUN) \/ 98; T\u00dcT\u00dcN A\u011eIDI (Hacer YILMAZ) \/ 102; SEND\u0130N (Nevin AKSU) \/ 103; yan\u0131t\u0131 gecikmi\u015f mektuplar\u0131n anla\u015f\u0131lmayan \u00e2nlar\u0131na -1 (Salih AYDEM\u0130R) \/ 104; VESTA (\u00d6zg\u00fcr K\u00e2inat \u00d6ZEL) \/ 106; YEN\u0130DEN (Burcu \u00c7ANCI G\u00dcNAL) \/ 107; EPEYCE B\u0130R S\u00dcRED\u0130R (\u0130smail Burak ERTURAN) \/ 108 <\/p>\n","protected":false},"excerpt":{"rendered":"<p>MYART\u2019\u0131n 6. Say\u0131s\u0131nda a\u015fa\u011f\u0131daki yaz\u0131lar bulunmaktad\u0131r: \u0130SK\u0130T SANATINDA B\u0130R BA\u015e YAPIT: CHERTOMLYK VAZOSU (Onur Y\u0130\u011e\u0130T) \/ 5; T\u0130MURLU VE BAB\u00dcRL\u00dc M\u0130MAR\u0130S\u0130: Pop\u00fcler Bir Klipin G\u00f6rsel Kaynaklar\u0131<span class=\"excerpt-hellip\"> [\u2026]<\/span><\/p>\n","protected":false},"featured_media":0,"template":"","meta":{"_monsterinsights_skip_tracking":false,"_monsterinsights_sitenote_active":false,"_monsterinsights_sitenote_note":"","_monsterinsights_sitenote_category":0},"product_brand":[],"product_cat":[30023,13527],"product_tag":[],"class_list":{"0":"post-770634","1":"product","2":"type-product","3":"status-publish","5":"product_cat-edebiyat-sureli-yayinlar","6":"product_cat-sureli-yayinlar","7":"pa_cilt-ciltsiz","8":"pa_tur-dergi","9":"pa_yayinevi-myrina-yayinlari","10":"pa_yazar-kolektif","12":"first","13":"instock","14":"sale","15":"shipping-taxable","16":"purchasable","17":"product-type-simple"},"_links":{"self":[{"href":"https:\/\/roveyayinevi.com.tr\/index.php\/wp-json\/wp\/v2\/product\/770634","targetHints":{"allow":["GET"]}}],"collection":[{"href":"https:\/\/roveyayinevi.com.tr\/index.php\/wp-json\/wp\/v2\/product"}],"about":[{"href":"https:\/\/roveyayinevi.com.tr\/index.php\/wp-json\/wp\/v2\/types\/product"}],"wp:attachment":[{"href":"https:\/\/roveyayinevi.com.tr\/index.php\/wp-json\/wp\/v2\/media?parent=770634"}],"wp:term":[{"taxonomy":"product_brand","embeddable":true,"href":"https:\/\/roveyayinevi.com.tr\/index.php\/wp-json\/wp\/v2\/product_brand?post=770634"},{"taxonomy":"product_cat","embeddable":true,"href":"https:\/\/roveyayinevi.com.tr\/index.php\/wp-json\/wp\/v2\/product_cat?post=770634"},{"taxonomy":"product_tag","embeddable":true,"href":"https:\/\/roveyayinevi.com.tr\/index.php\/wp-json\/wp\/v2\/product_tag?post=770634"}],"curies":[{"name":"wp","href":"https:\/\/api.w.org\/{rel}","templated":true}]}}