{"id":770633,"date":"2025-08-28T14:37:57","date_gmt":"2025-08-28T11:37:57","guid":{"rendered":"https:\/\/roveyayinevi.com.tr\/index.php\/urun\/tanir-yassihoyuk-kazilari-1-ciltli\/"},"modified":"2026-04-15T03:37:07","modified_gmt":"2026-04-15T00:37:07","slug":"tanir-yassihoyuk-kazilari-1-ciltli","status":"publish","type":"product","link":"https:\/\/roveyayinevi.com.tr\/index.php\/urun\/tanir-yassihoyuk-kazilari-1-ciltli\/","title":{"rendered":"Tan\u0131r Yass\u0131h\u00f6y\u00fck Kaz\u0131lar\u0131-1 (Ciltli)"},"content":{"rendered":"<p>Af\u015fin-Elbistan b\u00f6lgesinin b\u00fcy\u00fck boyutlu h\u00f6y\u00fcklerinden biri olan Tan\u0131r Yass\u0131h\u00f6y\u00fck, uzun vadeli \u00e7al\u0131\u015fmalarla arkeoloji bilimi a\u00e7\u0131s\u0131ndan \u00e7ok \u00f6nemli sonu\u00e7lar \u00fcretmeye aday yeni bir kaz\u0131d\u0131r. 2021 y\u0131l\u0131nda ba\u015flanana Tan\u0131r Yass\u0131h\u00f6y\u00fck kaz\u0131 \u00e7al\u0131\u015fmalar\u0131, beklentilerin \u00f6tesinde bir h\u0131zla ilerleme g\u00f6stermi\u015f M\u00d6 6000\u2019den MS 275 y\u0131l\u0131na kadar uzanan kesintisiz bir tabakalanma g\u00fcn y\u00fcz\u00fcne \u00e7\u0131karm\u0131\u015ft\u0131r. Her kaz\u0131 sezonu, \u015fa\u015f\u0131rtan yeni bulgular sunmaktad\u0131r. H\u00f6y\u00fckte, her biri kendi i\u00e7inde alt evrelere ayr\u0131lan dokuz d\u00f6nemlik bir stratigrafik silsile tespit edilmi\u015ftir. Yakla\u015f\u0131k alt\u0131 bin y\u0131l\u0131 kapsayan bu kesintisiz tabakalanmay\u0131, kesin kronolojik s\u0131n\u0131rlarla net bir \u015fekilde ortaya koymak mevcut a\u015famada hen\u00fcz m\u00fcmk\u00fcn olmam\u0131\u015ft\u0131r. Bununla birlikte, arkeoloji alan\u0131nda yeni yorumlar\u0131n ve perspektiflerin geli\u015fmesine katk\u0131 sa\u011flayacak bilimsel veriler mevcuttur. Bu kapsamda ba\u015flad\u0131\u011f\u0131m\u0131z \u201cTan\u0131r Yass\u0131h\u00f6y\u00fck Kaz\u0131lar\u0131-1\u201d adl\u0131 bu eser, ilerleyen s\u00fcre\u00e7te her d\u00f6neme ve tabakaya ili\u015fkin verilerin ayr\u0131nt\u0131l\u0131 olarak ele al\u0131naca\u011f\u0131 detayl\u0131 kaz\u0131 band\u0131 \u00e7al\u0131\u015fmalar\u0131n\u0131n ilk ad\u0131m\u0131n\u0131 olu\u015fturmaktad\u0131r. Bu kitapta Tan\u0131r Yass\u0131h\u00f6y\u00fck tan\u0131t\u0131larak, d\u00f6rt y\u0131ll\u0131k s\u00fcre\u00e7te edinilen bilgiler sunulmu\u015ftur. <\/p>\n","protected":false},"excerpt":{"rendered":"<p>Af\u015fin-Elbistan b\u00f6lgesinin b\u00fcy\u00fck boyutlu h\u00f6y\u00fcklerinden biri olan Tan\u0131r Yass\u0131h\u00f6y\u00fck, uzun vadeli \u00e7al\u0131\u015fmalarla arkeoloji bilimi a\u00e7\u0131s\u0131ndan \u00e7ok \u00f6nemli sonu\u00e7lar \u00fcretmeye aday yeni bir kaz\u0131d\u0131r. 2021 y\u0131l\u0131nda ba\u015flanana<span class=\"excerpt-hellip\"> [\u2026]<\/span><\/p>\n","protected":false},"featured_media":0,"template":"","meta":{"_monsterinsights_skip_tracking":false,"_monsterinsights_sitenote_active":false,"_monsterinsights_sitenote_note":"","_monsterinsights_sitenote_category":0},"product_brand":[],"product_cat":[52477,52478],"product_tag":[],"class_list":{"0":"post-770633","1":"product","2":"type-product","3":"status-publish","5":"product_cat-arastirma","6":"product_cat-arkeoloji","7":"pa_cilt-ciltli","8":"pa_tur-kitap","9":"pa_yayinevi-myrina-yayinlari","10":"pa_yazar-elif-basturk","12":"first","13":"instock","14":"sale","15":"shipping-taxable","16":"purchasable","17":"product-type-simple"},"_links":{"self":[{"href":"https:\/\/roveyayinevi.com.tr\/index.php\/wp-json\/wp\/v2\/product\/770633","targetHints":{"allow":["GET"]}}],"collection":[{"href":"https:\/\/roveyayinevi.com.tr\/index.php\/wp-json\/wp\/v2\/product"}],"about":[{"href":"https:\/\/roveyayinevi.com.tr\/index.php\/wp-json\/wp\/v2\/types\/product"}],"wp:attachment":[{"href":"https:\/\/roveyayinevi.com.tr\/index.php\/wp-json\/wp\/v2\/media?parent=770633"}],"wp:term":[{"taxonomy":"product_brand","embeddable":true,"href":"https:\/\/roveyayinevi.com.tr\/index.php\/wp-json\/wp\/v2\/product_brand?post=770633"},{"taxonomy":"product_cat","embeddable":true,"href":"https:\/\/roveyayinevi.com.tr\/index.php\/wp-json\/wp\/v2\/product_cat?post=770633"},{"taxonomy":"product_tag","embeddable":true,"href":"https:\/\/roveyayinevi.com.tr\/index.php\/wp-json\/wp\/v2\/product_tag?post=770633"}],"curies":[{"name":"wp","href":"https:\/\/api.w.org\/{rel}","templated":true}]}}