{"id":770632,"date":"2025-08-28T14:37:55","date_gmt":"2025-08-28T11:37:55","guid":{"rendered":"https:\/\/roveyayinevi.com.tr\/index.php\/urun\/nehir-2\/"},"modified":"2026-04-15T03:37:07","modified_gmt":"2026-04-15T00:37:07","slug":"nehir-2","status":"publish","type":"product","link":"https:\/\/roveyayinevi.com.tr\/index.php\/urun\/nehir-2\/","title":{"rendered":"Nehir"},"content":{"rendered":"<p>B\u00fct\u00fcn medeniyetlerin nehir kenarlar\u0131nda kurulmas\u0131 bo\u015funa de\u011fildir. Nehir hayatt\u0131r, cand\u0131r, medeniyettir, k\u00fclt\u00fcrd\u00fcr. \u00d6zg\u00fcr K\u00e2inat \u00d6zel\u2019in \u201cNehir\u201d roman\u0131nda nehir; bir dost, bir arkada\u015f, s\u0131rda\u015f dertlerimizi dinleyen bir psikolog, bulu\u015fma yeri, dinlenme yeri ve huzur bulma yeridir. Do\u011fan\u0131n e\u015fsiz bir par\u00e7as\u0131, medeniyetlerin be\u015fi\u011fi ve d\u00fcnyan\u0131n dire\u011fidir nehir\u2026 Nehir\u2019i okurken, a\u015fk, dram, cinsellik, d\u00fc\u015f k\u0131r\u0131klar\u0131, bilgelik ve umutla tan\u0131\u015facaks\u0131n\u0131z. Nehir, \u015fiirsel, felsefi, sanatsal, tanr\u0131sal, evrensel varolu\u015f ve yok olu\u015f ger\u00e7e\u011fi ile do\u011fum, ya\u015fam, \u00f6l\u00fcm ve \u00f6l\u00fcms\u00fczl\u00fck yolculu\u011funa sizi davet ediyor. En \u00f6nemlisi size MEFRAKEN\u2019i; Evrensel Varl\u0131k Haklar\u0131 Bildirgesi\u2019ni sunuyor. Nehir ile b\u00fcy\u00fck ve uzun bir yolculu\u011fa \u00e7\u0131kmaya haz\u0131r m\u0131s\u0131n\u0131z? <\/p>\n","protected":false},"excerpt":{"rendered":"<p>B\u00fct\u00fcn medeniyetlerin nehir kenarlar\u0131nda kurulmas\u0131 bo\u015funa de\u011fildir. Nehir hayatt\u0131r, cand\u0131r, medeniyettir, k\u00fclt\u00fcrd\u00fcr. \u00d6zg\u00fcr K\u00e2inat \u00d6zel\u2019in \u201cNehir\u201d roman\u0131nda nehir; bir dost, bir arkada\u015f, s\u0131rda\u015f dertlerimizi dinleyen bir<span class=\"excerpt-hellip\"> [\u2026]<\/span><\/p>\n","protected":false},"featured_media":0,"template":"","meta":{"_monsterinsights_skip_tracking":false,"_monsterinsights_sitenote_active":false,"_monsterinsights_sitenote_note":"","_monsterinsights_sitenote_category":0},"product_brand":[],"product_cat":[12291,12711],"product_tag":[],"class_list":{"0":"post-770632","1":"product","2":"type-product","3":"status-publish","5":"product_cat-edebiyat","6":"product_cat-roman-oyku","7":"pa_cilt-ciltsiz","8":"pa_tur-kitap","9":"pa_yayinevi-alden-yayinlari","10":"pa_yazar-ozgur-kainat-ozel","12":"first","13":"instock","14":"sale","15":"shipping-taxable","16":"purchasable","17":"product-type-simple"},"_links":{"self":[{"href":"https:\/\/roveyayinevi.com.tr\/index.php\/wp-json\/wp\/v2\/product\/770632","targetHints":{"allow":["GET"]}}],"collection":[{"href":"https:\/\/roveyayinevi.com.tr\/index.php\/wp-json\/wp\/v2\/product"}],"about":[{"href":"https:\/\/roveyayinevi.com.tr\/index.php\/wp-json\/wp\/v2\/types\/product"}],"wp:attachment":[{"href":"https:\/\/roveyayinevi.com.tr\/index.php\/wp-json\/wp\/v2\/media?parent=770632"}],"wp:term":[{"taxonomy":"product_brand","embeddable":true,"href":"https:\/\/roveyayinevi.com.tr\/index.php\/wp-json\/wp\/v2\/product_brand?post=770632"},{"taxonomy":"product_cat","embeddable":true,"href":"https:\/\/roveyayinevi.com.tr\/index.php\/wp-json\/wp\/v2\/product_cat?post=770632"},{"taxonomy":"product_tag","embeddable":true,"href":"https:\/\/roveyayinevi.com.tr\/index.php\/wp-json\/wp\/v2\/product_tag?post=770632"}],"curies":[{"name":"wp","href":"https:\/\/api.w.org\/{rel}","templated":true}]}}