{"id":770630,"date":"2025-08-28T14:37:50","date_gmt":"2025-08-28T11:37:50","guid":{"rendered":"https:\/\/roveyayinevi.com.tr\/index.php\/urun\/ihyau-ulumid-din-muhtasar\/"},"modified":"2026-04-15T03:37:07","modified_gmt":"2026-04-15T00:37:07","slug":"ihyau-ulumid-din-muhtasar","status":"publish","type":"product","link":"https:\/\/roveyayinevi.com.tr\/index.php\/urun\/ihyau-ulumid-din-muhtasar\/","title":{"rendered":"\u0130hyau Ulumi&#8217;d-Din (muhtasar)"},"content":{"rendered":"<p>\u0130hy\u00e2u Ul\u00fbmi\u2019d-D\u00een, \u0130mam Gazal\u00ee\u2019nin Ba\u011fdat\u2019\u0131 terk ederek kendini tefekk\u00fcre ve deruni bilgiye verdi\u011fi d\u00f6nemin en \u00f6nemli \u00fcr\u00fcn\u00fc ve dini, ahlaki, felsefi, tasavvufi muhtevas\u0131yla \u0130slam d\u00fc\u015f\u00fcncesinin en dikkat \u00e7ekici eserlerinden biridir. Hem \u0130slam co\u011frafyas\u0131nda hem de Bat\u0131\u2019da \u00e7ok fazla dikkat \u00e7ekmi\u015ftir. Bug\u00fcn b\u00fct\u00fcn d\u00fcnyan\u0131n okudu\u011fu kaynak eser olma \u00f6zelli\u011fi ta\u015f\u0131maktad\u0131r. \u0130hy\u00e2, dini konular\u0131n tasavvuf\u00ee a\u00e7\u0131dan ele al\u0131nd\u0131\u011f\u0131, tasavvufun teorik yakla\u015f\u0131m ve yorumlar\u0131n\u0131 pratik dini uygulamalara yans\u0131tma gayretidir. Yani, \u0130hy\u00e2, ibadetlerin ruh ve m\u00e2n\u00e2s\u0131n\u0131n kavranmas\u0131na y\u00f6nelik bir gayreti ifade eder. Bu bak\u0131mdan \u0130hy\u00e2 bir \u0131slah \u00e7al\u0131\u015fmas\u0131d\u0131r. \u0130hy\u00e2, bir taraftan ibadetin alt s\u0131n\u0131r\u0131n\u0131 \u00e7izip insanlar\u0131 \u00fcmitlendirmekte, di\u011fer taraftan da onlar\u0131n zirvesini g\u00f6sterip m\u00fc\u2019minleri te\u015fvik etmekte ve zirvenin yol haritas\u0131n\u0131 \u00e7izmektedir. Bu bak\u0131mdan her M\u00fcsl\u00fcman\u0131n \u0130hy\u00e2\u2019dan alaca\u011f\u0131 \u00e7ok \u015fey vard\u0131r.   *** Elinizdeki bu eser, g\u00fcn\u00fcm\u00fcz okurunun \u0130hy\u00e2u Ul\u00fbmi\u2019d-D\u00een ile bulu\u015fmas\u0131n\u0131 sa\u011flamak amac\u0131yla muhtasar (\u00f6zet) olarak haz\u0131rland\u0131. Bu eser, asr\u0131n m\u00fcceddidi H\u00fcccet\u00fc\u2019l \u0130slam \u0130mam Gazal\u00ee\u2019yi ve fikirlerini daha yak\u0131ndan tan\u0131man\u0131za vesile olacak.  <\/p>\n","protected":false},"excerpt":{"rendered":"<p>\u0130hy\u00e2u Ul\u00fbmi\u2019d-D\u00een, \u0130mam Gazal\u00ee\u2019nin Ba\u011fdat\u2019\u0131 terk ederek kendini tefekk\u00fcre ve deruni bilgiye verdi\u011fi d\u00f6nemin en \u00f6nemli \u00fcr\u00fcn\u00fc ve dini, ahlaki, felsefi, tasavvufi muhtevas\u0131yla \u0130slam d\u00fc\u015f\u00fcncesinin en<span class=\"excerpt-hellip\"> [\u2026]<\/span><\/p>\n","protected":false},"featured_media":0,"template":"","meta":{"_monsterinsights_skip_tracking":false,"_monsterinsights_sitenote_active":false,"_monsterinsights_sitenote_note":"","_monsterinsights_sitenote_category":0},"product_brand":[],"product_cat":[12718,12719],"product_tag":[],"class_list":{"0":"post-770630","1":"product","2":"type-product","3":"status-publish","5":"product_cat-din","6":"product_cat-islam","7":"pa_cilt-ciltsiz","8":"pa_tur-kitap","9":"pa_yayinevi-nesil-yayinlari","10":"pa_yazar-imam-gazali","12":"first","13":"instock","14":"sale","15":"shipping-taxable","16":"purchasable","17":"product-type-simple"},"_links":{"self":[{"href":"https:\/\/roveyayinevi.com.tr\/index.php\/wp-json\/wp\/v2\/product\/770630","targetHints":{"allow":["GET"]}}],"collection":[{"href":"https:\/\/roveyayinevi.com.tr\/index.php\/wp-json\/wp\/v2\/product"}],"about":[{"href":"https:\/\/roveyayinevi.com.tr\/index.php\/wp-json\/wp\/v2\/types\/product"}],"wp:attachment":[{"href":"https:\/\/roveyayinevi.com.tr\/index.php\/wp-json\/wp\/v2\/media?parent=770630"}],"wp:term":[{"taxonomy":"product_brand","embeddable":true,"href":"https:\/\/roveyayinevi.com.tr\/index.php\/wp-json\/wp\/v2\/product_brand?post=770630"},{"taxonomy":"product_cat","embeddable":true,"href":"https:\/\/roveyayinevi.com.tr\/index.php\/wp-json\/wp\/v2\/product_cat?post=770630"},{"taxonomy":"product_tag","embeddable":true,"href":"https:\/\/roveyayinevi.com.tr\/index.php\/wp-json\/wp\/v2\/product_tag?post=770630"}],"curies":[{"name":"wp","href":"https:\/\/api.w.org\/{rel}","templated":true}]}}