{"id":770627,"date":"2025-08-28T14:36:52","date_gmt":"2025-08-28T11:36:52","guid":{"rendered":"https:\/\/roveyayinevi.com.tr\/index.php\/urun\/yok-olus-3\/"},"modified":"2026-04-15T03:37:07","modified_gmt":"2026-04-15T00:37:07","slug":"yok-olus-3","status":"publish","type":"product","link":"https:\/\/roveyayinevi.com.tr\/index.php\/urun\/yok-olus-3\/","title":{"rendered":"Yok Olu\u015f"},"content":{"rendered":"<p>GEZEGEN\u0130N EN B\u00dcY\u00dcK HASTALI\u011eI; \u0130NSAN           \u201cNeden insanlar vaat edilmi\u015f bir gelecek i\u00e7in \u015fimdilerini feda etmek zorunda kal\u0131yorlar hep? Ya o vaat edilen \u015fey, ya\u015fad\u0131\u011f\u0131m\u0131z anda, ac\u0131mas\u0131zca ak\u0131p giden her saniyede bir yerlerdeyse!\u201d           \u201c\u0130nsano\u011flu, bir \u015fekilde ya\u015fad\u0131\u011f\u0131 her k\u0131yameti atlatsa bile kendine yeni bir k\u0131yamet yaratacak kadar ac\u0131mas\u0131z ve ilkel duygular bar\u0131nd\u0131r\u0131yordu b\u00fcnyesinde.\u201d Yok Olu\u015f kitab\u0131n\u0131n devam\u0131 niteli\u011findeki roman, birinci kitab\u0131n soluksuz ak\u0131p giden distopik kurgusunu katlayarak okuyucular\u0131n\u0131 nefes kesen, al\u0131\u015f\u0131lm\u0131\u015f\u0131n d\u0131\u015f\u0131nda ve kitab\u0131 ellerinden b\u0131rakamayacaklar\u0131 yeni bir ser\u00fcvenin i\u00e7ine \u00e7ekiyor.<\/p>\n","protected":false},"excerpt":{"rendered":"<p>GEZEGEN\u0130N EN B\u00dcY\u00dcK HASTALI\u011eI; \u0130NSAN \u201cNeden insanlar vaat edilmi\u015f bir gelecek i\u00e7in \u015fimdilerini feda etmek zorunda kal\u0131yorlar hep? Ya o vaat edilen \u015fey, ya\u015fad\u0131\u011f\u0131m\u0131z anda, ac\u0131mas\u0131zca<span class=\"excerpt-hellip\"> [\u2026]<\/span><\/p>\n","protected":false},"featured_media":0,"template":"","meta":{"_monsterinsights_skip_tracking":false,"_monsterinsights_sitenote_active":false,"_monsterinsights_sitenote_note":"","_monsterinsights_sitenote_category":0},"product_brand":[],"product_cat":[12291,14777],"product_tag":[],"class_list":{"0":"post-770627","1":"product","2":"type-product","3":"status-publish","5":"product_cat-edebiyat","6":"product_cat-fantastik","7":"pa_cilt-ciltsiz","8":"pa_tur-kitap","9":"pa_yayinevi-elpis-yayinlari","10":"pa_yazar-ufuk-yilmaz","12":"first","13":"instock","14":"sale","15":"shipping-taxable","16":"purchasable","17":"product-type-simple"},"_links":{"self":[{"href":"https:\/\/roveyayinevi.com.tr\/index.php\/wp-json\/wp\/v2\/product\/770627","targetHints":{"allow":["GET"]}}],"collection":[{"href":"https:\/\/roveyayinevi.com.tr\/index.php\/wp-json\/wp\/v2\/product"}],"about":[{"href":"https:\/\/roveyayinevi.com.tr\/index.php\/wp-json\/wp\/v2\/types\/product"}],"wp:attachment":[{"href":"https:\/\/roveyayinevi.com.tr\/index.php\/wp-json\/wp\/v2\/media?parent=770627"}],"wp:term":[{"taxonomy":"product_brand","embeddable":true,"href":"https:\/\/roveyayinevi.com.tr\/index.php\/wp-json\/wp\/v2\/product_brand?post=770627"},{"taxonomy":"product_cat","embeddable":true,"href":"https:\/\/roveyayinevi.com.tr\/index.php\/wp-json\/wp\/v2\/product_cat?post=770627"},{"taxonomy":"product_tag","embeddable":true,"href":"https:\/\/roveyayinevi.com.tr\/index.php\/wp-json\/wp\/v2\/product_tag?post=770627"}],"curies":[{"name":"wp","href":"https:\/\/api.w.org\/{rel}","templated":true}]}}