{"id":770625,"date":"2025-08-28T14:36:47","date_gmt":"2025-08-28T11:36:47","guid":{"rendered":"https:\/\/roveyayinevi.com.tr\/index.php\/urun\/kayip-zamanin-mucidi\/"},"modified":"2026-04-15T03:37:07","modified_gmt":"2026-04-15T00:37:07","slug":"kayip-zamanin-mucidi","status":"publish","type":"product","link":"https:\/\/roveyayinevi.com.tr\/index.php\/urun\/kayip-zamanin-mucidi\/","title":{"rendered":"Kay\u0131p Zaman\u0131n Mucidi"},"content":{"rendered":"<p>Zaman\u2026 Ak\u0131p giden, geri d\u00f6nd\u00fcr\u00fclemez, elimizden kay\u0131p giden bir nehir gibi. Onu \u00f6l\u00e7eriz, planlar\u0131z, par\u00e7alar\u0131na ay\u0131r\u0131r\u0131z; ama hi\u00e7bir zaman ona tam anlam\u0131yla h\u00fckmedemeyiz. Ge\u00e7mi\u015f, biz fark\u0131na varmadan zihnimizin derinliklerine k\u00f6k salar. An\u0131lar, bazen bir s\u0131\u011f\u0131nak, bazen ise ka\u00e7amad\u0131\u011f\u0131m\u0131z bir labirente d\u00f6n\u00fc\u015f\u00fcr. Peki ya ge\u00e7mi\u015fe dokunabilseydik? Ya\u015fanm\u0131\u015f anlar\u0131 yaln\u0131zca hat\u0131rlamakla kalmay\u0131p onlar\u0131 yeniden g\u00f6rebilseydik? O zaman zaman\u0131n efendisi mi olurduk yoksa onun k\u00f6lesi mi?   Bu kitap, ge\u00e7mi\u015fle y\u00fczle\u015fmenin \u00f6zg\u00fcrle\u015ftirici ama ayn\u0131 zamanda y\u0131k\u0131c\u0131 olabilece\u011fini anlat\u0131yor. Kendi ge\u00e7mi\u015fine saplan\u0131p kalm\u0131\u015f bir adam\u0131n, icat etti\u011fi bir makineyle yaln\u0131zca an\u0131lara de\u011fil, insan ruhunun en karanl\u0131k k\u00f6\u015felerine yolculuk edi\u015fine tan\u0131k olacaks\u0131n\u0131z. Ge\u00e7mi\u015fe bakmak, bir cevap aray\u0131\u015f\u0131 m\u0131d\u0131r yoksa ger\u00e7e\u011fin a\u011f\u0131rl\u0131\u011f\u0131yla y\u00fczle\u015fmeye haz\u0131r olup olmad\u0131\u011f\u0131m\u0131z\u0131 test eden bir s\u0131nav m\u0131?   Kay\u0131p Zaman\u0131n Mucidi, bir icad\u0131n \u00f6tesinde, insan olman\u0131n, hat\u0131ralar\u0131n ve ka\u00e7\u0131n\u0131lmaz hesapla\u015fmalar\u0131n hik\u00e2yesidir. \u00c7\u00fcnk\u00fc bazen en b\u00fcy\u00fck ke\u015fifler, d\u0131\u015f d\u00fcnyada de\u011fil, zihnimizin en derinlerinde sakl\u0131d\u0131r.   \u015eimdi bir se\u00e7im yapma zaman\u0131: Ge\u00e7mi\u015fe bakmaya cesaretin var m\u0131?<\/p>\n","protected":false},"excerpt":{"rendered":"<p>Zaman\u2026 Ak\u0131p giden, geri d\u00f6nd\u00fcr\u00fclemez, elimizden kay\u0131p giden bir nehir gibi. Onu \u00f6l\u00e7eriz, planlar\u0131z, par\u00e7alar\u0131na ay\u0131r\u0131r\u0131z; ama hi\u00e7bir zaman ona tam anlam\u0131yla h\u00fckmedemeyiz. Ge\u00e7mi\u015f, biz fark\u0131na<span class=\"excerpt-hellip\"> [\u2026]<\/span><\/p>\n","protected":false},"featured_media":0,"template":"","meta":{"_monsterinsights_skip_tracking":false,"_monsterinsights_sitenote_active":false,"_monsterinsights_sitenote_note":"","_monsterinsights_sitenote_category":0},"product_brand":[],"product_cat":[12540,12291],"product_tag":[],"class_list":{"0":"post-770625","1":"product","2":"type-product","3":"status-publish","5":"product_cat-bilim-kurgu","6":"product_cat-edebiyat","7":"pa_cilt-ciltsiz","8":"pa_tur-kitap","9":"pa_yayinevi-elpis-yayinlari","10":"pa_yazar-tarik-disli","12":"first","13":"instock","14":"sale","15":"shipping-taxable","16":"purchasable","17":"product-type-simple"},"_links":{"self":[{"href":"https:\/\/roveyayinevi.com.tr\/index.php\/wp-json\/wp\/v2\/product\/770625","targetHints":{"allow":["GET"]}}],"collection":[{"href":"https:\/\/roveyayinevi.com.tr\/index.php\/wp-json\/wp\/v2\/product"}],"about":[{"href":"https:\/\/roveyayinevi.com.tr\/index.php\/wp-json\/wp\/v2\/types\/product"}],"wp:attachment":[{"href":"https:\/\/roveyayinevi.com.tr\/index.php\/wp-json\/wp\/v2\/media?parent=770625"}],"wp:term":[{"taxonomy":"product_brand","embeddable":true,"href":"https:\/\/roveyayinevi.com.tr\/index.php\/wp-json\/wp\/v2\/product_brand?post=770625"},{"taxonomy":"product_cat","embeddable":true,"href":"https:\/\/roveyayinevi.com.tr\/index.php\/wp-json\/wp\/v2\/product_cat?post=770625"},{"taxonomy":"product_tag","embeddable":true,"href":"https:\/\/roveyayinevi.com.tr\/index.php\/wp-json\/wp\/v2\/product_tag?post=770625"}],"curies":[{"name":"wp","href":"https:\/\/api.w.org\/{rel}","templated":true}]}}