{"id":770624,"date":"2025-08-28T14:36:45","date_gmt":"2025-08-28T11:36:45","guid":{"rendered":"https:\/\/roveyayinevi.com.tr\/index.php\/urun\/gucum-yetene-kadar\/"},"modified":"2026-04-15T03:37:07","modified_gmt":"2026-04-15T00:37:07","slug":"gucum-yetene-kadar","status":"publish","type":"product","link":"https:\/\/roveyayinevi.com.tr\/index.php\/urun\/gucum-yetene-kadar\/","title":{"rendered":"G\u00fcc\u00fcm Yetene Kadar"},"content":{"rendered":"<p>\u201cZaman m\u0131 de\u011fi\u015ftirdi yoksa ya\u015fad\u0131klar\u0131m\u0131z m\u0131? Belki de hi\u00e7biri. Sen de\u011fi\u015ftirdin beni. Ama bu \u00f6yle kolay olmad\u0131. \u00d6nce direndim. Kabullenemedim olanlar\u0131. G\u00f6rmez, konu\u015fmaz, y\u00fcr\u00fcmez, anlamaz denilen bir bebek b\u0131rakm\u0131\u015flard\u0131 kuca\u011f\u0131ma. O\u011flumla gelece\u011fe dair d\u00fc\u015fledi\u011fim hi\u00e7bir \u015feyi ger\u00e7ekle\u015ftiremeyecektik. Ya\u015fama amac\u0131m\u0131 kaybetmi\u015ftim. Bu nedenle ne yapaca\u011f\u0131m\u0131 bilemedim uzun bir s\u00fcre. Sonra fark ettim ki yepyeni bir yol var \u00f6n\u00fcmde. Ya daha \u00f6nce tan\u0131d\u0131\u011f\u0131m hi\u00e7 kimsenin gitmedi\u011fi, nereye \u00e7\u0131kaca\u011f\u0131n\u0131 bilmedi\u011fim bu yola girecek ya da d\u00fc\u015ft\u00fc\u011f\u00fcm karanl\u0131kta bir \u00f6m\u00fcr boyu kalacakt\u0131m. \u015eimdi d\u00fc\u015f\u00fcn\u00fcyorum da&#8230; Me\u011fer gelece\u011fimizin belirlendi\u011fi yol ayr\u0131m\u0131ym\u0131\u015f bu karar.\u201d<\/p>\n","protected":false},"excerpt":{"rendered":"<p>\u201cZaman m\u0131 de\u011fi\u015ftirdi yoksa ya\u015fad\u0131klar\u0131m\u0131z m\u0131? Belki de hi\u00e7biri. Sen de\u011fi\u015ftirdin beni. Ama bu \u00f6yle kolay olmad\u0131. \u00d6nce direndim. Kabullenemedim olanlar\u0131. G\u00f6rmez, konu\u015fmaz, y\u00fcr\u00fcmez, anlamaz denilen<span class=\"excerpt-hellip\"> [\u2026]<\/span><\/p>\n","protected":false},"featured_media":0,"template":"","meta":{"_monsterinsights_skip_tracking":false,"_monsterinsights_sitenote_active":false,"_monsterinsights_sitenote_note":"","_monsterinsights_sitenote_category":0},"product_brand":[],"product_cat":[12291,12711],"product_tag":[],"class_list":{"0":"post-770624","1":"product","2":"type-product","3":"status-publish","5":"product_cat-edebiyat","6":"product_cat-roman-oyku","7":"pa_cilt-ciltsiz","8":"pa_tur-kitap","9":"pa_yayinevi-elpis-yayinlari","10":"pa_yazar-burcin-onen","12":"first","13":"instock","14":"sale","15":"shipping-taxable","16":"purchasable","17":"product-type-simple"},"_links":{"self":[{"href":"https:\/\/roveyayinevi.com.tr\/index.php\/wp-json\/wp\/v2\/product\/770624","targetHints":{"allow":["GET"]}}],"collection":[{"href":"https:\/\/roveyayinevi.com.tr\/index.php\/wp-json\/wp\/v2\/product"}],"about":[{"href":"https:\/\/roveyayinevi.com.tr\/index.php\/wp-json\/wp\/v2\/types\/product"}],"wp:attachment":[{"href":"https:\/\/roveyayinevi.com.tr\/index.php\/wp-json\/wp\/v2\/media?parent=770624"}],"wp:term":[{"taxonomy":"product_brand","embeddable":true,"href":"https:\/\/roveyayinevi.com.tr\/index.php\/wp-json\/wp\/v2\/product_brand?post=770624"},{"taxonomy":"product_cat","embeddable":true,"href":"https:\/\/roveyayinevi.com.tr\/index.php\/wp-json\/wp\/v2\/product_cat?post=770624"},{"taxonomy":"product_tag","embeddable":true,"href":"https:\/\/roveyayinevi.com.tr\/index.php\/wp-json\/wp\/v2\/product_tag?post=770624"}],"curies":[{"name":"wp","href":"https:\/\/api.w.org\/{rel}","templated":true}]}}